{"id":5757178,"date":"2026-02-12T14:08:10","date_gmt":"2026-02-12T13:08:10","guid":{"rendered":"https:\/\/stoic-curie.212-227-153-4.plesk.page\/product\/camiseta-musto-crew-sunblock-tamanho-2xl-azul-marinho\/"},"modified":"2026-02-25T00:28:46","modified_gmt":"2026-02-25T00:28:46","slug":"camiseta-musto-crew-sunblock-tamanho-2xl-azul-marinho","status":"publish","type":"product","link":"https:\/\/stoic-curie.212-227-153-4.plesk.page\/pt\/product\/camiseta-musto-crew-sunblock-tamanho-2xl-azul-marinho\/","title":{"rendered":"Camiseta Musto Crew Sunblock &#8211; Tamanho 2XL &#8211; Azul Marinho"},"content":{"rendered":"<p>Camiseta Musto Crew Sunblock &#8211; Tamanho 2XL &#8211; Azul Marinho &#8211; <\/p>\n<p>A Camiseta Musto Crew Sunblock \u00e9 feita de poli\u00e9ster e elastano UPF50, proporcionando excelente prote\u00e7\u00e3o contra a exposi\u00e7\u00e3o intensa ao sol. As costuras planas s\u00e3o quase impercept\u00edveis em sua pele, garantindo o m\u00e1ximo conforto. <a>Clique aqui<\/a> para verificar o tamanho exato:<\/p>\n","protected":false},"excerpt":{"rendered":"<p>Camiseta Musto Crew Sunblock &#8211; Tamanho 2XL &#8211; Azul Marinho &#8211; A Camiseta Musto Crew Sunblock \u00e9 feita de poli\u00e9ster<\/p>\n","protected":false},"featured_media":5753281,"comment_status":"open","ping_status":"closed","template":"","meta":[],"product_brand":[3157],"product_cat":[2141],"product_tag":[],"class_list":{"0":"post-5757178","1":"product","2":"type-product","3":"status-publish","4":"has-post-thumbnail","6":"product_brand-musto-pt","7":"product_cat-vestuario-de-vela-musto","9":"first","10":"instock","11":"shipping-taxable","12":"purchasable","13":"product-type-simple"},"_links":{"self":[{"href":"https:\/\/stoic-curie.212-227-153-4.plesk.page\/pt\/wp-json\/wp\/v2\/product\/5757178","targetHints":{"allow":["GET"]}}],"collection":[{"href":"https:\/\/stoic-curie.212-227-153-4.plesk.page\/pt\/wp-json\/wp\/v2\/product"}],"about":[{"href":"https:\/\/stoic-curie.212-227-153-4.plesk.page\/pt\/wp-json\/wp\/v2\/types\/product"}],"replies":[{"embeddable":true,"href":"https:\/\/stoic-curie.212-227-153-4.plesk.page\/pt\/wp-json\/wp\/v2\/comments?post=5757178"}],"version-history":[{"count":0,"href":"https:\/\/stoic-curie.212-227-153-4.plesk.page\/pt\/wp-json\/wp\/v2\/product\/5757178\/revisions"}],"wp:featuredmedia":[{"embeddable":true,"href":"https:\/\/stoic-curie.212-227-153-4.plesk.page\/pt\/wp-json\/wp\/v2\/media\/5753281"}],"wp:attachment":[{"href":"https:\/\/stoic-curie.212-227-153-4.plesk.page\/pt\/wp-json\/wp\/v2\/media?parent=5757178"}],"wp:term":[{"taxonomy":"product_brand","embeddable":true,"href":"https:\/\/stoic-curie.212-227-153-4.plesk.page\/pt\/wp-json\/wp\/v2\/product_brand?post=5757178"},{"taxonomy":"product_cat","embeddable":true,"href":"https:\/\/stoic-curie.212-227-153-4.plesk.page\/pt\/wp-json\/wp\/v2\/product_cat?post=5757178"},{"taxonomy":"product_tag","embeddable":true,"href":"https:\/\/stoic-curie.212-227-153-4.plesk.page\/pt\/wp-json\/wp\/v2\/product_tag?post=5757178"}],"curies":[{"name":"wp","href":"https:\/\/api.w.org\/{rel}","templated":true}]}}