{"id":5757184,"date":"2026-02-12T14:08:15","date_gmt":"2026-02-12T13:08:15","guid":{"rendered":"https:\/\/stoic-curie.212-227-153-4.plesk.page\/product\/camiseta-musto-crew-sunblock-feminina-tamanho-l-branca\/"},"modified":"2026-02-25T00:28:46","modified_gmt":"2026-02-25T00:28:46","slug":"camiseta-musto-crew-sunblock-feminina-tamanho-l-branca","status":"publish","type":"product","link":"https:\/\/stoic-curie.212-227-153-4.plesk.page\/pt\/product\/camiseta-musto-crew-sunblock-feminina-tamanho-l-branca\/","title":{"rendered":"Camiseta Musto Crew Sunblock Feminina &#8211; Tamanho L &#8211; Branca"},"content":{"rendered":"<p>Camiseta Musto Crew Sunblock Feminina &#8211; Tamanho L &#8211; Branca &#8211; <\/p>\n<p>A Camiseta Musto Crew Sunblock \u00e9 feita de poli\u00e9ster e elastano UPF50, proporcionando prote\u00e7\u00e3o excepcional contra a intensa exposi\u00e7\u00e3o ao sol. Suas costuras flatlock s\u00e3o quase impercept\u00edveis na pele, garantindo conforto ao longo do dia. <a>Clique aqui para verificar o tamanho exato.<\/a><\/p>\n","protected":false},"excerpt":{"rendered":"<p>Camiseta Musto Crew Sunblock Feminina &#8211; Tamanho L &#8211; Branca &#8211; A Camiseta Musto Crew Sunblock \u00e9 feita de poli\u00e9ster<\/p>\n","protected":false},"featured_media":5753353,"comment_status":"open","ping_status":"closed","template":"","meta":[],"product_brand":[3157],"product_cat":[2141],"product_tag":[],"class_list":{"0":"post-5757184","1":"product","2":"type-product","3":"status-publish","4":"has-post-thumbnail","6":"product_brand-musto-pt","7":"product_cat-vestuario-de-vela-musto","9":"first","10":"instock","11":"shipping-taxable","12":"purchasable","13":"product-type-simple"},"_links":{"self":[{"href":"https:\/\/stoic-curie.212-227-153-4.plesk.page\/pt\/wp-json\/wp\/v2\/product\/5757184","targetHints":{"allow":["GET"]}}],"collection":[{"href":"https:\/\/stoic-curie.212-227-153-4.plesk.page\/pt\/wp-json\/wp\/v2\/product"}],"about":[{"href":"https:\/\/stoic-curie.212-227-153-4.plesk.page\/pt\/wp-json\/wp\/v2\/types\/product"}],"replies":[{"embeddable":true,"href":"https:\/\/stoic-curie.212-227-153-4.plesk.page\/pt\/wp-json\/wp\/v2\/comments?post=5757184"}],"version-history":[{"count":0,"href":"https:\/\/stoic-curie.212-227-153-4.plesk.page\/pt\/wp-json\/wp\/v2\/product\/5757184\/revisions"}],"wp:featuredmedia":[{"embeddable":true,"href":"https:\/\/stoic-curie.212-227-153-4.plesk.page\/pt\/wp-json\/wp\/v2\/media\/5753353"}],"wp:attachment":[{"href":"https:\/\/stoic-curie.212-227-153-4.plesk.page\/pt\/wp-json\/wp\/v2\/media?parent=5757184"}],"wp:term":[{"taxonomy":"product_brand","embeddable":true,"href":"https:\/\/stoic-curie.212-227-153-4.plesk.page\/pt\/wp-json\/wp\/v2\/product_brand?post=5757184"},{"taxonomy":"product_cat","embeddable":true,"href":"https:\/\/stoic-curie.212-227-153-4.plesk.page\/pt\/wp-json\/wp\/v2\/product_cat?post=5757184"},{"taxonomy":"product_tag","embeddable":true,"href":"https:\/\/stoic-curie.212-227-153-4.plesk.page\/pt\/wp-json\/wp\/v2\/product_tag?post=5757184"}],"curies":[{"name":"wp","href":"https:\/\/api.w.org\/{rel}","templated":true}]}}