{"id":5757191,"date":"2026-02-12T14:08:20","date_gmt":"2026-02-12T13:08:20","guid":{"rendered":"https:\/\/stoic-curie.212-227-153-4.plesk.page\/product\/polo-musto-crew-sunblock-tamanho-l-branco\/"},"modified":"2026-02-25T00:28:46","modified_gmt":"2026-02-25T00:28:46","slug":"polo-musto-crew-sunblock-tamanho-l-branco","status":"publish","type":"product","link":"https:\/\/stoic-curie.212-227-153-4.plesk.page\/pt\/product\/polo-musto-crew-sunblock-tamanho-l-branco\/","title":{"rendered":"Polo Musto Crew Sunblock Tamanho L &#8211; Branco"},"content":{"rendered":"<p>Polo Musto Crew Sunblock Tamanho L &#8211; Branco &#8211; <\/p>\n<p>A Polo Musto Crew Sunblock apresenta uma constru\u00e7\u00e3o not\u00e1vel em poli\u00e9ster e elastano UPF50, proporcionando m\u00e1xima prote\u00e7\u00e3o contra a exposi\u00e7\u00e3o intensa ao sol. As costuras planas s\u00e3o praticamente impercept\u00edveis na sua pele, garantindo conforto total. <a>Clique aqui para verificar o tamanho exato:<\/a><\/p>\n","protected":false},"excerpt":{"rendered":"<p>Polo Musto Crew Sunblock Tamanho L &#8211; Branco &#8211; A Polo Musto Crew Sunblock apresenta uma constru\u00e7\u00e3o not\u00e1vel em poli\u00e9ster<\/p>\n","protected":false},"featured_media":5753401,"comment_status":"open","ping_status":"closed","template":"","meta":[],"product_brand":[3157],"product_cat":[2141],"product_tag":[],"class_list":{"0":"post-5757191","1":"product","2":"type-product","3":"status-publish","4":"has-post-thumbnail","6":"product_brand-musto-pt","7":"product_cat-vestuario-de-vela-musto","9":"first","10":"instock","11":"shipping-taxable","12":"purchasable","13":"product-type-simple"},"_links":{"self":[{"href":"https:\/\/stoic-curie.212-227-153-4.plesk.page\/pt\/wp-json\/wp\/v2\/product\/5757191","targetHints":{"allow":["GET"]}}],"collection":[{"href":"https:\/\/stoic-curie.212-227-153-4.plesk.page\/pt\/wp-json\/wp\/v2\/product"}],"about":[{"href":"https:\/\/stoic-curie.212-227-153-4.plesk.page\/pt\/wp-json\/wp\/v2\/types\/product"}],"replies":[{"embeddable":true,"href":"https:\/\/stoic-curie.212-227-153-4.plesk.page\/pt\/wp-json\/wp\/v2\/comments?post=5757191"}],"version-history":[{"count":0,"href":"https:\/\/stoic-curie.212-227-153-4.plesk.page\/pt\/wp-json\/wp\/v2\/product\/5757191\/revisions"}],"wp:featuredmedia":[{"embeddable":true,"href":"https:\/\/stoic-curie.212-227-153-4.plesk.page\/pt\/wp-json\/wp\/v2\/media\/5753401"}],"wp:attachment":[{"href":"https:\/\/stoic-curie.212-227-153-4.plesk.page\/pt\/wp-json\/wp\/v2\/media?parent=5757191"}],"wp:term":[{"taxonomy":"product_brand","embeddable":true,"href":"https:\/\/stoic-curie.212-227-153-4.plesk.page\/pt\/wp-json\/wp\/v2\/product_brand?post=5757191"},{"taxonomy":"product_cat","embeddable":true,"href":"https:\/\/stoic-curie.212-227-153-4.plesk.page\/pt\/wp-json\/wp\/v2\/product_cat?post=5757191"},{"taxonomy":"product_tag","embeddable":true,"href":"https:\/\/stoic-curie.212-227-153-4.plesk.page\/pt\/wp-json\/wp\/v2\/product_tag?post=5757191"}],"curies":[{"name":"wp","href":"https:\/\/api.w.org\/{rel}","templated":true}]}}