{"id":5757213,"date":"2026-02-12T14:08:37","date_gmt":"2026-02-12T13:08:37","guid":{"rendered":"https:\/\/stoic-curie.212-227-153-4.plesk.page\/product\/shorts-de-desempenho-musto-evo-stretch-tamanho-46-30-azul-marinho\/"},"modified":"2026-02-25T00:28:46","modified_gmt":"2026-02-25T00:28:46","slug":"shorts-de-desempenho-musto-evo-stretch-tamanho-46-30-azul-marinho","status":"publish","type":"product","link":"https:\/\/stoic-curie.212-227-153-4.plesk.page\/pt\/product\/shorts-de-desempenho-musto-evo-stretch-tamanho-46-30-azul-marinho\/","title":{"rendered":"Shorts de Desempenho Musto Evo Stretch Tamanho 46 (30) &#8211; Azul Marinho"},"content":{"rendered":"<p>Shorts de Desempenho Musto Evo Stretch Tamanho 46 (30) &#8211; Azul Marinho &#8211; <\/p>\n<p>Shorts de vela Musto Evo Performance Stretch em tecido leve, de secagem r\u00e1pida e el\u00e1stico, que proporciona m\u00e1xima liberdade de movimento e conforto. Recursos incluem refor\u00e7o na parte do assento, cintura ajust\u00e1vel, fecho de z\u00edper com bot\u00e3o, dois bolsos laterais e um bolso frontal com z\u00edper \u00e0 prova d&#8217;\u00e1gua. Al\u00e9m disso, possui um suporte para telefone dentro do bolso e um logotipo refletivo. Prote\u00e7\u00e3o UV com UPF50. Clique aqui para verificar o tamanho exato:<\/p>\n","protected":false},"excerpt":{"rendered":"<p>Shorts de Desempenho Musto Evo Stretch Tamanho 46 (30) &#8211; Azul Marinho &#8211; Shorts de vela Musto Evo Performance Stretch<\/p>\n","protected":false},"featured_media":5753575,"comment_status":"open","ping_status":"closed","template":"","meta":[],"product_brand":[3157],"product_cat":[2141],"product_tag":[],"class_list":{"0":"post-5757213","1":"product","2":"type-product","3":"status-publish","4":"has-post-thumbnail","6":"product_brand-musto-pt","7":"product_cat-vestuario-de-vela-musto","9":"first","10":"instock","11":"shipping-taxable","12":"purchasable","13":"product-type-simple"},"_links":{"self":[{"href":"https:\/\/stoic-curie.212-227-153-4.plesk.page\/pt\/wp-json\/wp\/v2\/product\/5757213","targetHints":{"allow":["GET"]}}],"collection":[{"href":"https:\/\/stoic-curie.212-227-153-4.plesk.page\/pt\/wp-json\/wp\/v2\/product"}],"about":[{"href":"https:\/\/stoic-curie.212-227-153-4.plesk.page\/pt\/wp-json\/wp\/v2\/types\/product"}],"replies":[{"embeddable":true,"href":"https:\/\/stoic-curie.212-227-153-4.plesk.page\/pt\/wp-json\/wp\/v2\/comments?post=5757213"}],"version-history":[{"count":0,"href":"https:\/\/stoic-curie.212-227-153-4.plesk.page\/pt\/wp-json\/wp\/v2\/product\/5757213\/revisions"}],"wp:featuredmedia":[{"embeddable":true,"href":"https:\/\/stoic-curie.212-227-153-4.plesk.page\/pt\/wp-json\/wp\/v2\/media\/5753575"}],"wp:attachment":[{"href":"https:\/\/stoic-curie.212-227-153-4.plesk.page\/pt\/wp-json\/wp\/v2\/media?parent=5757213"}],"wp:term":[{"taxonomy":"product_brand","embeddable":true,"href":"https:\/\/stoic-curie.212-227-153-4.plesk.page\/pt\/wp-json\/wp\/v2\/product_brand?post=5757213"},{"taxonomy":"product_cat","embeddable":true,"href":"https:\/\/stoic-curie.212-227-153-4.plesk.page\/pt\/wp-json\/wp\/v2\/product_cat?post=5757213"},{"taxonomy":"product_tag","embeddable":true,"href":"https:\/\/stoic-curie.212-227-153-4.plesk.page\/pt\/wp-json\/wp\/v2\/product_tag?post=5757213"}],"curies":[{"name":"wp","href":"https:\/\/api.w.org\/{rel}","templated":true}]}}