{"id":5757215,"date":"2026-02-12T14:08:38","date_gmt":"2026-02-12T13:08:38","guid":{"rendered":"https:\/\/stoic-curie.212-227-153-4.plesk.page\/product\/calcoes-de-performance-stretch-musto-evo-tamanho-50-34-azul-marinho\/"},"modified":"2026-02-25T00:28:46","modified_gmt":"2026-02-25T00:28:46","slug":"calcoes-de-performance-stretch-musto-evo-tamanho-50-34-azul-marinho","status":"publish","type":"product","link":"https:\/\/stoic-curie.212-227-153-4.plesk.page\/pt\/product\/calcoes-de-performance-stretch-musto-evo-tamanho-50-34-azul-marinho\/","title":{"rendered":"Cal\u00e7\u00f5es de Performance Stretch Musto Evo Tamanho 50 (34) &#8211; Azul Marinho"},"content":{"rendered":"<p>Cal\u00e7\u00f5es de Performance Stretch Musto Evo Tamanho 50 (34) &#8211; Azul Marinho &#8211; <\/p>\n<p>Os cal\u00e7\u00f5es de vela Musto Evo Performance Stretch s\u00e3o feitos de tecido leve e de secagem r\u00e1pida que proporciona total liberdade de movimento e conforto excecional. As caracter\u00edsticas incluem refor\u00e7o no assento, cintura ajust\u00e1vel, fecho de zip e bot\u00e3o, duas bolsas laterais e uma bolsa frontal com fecho de \u00e1gua resistente. Al\u00e9m disso, existe um suporte para o telem\u00f3vel dentro da bolsa e um log\u00f3tipo refletor. Estes cal\u00e7\u00f5es oferecem prote\u00e7\u00e3o contra raios UV at\u00e9 UPF50. Clique aqui para verificar o tamanho exato:<\/p>\n","protected":false},"excerpt":{"rendered":"<p>Cal\u00e7\u00f5es de Performance Stretch Musto Evo Tamanho 50 (34) &#8211; Azul Marinho &#8211; Os cal\u00e7\u00f5es de vela Musto Evo Performance<\/p>\n","protected":false},"featured_media":5753575,"comment_status":"open","ping_status":"closed","template":"","meta":[],"product_brand":[3157],"product_cat":[2141],"product_tag":[],"class_list":{"0":"post-5757215","1":"product","2":"type-product","3":"status-publish","4":"has-post-thumbnail","6":"product_brand-musto-pt","7":"product_cat-vestuario-de-vela-musto","9":"first","10":"instock","11":"shipping-taxable","12":"purchasable","13":"product-type-simple"},"_links":{"self":[{"href":"https:\/\/stoic-curie.212-227-153-4.plesk.page\/pt\/wp-json\/wp\/v2\/product\/5757215","targetHints":{"allow":["GET"]}}],"collection":[{"href":"https:\/\/stoic-curie.212-227-153-4.plesk.page\/pt\/wp-json\/wp\/v2\/product"}],"about":[{"href":"https:\/\/stoic-curie.212-227-153-4.plesk.page\/pt\/wp-json\/wp\/v2\/types\/product"}],"replies":[{"embeddable":true,"href":"https:\/\/stoic-curie.212-227-153-4.plesk.page\/pt\/wp-json\/wp\/v2\/comments?post=5757215"}],"version-history":[{"count":0,"href":"https:\/\/stoic-curie.212-227-153-4.plesk.page\/pt\/wp-json\/wp\/v2\/product\/5757215\/revisions"}],"wp:featuredmedia":[{"embeddable":true,"href":"https:\/\/stoic-curie.212-227-153-4.plesk.page\/pt\/wp-json\/wp\/v2\/media\/5753575"}],"wp:attachment":[{"href":"https:\/\/stoic-curie.212-227-153-4.plesk.page\/pt\/wp-json\/wp\/v2\/media?parent=5757215"}],"wp:term":[{"taxonomy":"product_brand","embeddable":true,"href":"https:\/\/stoic-curie.212-227-153-4.plesk.page\/pt\/wp-json\/wp\/v2\/product_brand?post=5757215"},{"taxonomy":"product_cat","embeddable":true,"href":"https:\/\/stoic-curie.212-227-153-4.plesk.page\/pt\/wp-json\/wp\/v2\/product_cat?post=5757215"},{"taxonomy":"product_tag","embeddable":true,"href":"https:\/\/stoic-curie.212-227-153-4.plesk.page\/pt\/wp-json\/wp\/v2\/product_tag?post=5757215"}],"curies":[{"name":"wp","href":"https:\/\/api.w.org\/{rel}","templated":true}]}}