{"id":5757216,"date":"2026-02-12T14:08:38","date_gmt":"2026-02-12T13:08:38","guid":{"rendered":"https:\/\/stoic-curie.212-227-153-4.plesk.page\/product\/calcoes-musto-evo-performance-stretch-tamanho-52-36-azul-marinho\/"},"modified":"2026-02-25T00:28:46","modified_gmt":"2026-02-25T00:28:46","slug":"calcoes-musto-evo-performance-stretch-tamanho-52-36-azul-marinho","status":"publish","type":"product","link":"https:\/\/stoic-curie.212-227-153-4.plesk.page\/pt\/product\/calcoes-musto-evo-performance-stretch-tamanho-52-36-azul-marinho\/","title":{"rendered":"Cal\u00e7\u00f5es Musto Evo Performance Stretch Tamanho 52 (36) &#8211; Azul Marinho"},"content":{"rendered":"<p>Cal\u00e7\u00f5es Musto Evo Performance Stretch Tamanho 52 (36) &#8211; Azul Marinho &#8211; <\/p>\n<p>Os cal\u00e7\u00f5es de navega\u00e7\u00e3o Musto Evo Performance Stretch s\u00e3o feitos de tecido leve, de secagem r\u00e1pida e elastano, que oferece total liberdade de movimento e conforto excepcional. Com refor\u00e7o na parte traseira, cintura ajust\u00e1vel, fecho com z\u00edper e bot\u00e3o, dois bolsos laterais e um bolso frontal com z\u00edper \u00e0 prova d&#8217;\u00e1gua, o design tamb\u00e9m inclui um suporte interno para telefone e um logotipo refletivo. Proteja-se dos raios UV com UPF50.<\/p>\n<p>Clique aqui para conferir o tamanho exato:<\/p>\n","protected":false},"excerpt":{"rendered":"<p>Cal\u00e7\u00f5es Musto Evo Performance Stretch Tamanho 52 (36) &#8211; Azul Marinho &#8211; Os cal\u00e7\u00f5es de navega\u00e7\u00e3o Musto Evo Performance Stretch<\/p>\n","protected":false},"featured_media":5753575,"comment_status":"open","ping_status":"closed","template":"","meta":[],"product_brand":[3157],"product_cat":[2141],"product_tag":[],"class_list":{"0":"post-5757216","1":"product","2":"type-product","3":"status-publish","4":"has-post-thumbnail","6":"product_brand-musto-pt","7":"product_cat-vestuario-de-vela-musto","9":"first","10":"instock","11":"shipping-taxable","12":"purchasable","13":"product-type-simple"},"_links":{"self":[{"href":"https:\/\/stoic-curie.212-227-153-4.plesk.page\/pt\/wp-json\/wp\/v2\/product\/5757216","targetHints":{"allow":["GET"]}}],"collection":[{"href":"https:\/\/stoic-curie.212-227-153-4.plesk.page\/pt\/wp-json\/wp\/v2\/product"}],"about":[{"href":"https:\/\/stoic-curie.212-227-153-4.plesk.page\/pt\/wp-json\/wp\/v2\/types\/product"}],"replies":[{"embeddable":true,"href":"https:\/\/stoic-curie.212-227-153-4.plesk.page\/pt\/wp-json\/wp\/v2\/comments?post=5757216"}],"version-history":[{"count":0,"href":"https:\/\/stoic-curie.212-227-153-4.plesk.page\/pt\/wp-json\/wp\/v2\/product\/5757216\/revisions"}],"wp:featuredmedia":[{"embeddable":true,"href":"https:\/\/stoic-curie.212-227-153-4.plesk.page\/pt\/wp-json\/wp\/v2\/media\/5753575"}],"wp:attachment":[{"href":"https:\/\/stoic-curie.212-227-153-4.plesk.page\/pt\/wp-json\/wp\/v2\/media?parent=5757216"}],"wp:term":[{"taxonomy":"product_brand","embeddable":true,"href":"https:\/\/stoic-curie.212-227-153-4.plesk.page\/pt\/wp-json\/wp\/v2\/product_brand?post=5757216"},{"taxonomy":"product_cat","embeddable":true,"href":"https:\/\/stoic-curie.212-227-153-4.plesk.page\/pt\/wp-json\/wp\/v2\/product_cat?post=5757216"},{"taxonomy":"product_tag","embeddable":true,"href":"https:\/\/stoic-curie.212-227-153-4.plesk.page\/pt\/wp-json\/wp\/v2\/product_tag?post=5757216"}],"curies":[{"name":"wp","href":"https:\/\/api.w.org\/{rel}","templated":true}]}}