{"id":5757224,"date":"2026-02-12T14:08:44","date_gmt":"2026-02-12T13:08:44","guid":{"rendered":"https:\/\/stoic-curie.212-227-153-4.plesk.page\/product\/musto-evo-performance-stretch-calcoes-tamanho-56-40-platina\/"},"modified":"2026-02-25T00:28:46","modified_gmt":"2026-02-25T00:28:46","slug":"musto-evo-performance-stretch-calcoes-tamanho-56-40-platina","status":"publish","type":"product","link":"https:\/\/stoic-curie.212-227-153-4.plesk.page\/pt\/product\/musto-evo-performance-stretch-calcoes-tamanho-56-40-platina\/","title":{"rendered":"Musto Evo Performance Stretch Cal\u00e7\u00f5es Tamanho 56 (40) &#8211; Platina"},"content":{"rendered":"<p>Musto Evo Performance Stretch Cal\u00e7\u00f5es Tamanho 56 (40) &#8211; Platina &#8211; <\/p>\n<p>Os cal\u00e7\u00f5es de navega\u00e7\u00e3o Musto Evo Performance Stretch s\u00e3o feitos de um tecido leve e de secagem r\u00e1pida, oferecendo liberdade de movimento e conforto \u00f3timos. Com refor\u00e7o no assento, cintura ajust\u00e1vel, fecho de correr com bot\u00e3o, dois bolsos laterais e um bolso frontal com fecho de correr resistente \u00e0 \u00e1gua, suporte para telefone na bolsa interna e um log\u00f3tipo refletor. Estes cal\u00e7\u00f5es tamb\u00e9m oferecem prote\u00e7\u00e3o UV com UPF50.<\/p>\n<p>Clique aqui para verificar o tamanho exato:<\/p>\n","protected":false},"excerpt":{"rendered":"<p>Musto Evo Performance Stretch Cal\u00e7\u00f5es Tamanho 56 (40) &#8211; Platina &#8211; Os cal\u00e7\u00f5es de navega\u00e7\u00e3o Musto Evo Performance Stretch s\u00e3o<\/p>\n","protected":false},"featured_media":5753575,"comment_status":"open","ping_status":"closed","template":"","meta":[],"product_brand":[3157],"product_cat":[2141],"product_tag":[],"class_list":{"0":"post-5757224","1":"product","2":"type-product","3":"status-publish","4":"has-post-thumbnail","6":"product_brand-musto-pt","7":"product_cat-vestuario-de-vela-musto","9":"first","10":"instock","11":"shipping-taxable","12":"purchasable","13":"product-type-simple"},"_links":{"self":[{"href":"https:\/\/stoic-curie.212-227-153-4.plesk.page\/pt\/wp-json\/wp\/v2\/product\/5757224","targetHints":{"allow":["GET"]}}],"collection":[{"href":"https:\/\/stoic-curie.212-227-153-4.plesk.page\/pt\/wp-json\/wp\/v2\/product"}],"about":[{"href":"https:\/\/stoic-curie.212-227-153-4.plesk.page\/pt\/wp-json\/wp\/v2\/types\/product"}],"replies":[{"embeddable":true,"href":"https:\/\/stoic-curie.212-227-153-4.plesk.page\/pt\/wp-json\/wp\/v2\/comments?post=5757224"}],"version-history":[{"count":0,"href":"https:\/\/stoic-curie.212-227-153-4.plesk.page\/pt\/wp-json\/wp\/v2\/product\/5757224\/revisions"}],"wp:featuredmedia":[{"embeddable":true,"href":"https:\/\/stoic-curie.212-227-153-4.plesk.page\/pt\/wp-json\/wp\/v2\/media\/5753575"}],"wp:attachment":[{"href":"https:\/\/stoic-curie.212-227-153-4.plesk.page\/pt\/wp-json\/wp\/v2\/media?parent=5757224"}],"wp:term":[{"taxonomy":"product_brand","embeddable":true,"href":"https:\/\/stoic-curie.212-227-153-4.plesk.page\/pt\/wp-json\/wp\/v2\/product_brand?post=5757224"},{"taxonomy":"product_cat","embeddable":true,"href":"https:\/\/stoic-curie.212-227-153-4.plesk.page\/pt\/wp-json\/wp\/v2\/product_cat?post=5757224"},{"taxonomy":"product_tag","embeddable":true,"href":"https:\/\/stoic-curie.212-227-153-4.plesk.page\/pt\/wp-json\/wp\/v2\/product_tag?post=5757224"}],"curies":[{"name":"wp","href":"https:\/\/api.w.org\/{rel}","templated":true}]}}