{"id":5757227,"date":"2026-02-12T14:08:46","date_gmt":"2026-02-12T13:08:46","guid":{"rendered":"https:\/\/stoic-curie.212-227-153-4.plesk.page\/product\/calcas-cortas-de-performance-stretch-musto-evo-tamanho-50-34-preto\/"},"modified":"2026-02-25T00:28:46","modified_gmt":"2026-02-25T00:28:46","slug":"calcas-cortas-de-performance-stretch-musto-evo-tamanho-50-34-preto","status":"publish","type":"product","link":"https:\/\/stoic-curie.212-227-153-4.plesk.page\/pt\/product\/calcas-cortas-de-performance-stretch-musto-evo-tamanho-50-34-preto\/","title":{"rendered":"Cal\u00e7as Cortas de Performance Stretch Musto Evo Tamanho 50 (34) &#8211; Preto"},"content":{"rendered":"<p>Cal\u00e7as Cortas de Performance Stretch Musto Evo Tamanho 50 (34) &#8211; Preto &#8211; <\/p>\n<p>Cal\u00e7as curtas de vela Musto Evo Performance Stretch feitas de tecido leve, de secagem r\u00e1pida, que oferece total liberdade de movimento e conforto excepcional. Caracter\u00edsticas incluem refor\u00e7o no assento, cintura ajust\u00e1vel, fecho de z\u00edper com bot\u00e3o, dois bolsos laterais e um bolso frontal com z\u00edper \u00e0 prova d&#8217;\u00e1gua. Tamb\u00e9m possui um suporte para telefone no bolso interno e um logo refletivo. Prote\u00e7\u00e3o UV UPF50.<\/p>\n","protected":false},"excerpt":{"rendered":"<p>Cal\u00e7as Cortas de Performance Stretch Musto Evo Tamanho 50 (34) &#8211; Preto &#8211; Cal\u00e7as curtas de vela Musto Evo Performance<\/p>\n","protected":false},"featured_media":5753575,"comment_status":"open","ping_status":"closed","template":"","meta":[],"product_brand":[3157],"product_cat":[2141],"product_tag":[],"class_list":{"0":"post-5757227","1":"product","2":"type-product","3":"status-publish","4":"has-post-thumbnail","6":"product_brand-musto-pt","7":"product_cat-vestuario-de-vela-musto","9":"first","10":"instock","11":"shipping-taxable","12":"purchasable","13":"product-type-simple"},"_links":{"self":[{"href":"https:\/\/stoic-curie.212-227-153-4.plesk.page\/pt\/wp-json\/wp\/v2\/product\/5757227","targetHints":{"allow":["GET"]}}],"collection":[{"href":"https:\/\/stoic-curie.212-227-153-4.plesk.page\/pt\/wp-json\/wp\/v2\/product"}],"about":[{"href":"https:\/\/stoic-curie.212-227-153-4.plesk.page\/pt\/wp-json\/wp\/v2\/types\/product"}],"replies":[{"embeddable":true,"href":"https:\/\/stoic-curie.212-227-153-4.plesk.page\/pt\/wp-json\/wp\/v2\/comments?post=5757227"}],"version-history":[{"count":0,"href":"https:\/\/stoic-curie.212-227-153-4.plesk.page\/pt\/wp-json\/wp\/v2\/product\/5757227\/revisions"}],"wp:featuredmedia":[{"embeddable":true,"href":"https:\/\/stoic-curie.212-227-153-4.plesk.page\/pt\/wp-json\/wp\/v2\/media\/5753575"}],"wp:attachment":[{"href":"https:\/\/stoic-curie.212-227-153-4.plesk.page\/pt\/wp-json\/wp\/v2\/media?parent=5757227"}],"wp:term":[{"taxonomy":"product_brand","embeddable":true,"href":"https:\/\/stoic-curie.212-227-153-4.plesk.page\/pt\/wp-json\/wp\/v2\/product_brand?post=5757227"},{"taxonomy":"product_cat","embeddable":true,"href":"https:\/\/stoic-curie.212-227-153-4.plesk.page\/pt\/wp-json\/wp\/v2\/product_cat?post=5757227"},{"taxonomy":"product_tag","embeddable":true,"href":"https:\/\/stoic-curie.212-227-153-4.plesk.page\/pt\/wp-json\/wp\/v2\/product_tag?post=5757227"}],"curies":[{"name":"wp","href":"https:\/\/api.w.org\/{rel}","templated":true}]}}