{"id":5757228,"date":"2026-02-12T14:08:47","date_gmt":"2026-02-12T13:08:47","guid":{"rendered":"https:\/\/stoic-curie.212-227-153-4.plesk.page\/product\/calcoes-musto-evo-performance-stretch-tamanho-52-36-preto\/"},"modified":"2026-02-25T00:28:46","modified_gmt":"2026-02-25T00:28:46","slug":"calcoes-musto-evo-performance-stretch-tamanho-52-36-preto","status":"publish","type":"product","link":"https:\/\/stoic-curie.212-227-153-4.plesk.page\/pt\/product\/calcoes-musto-evo-performance-stretch-tamanho-52-36-preto\/","title":{"rendered":"Cal\u00e7\u00f5es Musto Evo Performance Stretch Tamanho 52 (36) &#8211; Preto"},"content":{"rendered":"<p>Cal\u00e7\u00f5es Musto Evo Performance Stretch Tamanho 52 (36) &#8211; Preto &#8211; <\/p>\n<p>Os cal\u00e7\u00f5es de vela Musto Evo Performance Stretch s\u00e3o feitos de tecido leve e de secagem r\u00e1pida que oferece total liberdade de movimento e conforto excepcional. As caracter\u00edsticas incluem refor\u00e7o na \u00e1rea do assento, cintura ajust\u00e1vel, fecho com bot\u00e3o e z\u00edper, dois bolsos laterais e um bolso frontal com z\u00edper resistente \u00e0 \u00e1gua. Tamb\u00e9m h\u00e1 um suporte para o telefone dentro do bolso e um logo refletivo. Estes cal\u00e7\u00f5es oferecem prote\u00e7\u00e3o UV com UPF50.<\/p>\n<p>Clique aqui para verificar o tamanho exato:<\/p>\n","protected":false},"excerpt":{"rendered":"<p>Cal\u00e7\u00f5es Musto Evo Performance Stretch Tamanho 52 (36) &#8211; Preto &#8211; Os cal\u00e7\u00f5es de vela Musto Evo Performance Stretch s\u00e3o<\/p>\n","protected":false},"featured_media":5753575,"comment_status":"open","ping_status":"closed","template":"","meta":[],"product_brand":[3157],"product_cat":[2141],"product_tag":[],"class_list":{"0":"post-5757228","1":"product","2":"type-product","3":"status-publish","4":"has-post-thumbnail","6":"product_brand-musto-pt","7":"product_cat-vestuario-de-vela-musto","9":"first","10":"instock","11":"shipping-taxable","12":"purchasable","13":"product-type-simple"},"_links":{"self":[{"href":"https:\/\/stoic-curie.212-227-153-4.plesk.page\/pt\/wp-json\/wp\/v2\/product\/5757228","targetHints":{"allow":["GET"]}}],"collection":[{"href":"https:\/\/stoic-curie.212-227-153-4.plesk.page\/pt\/wp-json\/wp\/v2\/product"}],"about":[{"href":"https:\/\/stoic-curie.212-227-153-4.plesk.page\/pt\/wp-json\/wp\/v2\/types\/product"}],"replies":[{"embeddable":true,"href":"https:\/\/stoic-curie.212-227-153-4.plesk.page\/pt\/wp-json\/wp\/v2\/comments?post=5757228"}],"version-history":[{"count":0,"href":"https:\/\/stoic-curie.212-227-153-4.plesk.page\/pt\/wp-json\/wp\/v2\/product\/5757228\/revisions"}],"wp:featuredmedia":[{"embeddable":true,"href":"https:\/\/stoic-curie.212-227-153-4.plesk.page\/pt\/wp-json\/wp\/v2\/media\/5753575"}],"wp:attachment":[{"href":"https:\/\/stoic-curie.212-227-153-4.plesk.page\/pt\/wp-json\/wp\/v2\/media?parent=5757228"}],"wp:term":[{"taxonomy":"product_brand","embeddable":true,"href":"https:\/\/stoic-curie.212-227-153-4.plesk.page\/pt\/wp-json\/wp\/v2\/product_brand?post=5757228"},{"taxonomy":"product_cat","embeddable":true,"href":"https:\/\/stoic-curie.212-227-153-4.plesk.page\/pt\/wp-json\/wp\/v2\/product_cat?post=5757228"},{"taxonomy":"product_tag","embeddable":true,"href":"https:\/\/stoic-curie.212-227-153-4.plesk.page\/pt\/wp-json\/wp\/v2\/product_tag?post=5757228"}],"curies":[{"name":"wp","href":"https:\/\/api.w.org\/{rel}","templated":true}]}}