{"id":5757230,"date":"2026-02-12T14:08:48","date_gmt":"2026-02-12T13:08:48","guid":{"rendered":"https:\/\/stoic-curie.212-227-153-4.plesk.page\/product\/bermudas-musto-evo-performance-stretch-tamanho-56-40-preto\/"},"modified":"2026-02-25T00:28:59","modified_gmt":"2026-02-25T00:28:59","slug":"bermudas-musto-evo-performance-stretch-tamanho-56-40-preto","status":"publish","type":"product","link":"https:\/\/stoic-curie.212-227-153-4.plesk.page\/pt\/product\/bermudas-musto-evo-performance-stretch-tamanho-56-40-preto\/","title":{"rendered":"Bermudas Musto Evo Performance Stretch Tamanho 56 (40) &#8211; Preto"},"content":{"rendered":"<p>Bermudas Musto Evo Performance Stretch Tamanho 56 (40) &#8211; Preto &#8211; <\/p>\n<p>As bermudas de vela Musto Evo Performance Stretch s\u00e3o feitas de um tecido leve e de secagem r\u00e1pida que proporciona total liberdade de movimento e conforto excepcional. As caracter\u00edsticas incluem refor\u00e7o na \u00e1rea do assento, cintura ajust\u00e1vel, fecho com z\u00edper e bot\u00e3o, dois bolsos laterais e um bolso frontal com z\u00edper \u00e0 prova d&#8217;\u00e1gua, al\u00e9m de um porta-telefone dentro do bolso e um logotipo refletivo. Protegido contra raios UV com UPF 50.<\/p>\n","protected":false},"excerpt":{"rendered":"<p>Bermudas Musto Evo Performance Stretch Tamanho 56 (40) &#8211; Preto &#8211; As bermudas de vela Musto Evo Performance Stretch s\u00e3o<\/p>\n","protected":false},"featured_media":5753575,"comment_status":"open","ping_status":"closed","template":"","meta":[],"product_brand":[3157],"product_cat":[2141],"product_tag":[],"class_list":{"0":"post-5757230","1":"product","2":"type-product","3":"status-publish","4":"has-post-thumbnail","6":"product_brand-musto-pt","7":"product_cat-vestuario-de-vela-musto","9":"first","10":"instock","11":"shipping-taxable","12":"purchasable","13":"product-type-simple"},"_links":{"self":[{"href":"https:\/\/stoic-curie.212-227-153-4.plesk.page\/pt\/wp-json\/wp\/v2\/product\/5757230","targetHints":{"allow":["GET"]}}],"collection":[{"href":"https:\/\/stoic-curie.212-227-153-4.plesk.page\/pt\/wp-json\/wp\/v2\/product"}],"about":[{"href":"https:\/\/stoic-curie.212-227-153-4.plesk.page\/pt\/wp-json\/wp\/v2\/types\/product"}],"replies":[{"embeddable":true,"href":"https:\/\/stoic-curie.212-227-153-4.plesk.page\/pt\/wp-json\/wp\/v2\/comments?post=5757230"}],"version-history":[{"count":0,"href":"https:\/\/stoic-curie.212-227-153-4.plesk.page\/pt\/wp-json\/wp\/v2\/product\/5757230\/revisions"}],"wp:featuredmedia":[{"embeddable":true,"href":"https:\/\/stoic-curie.212-227-153-4.plesk.page\/pt\/wp-json\/wp\/v2\/media\/5753575"}],"wp:attachment":[{"href":"https:\/\/stoic-curie.212-227-153-4.plesk.page\/pt\/wp-json\/wp\/v2\/media?parent=5757230"}],"wp:term":[{"taxonomy":"product_brand","embeddable":true,"href":"https:\/\/stoic-curie.212-227-153-4.plesk.page\/pt\/wp-json\/wp\/v2\/product_brand?post=5757230"},{"taxonomy":"product_cat","embeddable":true,"href":"https:\/\/stoic-curie.212-227-153-4.plesk.page\/pt\/wp-json\/wp\/v2\/product_cat?post=5757230"},{"taxonomy":"product_tag","embeddable":true,"href":"https:\/\/stoic-curie.212-227-153-4.plesk.page\/pt\/wp-json\/wp\/v2\/product_tag?post=5757230"}],"curies":[{"name":"wp","href":"https:\/\/api.w.org\/{rel}","templated":true}]}}