{"id":5757231,"date":"2026-02-12T14:08:49","date_gmt":"2026-02-12T13:08:49","guid":{"rendered":"https:\/\/stoic-curie.212-227-153-4.plesk.page\/product\/calcoes-musto-evo-deck-tamanho-46-30-azul-marinho\/"},"modified":"2026-02-25T00:28:59","modified_gmt":"2026-02-25T00:28:59","slug":"calcoes-musto-evo-deck-tamanho-46-30-azul-marinho","status":"publish","type":"product","link":"https:\/\/stoic-curie.212-227-153-4.plesk.page\/pt\/product\/calcoes-musto-evo-deck-tamanho-46-30-azul-marinho\/","title":{"rendered":"Cal\u00e7\u00f5es Musto Evo Deck Tamanho 46 (30) &#8211; Azul Marinho"},"content":{"rendered":"<p>Cal\u00e7\u00f5es Musto Evo Deck Tamanho 46 (30) &#8211; Azul Marinho &#8211; <\/p>\n<p>Os cal\u00e7\u00f5es Musto Evo Deck s\u00e3o feitos de um tecido leve, resistente e de secagem r\u00e1pida com elasticidade em 2 vias, que proporciona total liberdade de movimento e conforto excepcional. Com fecho de zip e bot\u00e3o, passantes para cinto, logotipo refletivo, bolsos frontais, um bolso traseiro e um bolso frontal com zip. Prote\u00e7\u00e3o UV UPF50.<\/p>\n<p>Clique aqui para verificar o tamanho exato:<\/p>\n","protected":false},"excerpt":{"rendered":"<p>Cal\u00e7\u00f5es Musto Evo Deck Tamanho 46 (30) &#8211; Azul Marinho &#8211; Os cal\u00e7\u00f5es Musto Evo Deck s\u00e3o feitos de um<\/p>\n","protected":false},"featured_media":5753719,"comment_status":"open","ping_status":"closed","template":"","meta":[],"product_brand":[3157],"product_cat":[2141],"product_tag":[],"class_list":{"0":"post-5757231","1":"product","2":"type-product","3":"status-publish","4":"has-post-thumbnail","6":"product_brand-musto-pt","7":"product_cat-vestuario-de-vela-musto","9":"first","10":"instock","11":"shipping-taxable","12":"purchasable","13":"product-type-simple"},"_links":{"self":[{"href":"https:\/\/stoic-curie.212-227-153-4.plesk.page\/pt\/wp-json\/wp\/v2\/product\/5757231","targetHints":{"allow":["GET"]}}],"collection":[{"href":"https:\/\/stoic-curie.212-227-153-4.plesk.page\/pt\/wp-json\/wp\/v2\/product"}],"about":[{"href":"https:\/\/stoic-curie.212-227-153-4.plesk.page\/pt\/wp-json\/wp\/v2\/types\/product"}],"replies":[{"embeddable":true,"href":"https:\/\/stoic-curie.212-227-153-4.plesk.page\/pt\/wp-json\/wp\/v2\/comments?post=5757231"}],"version-history":[{"count":0,"href":"https:\/\/stoic-curie.212-227-153-4.plesk.page\/pt\/wp-json\/wp\/v2\/product\/5757231\/revisions"}],"wp:featuredmedia":[{"embeddable":true,"href":"https:\/\/stoic-curie.212-227-153-4.plesk.page\/pt\/wp-json\/wp\/v2\/media\/5753719"}],"wp:attachment":[{"href":"https:\/\/stoic-curie.212-227-153-4.plesk.page\/pt\/wp-json\/wp\/v2\/media?parent=5757231"}],"wp:term":[{"taxonomy":"product_brand","embeddable":true,"href":"https:\/\/stoic-curie.212-227-153-4.plesk.page\/pt\/wp-json\/wp\/v2\/product_brand?post=5757231"},{"taxonomy":"product_cat","embeddable":true,"href":"https:\/\/stoic-curie.212-227-153-4.plesk.page\/pt\/wp-json\/wp\/v2\/product_cat?post=5757231"},{"taxonomy":"product_tag","embeddable":true,"href":"https:\/\/stoic-curie.212-227-153-4.plesk.page\/pt\/wp-json\/wp\/v2\/product_tag?post=5757231"}],"curies":[{"name":"wp","href":"https:\/\/api.w.org\/{rel}","templated":true}]}}