{"id":5757234,"date":"2026-02-12T14:08:51","date_gmt":"2026-02-12T13:08:51","guid":{"rendered":"https:\/\/stoic-curie.212-227-153-4.plesk.page\/product\/shorts-musto-evo-deck-tamanho-52-36-azul-marinho\/"},"modified":"2026-02-25T00:28:59","modified_gmt":"2026-02-25T00:28:59","slug":"shorts-musto-evo-deck-tamanho-52-36-azul-marinho","status":"publish","type":"product","link":"https:\/\/stoic-curie.212-227-153-4.plesk.page\/pt\/product\/shorts-musto-evo-deck-tamanho-52-36-azul-marinho\/","title":{"rendered":"Shorts Musto Evo Deck Tamanho 52 (36) &#8211; Azul Marinho"},"content":{"rendered":"<p>Shorts Musto Evo Deck Tamanho 52 (36) &#8211; Azul Marinho &#8211; <\/p>\n<p>Os shorts Musto Evo Deck s\u00e3o feitos de um tecido leve, resistente e de secagem r\u00e1pida com elasticidade em 2 dire\u00e7\u00f5es, oferecendo total liberdade de movimento e conforto excepcional. Apresentam uma fecho de zip e bot\u00e3o, passantes para cinto, um logotipo refletivo, bolsos frontais e traseiros, al\u00e9m de um bolso frontal com z\u00edper. Al\u00e9m disso, oferecem prote\u00e7\u00e3o contra raios UV com classifica\u00e7\u00e3o UPF50. <a>Clique aqui para verificar o tamanho exato.<\/a><\/p>\n","protected":false},"excerpt":{"rendered":"<p>Shorts Musto Evo Deck Tamanho 52 (36) &#8211; Azul Marinho &#8211; Os shorts Musto Evo Deck s\u00e3o feitos de um<\/p>\n","protected":false},"featured_media":5753719,"comment_status":"open","ping_status":"closed","template":"","meta":[],"product_brand":[3157],"product_cat":[2141],"product_tag":[],"class_list":{"0":"post-5757234","1":"product","2":"type-product","3":"status-publish","4":"has-post-thumbnail","6":"product_brand-musto-pt","7":"product_cat-vestuario-de-vela-musto","9":"first","10":"instock","11":"shipping-taxable","12":"purchasable","13":"product-type-simple"},"_links":{"self":[{"href":"https:\/\/stoic-curie.212-227-153-4.plesk.page\/pt\/wp-json\/wp\/v2\/product\/5757234","targetHints":{"allow":["GET"]}}],"collection":[{"href":"https:\/\/stoic-curie.212-227-153-4.plesk.page\/pt\/wp-json\/wp\/v2\/product"}],"about":[{"href":"https:\/\/stoic-curie.212-227-153-4.plesk.page\/pt\/wp-json\/wp\/v2\/types\/product"}],"replies":[{"embeddable":true,"href":"https:\/\/stoic-curie.212-227-153-4.plesk.page\/pt\/wp-json\/wp\/v2\/comments?post=5757234"}],"version-history":[{"count":0,"href":"https:\/\/stoic-curie.212-227-153-4.plesk.page\/pt\/wp-json\/wp\/v2\/product\/5757234\/revisions"}],"wp:featuredmedia":[{"embeddable":true,"href":"https:\/\/stoic-curie.212-227-153-4.plesk.page\/pt\/wp-json\/wp\/v2\/media\/5753719"}],"wp:attachment":[{"href":"https:\/\/stoic-curie.212-227-153-4.plesk.page\/pt\/wp-json\/wp\/v2\/media?parent=5757234"}],"wp:term":[{"taxonomy":"product_brand","embeddable":true,"href":"https:\/\/stoic-curie.212-227-153-4.plesk.page\/pt\/wp-json\/wp\/v2\/product_brand?post=5757234"},{"taxonomy":"product_cat","embeddable":true,"href":"https:\/\/stoic-curie.212-227-153-4.plesk.page\/pt\/wp-json\/wp\/v2\/product_cat?post=5757234"},{"taxonomy":"product_tag","embeddable":true,"href":"https:\/\/stoic-curie.212-227-153-4.plesk.page\/pt\/wp-json\/wp\/v2\/product_tag?post=5757234"}],"curies":[{"name":"wp","href":"https:\/\/api.w.org\/{rel}","templated":true}]}}