{"id":5757246,"date":"2026-02-12T14:09:00","date_gmt":"2026-02-12T13:09:00","guid":{"rendered":"https:\/\/stoic-curie.212-227-153-4.plesk.page\/product\/musto-evo-deck-shorts-femininos-tamanho-s-azul-marinho\/"},"modified":"2026-02-25T00:28:59","modified_gmt":"2026-02-25T00:28:59","slug":"musto-evo-deck-shorts-femininos-tamanho-s-azul-marinho","status":"publish","type":"product","link":"https:\/\/stoic-curie.212-227-153-4.plesk.page\/pt\/product\/musto-evo-deck-shorts-femininos-tamanho-s-azul-marinho\/","title":{"rendered":"Musto Evo Deck Shorts Femininos Tamanho S &#8211; Azul Marinho"},"content":{"rendered":"<p>Musto Evo Deck Shorts Femininos Tamanho S &#8211; Azul Marinho &#8211; <\/p>\n<p>Os Musto Evo Deck Shorts s\u00e3o feitos de um tecido leve, resistente e de secagem r\u00e1pida com stretch em 2 dire\u00e7\u00f5es, proporcionando total liberdade de movimento e conforto. Entre as caracter\u00edsticas incluem-se um fecho com z\u00edper e bot\u00e3o, passadores de cinto, um logo refletivo, bolsos frontais, um bolso traseiro e um bolso frontal com z\u00edper. Prote\u00e7\u00e3o UV com UPF 50 est\u00e1 inclu\u00edda.<br \/>Clique aqui para verificar o tamanho exato:<\/p>\n","protected":false},"excerpt":{"rendered":"<p>Musto Evo Deck Shorts Femininos Tamanho S &#8211; Azul Marinho &#8211; Os Musto Evo Deck Shorts s\u00e3o feitos de um<\/p>\n","protected":false},"featured_media":5753839,"comment_status":"open","ping_status":"closed","template":"","meta":[],"product_brand":[3157],"product_cat":[2141],"product_tag":[],"class_list":{"0":"post-5757246","1":"product","2":"type-product","3":"status-publish","4":"has-post-thumbnail","6":"product_brand-musto-pt","7":"product_cat-vestuario-de-vela-musto","9":"first","10":"instock","11":"shipping-taxable","12":"purchasable","13":"product-type-simple"},"_links":{"self":[{"href":"https:\/\/stoic-curie.212-227-153-4.plesk.page\/pt\/wp-json\/wp\/v2\/product\/5757246","targetHints":{"allow":["GET"]}}],"collection":[{"href":"https:\/\/stoic-curie.212-227-153-4.plesk.page\/pt\/wp-json\/wp\/v2\/product"}],"about":[{"href":"https:\/\/stoic-curie.212-227-153-4.plesk.page\/pt\/wp-json\/wp\/v2\/types\/product"}],"replies":[{"embeddable":true,"href":"https:\/\/stoic-curie.212-227-153-4.plesk.page\/pt\/wp-json\/wp\/v2\/comments?post=5757246"}],"version-history":[{"count":0,"href":"https:\/\/stoic-curie.212-227-153-4.plesk.page\/pt\/wp-json\/wp\/v2\/product\/5757246\/revisions"}],"wp:featuredmedia":[{"embeddable":true,"href":"https:\/\/stoic-curie.212-227-153-4.plesk.page\/pt\/wp-json\/wp\/v2\/media\/5753839"}],"wp:attachment":[{"href":"https:\/\/stoic-curie.212-227-153-4.plesk.page\/pt\/wp-json\/wp\/v2\/media?parent=5757246"}],"wp:term":[{"taxonomy":"product_brand","embeddable":true,"href":"https:\/\/stoic-curie.212-227-153-4.plesk.page\/pt\/wp-json\/wp\/v2\/product_brand?post=5757246"},{"taxonomy":"product_cat","embeddable":true,"href":"https:\/\/stoic-curie.212-227-153-4.plesk.page\/pt\/wp-json\/wp\/v2\/product_cat?post=5757246"},{"taxonomy":"product_tag","embeddable":true,"href":"https:\/\/stoic-curie.212-227-153-4.plesk.page\/pt\/wp-json\/wp\/v2\/product_tag?post=5757246"}],"curies":[{"name":"wp","href":"https:\/\/api.w.org\/{rel}","templated":true}]}}