{"id":5757252,"date":"2026-02-12T14:09:04","date_gmt":"2026-02-12T13:09:04","guid":{"rendered":"https:\/\/stoic-curie.212-227-153-4.plesk.page\/product\/calcas-cortas-musto-evo-deck-para-mulheres-tamanho-xl-cor-bege\/"},"modified":"2026-02-25T00:28:59","modified_gmt":"2026-02-25T00:28:59","slug":"calcas-cortas-musto-evo-deck-para-mulheres-tamanho-xl-cor-bege","status":"publish","type":"product","link":"https:\/\/stoic-curie.212-227-153-4.plesk.page\/pt\/product\/calcas-cortas-musto-evo-deck-para-mulheres-tamanho-xl-cor-bege\/","title":{"rendered":"Cal\u00e7as Cortas Musto Evo Deck para Mulheres &#8211; Tamanho XL, Cor Bege"},"content":{"rendered":"<p>Cal\u00e7as Cortas Musto Evo Deck para Mulheres &#8211; Tamanho XL, Cor Bege &#8211; <\/p>\n<p>As cal\u00e7as curtas Musto Evo Deck s\u00e3o feitas de um tecido leve, resistente e de secagem r\u00e1pida com elasticidade em duas direc\u00e7\u00f5es, que oferece total liberdade de movimento e conforto. As caracter\u00edsticas incluem fecho de zip com bot\u00e3o, passantes para cinto, logotipo reflexivo, bolsos laterais, um bolso traseiro e um bolso dianteiro com fecho. Oferecem prote\u00e7\u00e3o UV UPF50.<\/p>\n","protected":false},"excerpt":{"rendered":"<p>Cal\u00e7as Cortas Musto Evo Deck para Mulheres &#8211; Tamanho XL, Cor Bege &#8211; As cal\u00e7as curtas Musto Evo Deck s\u00e3o<\/p>\n","protected":false},"featured_media":5753839,"comment_status":"open","ping_status":"closed","template":"","meta":[],"product_brand":[3157],"product_cat":[2141],"product_tag":[],"class_list":{"0":"post-5757252","1":"product","2":"type-product","3":"status-publish","4":"has-post-thumbnail","6":"product_brand-musto-pt","7":"product_cat-vestuario-de-vela-musto","9":"first","10":"instock","11":"shipping-taxable","12":"purchasable","13":"product-type-simple"},"_links":{"self":[{"href":"https:\/\/stoic-curie.212-227-153-4.plesk.page\/pt\/wp-json\/wp\/v2\/product\/5757252","targetHints":{"allow":["GET"]}}],"collection":[{"href":"https:\/\/stoic-curie.212-227-153-4.plesk.page\/pt\/wp-json\/wp\/v2\/product"}],"about":[{"href":"https:\/\/stoic-curie.212-227-153-4.plesk.page\/pt\/wp-json\/wp\/v2\/types\/product"}],"replies":[{"embeddable":true,"href":"https:\/\/stoic-curie.212-227-153-4.plesk.page\/pt\/wp-json\/wp\/v2\/comments?post=5757252"}],"version-history":[{"count":0,"href":"https:\/\/stoic-curie.212-227-153-4.plesk.page\/pt\/wp-json\/wp\/v2\/product\/5757252\/revisions"}],"wp:featuredmedia":[{"embeddable":true,"href":"https:\/\/stoic-curie.212-227-153-4.plesk.page\/pt\/wp-json\/wp\/v2\/media\/5753839"}],"wp:attachment":[{"href":"https:\/\/stoic-curie.212-227-153-4.plesk.page\/pt\/wp-json\/wp\/v2\/media?parent=5757252"}],"wp:term":[{"taxonomy":"product_brand","embeddable":true,"href":"https:\/\/stoic-curie.212-227-153-4.plesk.page\/pt\/wp-json\/wp\/v2\/product_brand?post=5757252"},{"taxonomy":"product_cat","embeddable":true,"href":"https:\/\/stoic-curie.212-227-153-4.plesk.page\/pt\/wp-json\/wp\/v2\/product_cat?post=5757252"},{"taxonomy":"product_tag","embeddable":true,"href":"https:\/\/stoic-curie.212-227-153-4.plesk.page\/pt\/wp-json\/wp\/v2\/product_tag?post=5757252"}],"curies":[{"name":"wp","href":"https:\/\/api.w.org\/{rel}","templated":true}]}}