{"id":5757260,"date":"2026-02-12T14:09:11","date_gmt":"2026-02-12T13:09:11","guid":{"rendered":"https:\/\/stoic-curie.212-227-153-4.plesk.page\/product\/cinto-essencial-musto-tamanho-xl-2xl-preto\/"},"modified":"2026-02-25T00:28:59","modified_gmt":"2026-02-25T00:28:59","slug":"cinto-essencial-musto-tamanho-xl-2xl-preto","status":"publish","type":"product","link":"https:\/\/stoic-curie.212-227-153-4.plesk.page\/pt\/product\/cinto-essencial-musto-tamanho-xl-2xl-preto\/","title":{"rendered":"Cinto Essencial Musto Tamanho XL\/2XL &#8211; Preto"},"content":{"rendered":"<p>Cinto Essencial Musto Tamanho XL\/2XL &#8211; Preto &#8211; <\/p>\n<p>Este cinto essencial da Musto, feito de 100% poli\u00e9ster e com fivela de zinco, \u00e9 perfeito para o uso di\u00e1rio.<\/p>\n","protected":false},"excerpt":{"rendered":"<p>Cinto Essencial Musto Tamanho XL\/2XL &#8211; Preto &#8211; Este cinto essencial da Musto, feito de 100% poli\u00e9ster e com fivela<\/p>\n","protected":false},"featured_media":5753881,"comment_status":"open","ping_status":"closed","template":"","meta":[],"product_brand":[3157],"product_cat":[2141],"product_tag":[],"class_list":{"0":"post-5757260","1":"product","2":"type-product","3":"status-publish","4":"has-post-thumbnail","6":"product_brand-musto-pt","7":"product_cat-vestuario-de-vela-musto","9":"first","10":"instock","11":"shipping-taxable","12":"purchasable","13":"product-type-simple"},"_links":{"self":[{"href":"https:\/\/stoic-curie.212-227-153-4.plesk.page\/pt\/wp-json\/wp\/v2\/product\/5757260","targetHints":{"allow":["GET"]}}],"collection":[{"href":"https:\/\/stoic-curie.212-227-153-4.plesk.page\/pt\/wp-json\/wp\/v2\/product"}],"about":[{"href":"https:\/\/stoic-curie.212-227-153-4.plesk.page\/pt\/wp-json\/wp\/v2\/types\/product"}],"replies":[{"embeddable":true,"href":"https:\/\/stoic-curie.212-227-153-4.plesk.page\/pt\/wp-json\/wp\/v2\/comments?post=5757260"}],"version-history":[{"count":0,"href":"https:\/\/stoic-curie.212-227-153-4.plesk.page\/pt\/wp-json\/wp\/v2\/product\/5757260\/revisions"}],"wp:featuredmedia":[{"embeddable":true,"href":"https:\/\/stoic-curie.212-227-153-4.plesk.page\/pt\/wp-json\/wp\/v2\/media\/5753881"}],"wp:attachment":[{"href":"https:\/\/stoic-curie.212-227-153-4.plesk.page\/pt\/wp-json\/wp\/v2\/media?parent=5757260"}],"wp:term":[{"taxonomy":"product_brand","embeddable":true,"href":"https:\/\/stoic-curie.212-227-153-4.plesk.page\/pt\/wp-json\/wp\/v2\/product_brand?post=5757260"},{"taxonomy":"product_cat","embeddable":true,"href":"https:\/\/stoic-curie.212-227-153-4.plesk.page\/pt\/wp-json\/wp\/v2\/product_cat?post=5757260"},{"taxonomy":"product_tag","embeddable":true,"href":"https:\/\/stoic-curie.212-227-153-4.plesk.page\/pt\/wp-json\/wp\/v2\/product_tag?post=5757260"}],"curies":[{"name":"wp","href":"https:\/\/api.w.org\/{rel}","templated":true}]}}