{"id":5757261,"date":"2026-02-12T14:09:12","date_gmt":"2026-02-12T13:09:12","guid":{"rendered":"https:\/\/stoic-curie.212-227-153-4.plesk.page\/product\/camiseta-de-manga-longa-musto-evolution-sunblock-2-0-tamanho-m-azul-marinho\/"},"modified":"2026-02-25T00:28:59","modified_gmt":"2026-02-25T00:28:59","slug":"camiseta-de-manga-longa-musto-evolution-sunblock-2-0-tamanho-m-azul-marinho","status":"publish","type":"product","link":"https:\/\/stoic-curie.212-227-153-4.plesk.page\/pt\/product\/camiseta-de-manga-longa-musto-evolution-sunblock-2-0-tamanho-m-azul-marinho\/","title":{"rendered":"Camiseta de Manga Longa Musto Evolution Sunblock 2.0 &#8211; Tamanho M &#8211; Azul Marinho"},"content":{"rendered":"<p>Camiseta de Manga Longa Musto Evolution Sunblock 2.0 &#8211; Tamanho M &#8211; Azul Marinho &#8211; <\/p>\n<p>A camiseta de manga longa Musto Evolution Sunblock \u00e9 feita de poli\u00e9ster e elastano UPF40, oferecendo prote\u00e7\u00e3o m\u00e1xima durante a intensa exposi\u00e7\u00e3o ao sol. As costuras planas s\u00e3o quase invis\u00edveis na pele, garantindo conforto excepcional. Clique aqui para verificar o tamanho exato:<\/p>\n","protected":false},"excerpt":{"rendered":"<p>Camiseta de Manga Longa Musto Evolution Sunblock 2.0 &#8211; Tamanho M &#8211; Azul Marinho &#8211; A camiseta de manga longa<\/p>\n","protected":false},"featured_media":5753921,"comment_status":"open","ping_status":"closed","template":"","meta":[],"product_brand":[3157],"product_cat":[2141],"product_tag":[],"class_list":{"0":"post-5757261","1":"product","2":"type-product","3":"status-publish","4":"has-post-thumbnail","6":"product_brand-musto-pt","7":"product_cat-vestuario-de-vela-musto","9":"first","10":"instock","11":"shipping-taxable","12":"purchasable","13":"product-type-simple"},"_links":{"self":[{"href":"https:\/\/stoic-curie.212-227-153-4.plesk.page\/pt\/wp-json\/wp\/v2\/product\/5757261","targetHints":{"allow":["GET"]}}],"collection":[{"href":"https:\/\/stoic-curie.212-227-153-4.plesk.page\/pt\/wp-json\/wp\/v2\/product"}],"about":[{"href":"https:\/\/stoic-curie.212-227-153-4.plesk.page\/pt\/wp-json\/wp\/v2\/types\/product"}],"replies":[{"embeddable":true,"href":"https:\/\/stoic-curie.212-227-153-4.plesk.page\/pt\/wp-json\/wp\/v2\/comments?post=5757261"}],"version-history":[{"count":0,"href":"https:\/\/stoic-curie.212-227-153-4.plesk.page\/pt\/wp-json\/wp\/v2\/product\/5757261\/revisions"}],"wp:featuredmedia":[{"embeddable":true,"href":"https:\/\/stoic-curie.212-227-153-4.plesk.page\/pt\/wp-json\/wp\/v2\/media\/5753921"}],"wp:attachment":[{"href":"https:\/\/stoic-curie.212-227-153-4.plesk.page\/pt\/wp-json\/wp\/v2\/media?parent=5757261"}],"wp:term":[{"taxonomy":"product_brand","embeddable":true,"href":"https:\/\/stoic-curie.212-227-153-4.plesk.page\/pt\/wp-json\/wp\/v2\/product_brand?post=5757261"},{"taxonomy":"product_cat","embeddable":true,"href":"https:\/\/stoic-curie.212-227-153-4.plesk.page\/pt\/wp-json\/wp\/v2\/product_cat?post=5757261"},{"taxonomy":"product_tag","embeddable":true,"href":"https:\/\/stoic-curie.212-227-153-4.plesk.page\/pt\/wp-json\/wp\/v2\/product_tag?post=5757261"}],"curies":[{"name":"wp","href":"https:\/\/api.w.org\/{rel}","templated":true}]}}