{"id":5757269,"date":"2026-02-12T14:09:17","date_gmt":"2026-02-12T13:09:17","guid":{"rendered":"https:\/\/stoic-curie.212-227-153-4.plesk.page\/product\/musto-saco-de-tubo-impermeavel-2-0-capacidade-de-20l\/"},"modified":"2026-02-25T00:28:59","modified_gmt":"2026-02-25T00:28:59","slug":"musto-saco-de-tubo-impermeavel-2-0-capacidade-de-20l","status":"publish","type":"product","link":"https:\/\/stoic-curie.212-227-153-4.plesk.page\/pt\/product\/musto-saco-de-tubo-impermeavel-2-0-capacidade-de-20l\/","title":{"rendered":"Musto Saco de Tubo Imperme\u00e1vel 2.0 &#8211; Capacidade de 20L"},"content":{"rendered":"<p>Musto Saco de Tubo Imperme\u00e1vel 2.0 &#8211; Capacidade de 20L &#8211; <\/p>\n<p>O saco de tubo imperme\u00e1vel Musto possui uma fivela conveniente que tamb\u00e9m serve como al\u00e7a, uma janela transl\u00facida na frente para ajudar a localizar seus pertences e uma al\u00e7a de ombro remov\u00edvel para facilitar o transporte.<\/p>\n","protected":false},"excerpt":{"rendered":"<p>Musto Saco de Tubo Imperme\u00e1vel 2.0 &#8211; Capacidade de 20L &#8211; O saco de tubo imperme\u00e1vel Musto possui uma fivela<\/p>\n","protected":false},"featured_media":5753978,"comment_status":"open","ping_status":"closed","template":"","meta":[],"product_brand":[3157],"product_cat":[2142],"product_tag":[],"class_list":{"0":"post-5757269","1":"product","2":"type-product","3":"status-publish","4":"has-post-thumbnail","6":"product_brand-musto-pt","7":"product_cat-sacos-e-bolsas-estanques","9":"first","10":"instock","11":"shipping-taxable","12":"purchasable","13":"product-type-simple"},"_links":{"self":[{"href":"https:\/\/stoic-curie.212-227-153-4.plesk.page\/pt\/wp-json\/wp\/v2\/product\/5757269","targetHints":{"allow":["GET"]}}],"collection":[{"href":"https:\/\/stoic-curie.212-227-153-4.plesk.page\/pt\/wp-json\/wp\/v2\/product"}],"about":[{"href":"https:\/\/stoic-curie.212-227-153-4.plesk.page\/pt\/wp-json\/wp\/v2\/types\/product"}],"replies":[{"embeddable":true,"href":"https:\/\/stoic-curie.212-227-153-4.plesk.page\/pt\/wp-json\/wp\/v2\/comments?post=5757269"}],"version-history":[{"count":0,"href":"https:\/\/stoic-curie.212-227-153-4.plesk.page\/pt\/wp-json\/wp\/v2\/product\/5757269\/revisions"}],"wp:featuredmedia":[{"embeddable":true,"href":"https:\/\/stoic-curie.212-227-153-4.plesk.page\/pt\/wp-json\/wp\/v2\/media\/5753978"}],"wp:attachment":[{"href":"https:\/\/stoic-curie.212-227-153-4.plesk.page\/pt\/wp-json\/wp\/v2\/media?parent=5757269"}],"wp:term":[{"taxonomy":"product_brand","embeddable":true,"href":"https:\/\/stoic-curie.212-227-153-4.plesk.page\/pt\/wp-json\/wp\/v2\/product_brand?post=5757269"},{"taxonomy":"product_cat","embeddable":true,"href":"https:\/\/stoic-curie.212-227-153-4.plesk.page\/pt\/wp-json\/wp\/v2\/product_cat?post=5757269"},{"taxonomy":"product_tag","embeddable":true,"href":"https:\/\/stoic-curie.212-227-153-4.plesk.page\/pt\/wp-json\/wp\/v2\/product_tag?post=5757269"}],"curies":[{"name":"wp","href":"https:\/\/api.w.org\/{rel}","templated":true}]}}