{"id":5757271,"date":"2026-02-12T14:09:19","date_gmt":"2026-02-12T13:09:19","guid":{"rendered":"https:\/\/stoic-curie.212-227-153-4.plesk.page\/product\/luvas-essenciais-de-vela-musto-2-0-dedo-3-4-tamanho-s\/"},"modified":"2026-02-25T00:28:59","modified_gmt":"2026-02-25T00:28:59","slug":"luvas-essenciais-de-vela-musto-2-0-dedo-3-4-tamanho-s","status":"publish","type":"product","link":"https:\/\/stoic-curie.212-227-153-4.plesk.page\/pt\/product\/luvas-essenciais-de-vela-musto-2-0-dedo-3-4-tamanho-s\/","title":{"rendered":"Luvas Essenciais de Vela Musto 2.0 Dedo 3\/4 Tamanho S"},"content":{"rendered":"<p>Luvas Essenciais de Vela Musto 2.0 Dedo 3\/4 Tamanho S &#8211; <\/p>\n<p>As luvas essenciais de vela Musto apresentam uma constru\u00e7\u00e3o em malha din\u00e2mica de 4 vias que garante respirabilidade e conforto anat\u00f4mico, permitindo total liberdade de movimento. Pain\u00e9is de prote\u00e7\u00e3o estrat\u00e9gicos aumentam a durabilidade, enquanto fechos de velcro oversized nos pulsos proporcionam reten\u00e7\u00e3o de calor e um ajuste feito sob medida. Clique aqui para verificar o tamanho exato:<\/p>\n","protected":false},"excerpt":{"rendered":"<p>Luvas Essenciais de Vela Musto 2.0 Dedo 3\/4 Tamanho S &#8211; As luvas essenciais de vela Musto apresentam uma constru\u00e7\u00e3o<\/p>\n","protected":false},"featured_media":5753990,"comment_status":"open","ping_status":"closed","template":"","meta":[],"product_brand":[3157],"product_cat":[2145],"product_tag":[],"class_list":{"0":"post-5757271","1":"product","2":"type-product","3":"status-publish","4":"has-post-thumbnail","6":"product_brand-musto-pt","7":"product_cat-luvas-de-vela","9":"first","10":"instock","11":"shipping-taxable","12":"purchasable","13":"product-type-simple"},"_links":{"self":[{"href":"https:\/\/stoic-curie.212-227-153-4.plesk.page\/pt\/wp-json\/wp\/v2\/product\/5757271","targetHints":{"allow":["GET"]}}],"collection":[{"href":"https:\/\/stoic-curie.212-227-153-4.plesk.page\/pt\/wp-json\/wp\/v2\/product"}],"about":[{"href":"https:\/\/stoic-curie.212-227-153-4.plesk.page\/pt\/wp-json\/wp\/v2\/types\/product"}],"replies":[{"embeddable":true,"href":"https:\/\/stoic-curie.212-227-153-4.plesk.page\/pt\/wp-json\/wp\/v2\/comments?post=5757271"}],"version-history":[{"count":0,"href":"https:\/\/stoic-curie.212-227-153-4.plesk.page\/pt\/wp-json\/wp\/v2\/product\/5757271\/revisions"}],"wp:featuredmedia":[{"embeddable":true,"href":"https:\/\/stoic-curie.212-227-153-4.plesk.page\/pt\/wp-json\/wp\/v2\/media\/5753990"}],"wp:attachment":[{"href":"https:\/\/stoic-curie.212-227-153-4.plesk.page\/pt\/wp-json\/wp\/v2\/media?parent=5757271"}],"wp:term":[{"taxonomy":"product_brand","embeddable":true,"href":"https:\/\/stoic-curie.212-227-153-4.plesk.page\/pt\/wp-json\/wp\/v2\/product_brand?post=5757271"},{"taxonomy":"product_cat","embeddable":true,"href":"https:\/\/stoic-curie.212-227-153-4.plesk.page\/pt\/wp-json\/wp\/v2\/product_cat?post=5757271"},{"taxonomy":"product_tag","embeddable":true,"href":"https:\/\/stoic-curie.212-227-153-4.plesk.page\/pt\/wp-json\/wp\/v2\/product_tag?post=5757271"}],"curies":[{"name":"wp","href":"https:\/\/api.w.org\/{rel}","templated":true}]}}