{"id":5757282,"date":"2026-02-12T14:09:28","date_gmt":"2026-02-12T13:09:28","guid":{"rendered":"https:\/\/stoic-curie.212-227-153-4.plesk.page\/product\/bone-musto-essential-fd-crew-branco\/"},"modified":"2026-02-25T00:28:59","modified_gmt":"2026-02-25T00:28:59","slug":"bone-musto-essential-fd-crew-branco","status":"publish","type":"product","link":"https:\/\/stoic-curie.212-227-153-4.plesk.page\/pt\/product\/bone-musto-essential-fd-crew-branco\/","title":{"rendered":"Bon\u00e9 Musto Essential FD Crew &#8211; Branco"},"content":{"rendered":"<p>Bon\u00e9 Musto Essential FD Crew &#8211; Branco &#8211; <\/p>\n<p>O Bon\u00e9 Musto Essential Fast Dry Crew \u00e9 feito de poli\u00e9ster resistente a 100% e possui um revestimento repelente \u00e0 \u00e1gua dur\u00e1vel (DWR) que permite que a \u00e1gua se forme em gotas e escoe, reduzindo o tempo de secagem. Al\u00e9m disso, conta com prote\u00e7\u00e3o UV adicional para exposi\u00e7\u00e3o prolongada ao sol, um ajuste na parte de tr\u00e1s e um clipe para segur\u00e1-lo \u00e0 capuz ou ao colarinho, mantendo-o seguro em dias ventosos.<\/p>\n","protected":false},"excerpt":{"rendered":"<p>Bon\u00e9 Musto Essential FD Crew &#8211; Branco &#8211; O Bon\u00e9 Musto Essential Fast Dry Crew \u00e9 feito de poli\u00e9ster resistente<\/p>\n","protected":false},"featured_media":5754050,"comment_status":"open","ping_status":"closed","template":"","meta":[],"product_brand":[3157],"product_cat":[2141],"product_tag":[],"class_list":{"0":"post-5757282","1":"product","2":"type-product","3":"status-publish","4":"has-post-thumbnail","6":"product_brand-musto-pt","7":"product_cat-vestuario-de-vela-musto","9":"first","10":"instock","11":"shipping-taxable","12":"purchasable","13":"product-type-simple"},"_links":{"self":[{"href":"https:\/\/stoic-curie.212-227-153-4.plesk.page\/pt\/wp-json\/wp\/v2\/product\/5757282","targetHints":{"allow":["GET"]}}],"collection":[{"href":"https:\/\/stoic-curie.212-227-153-4.plesk.page\/pt\/wp-json\/wp\/v2\/product"}],"about":[{"href":"https:\/\/stoic-curie.212-227-153-4.plesk.page\/pt\/wp-json\/wp\/v2\/types\/product"}],"replies":[{"embeddable":true,"href":"https:\/\/stoic-curie.212-227-153-4.plesk.page\/pt\/wp-json\/wp\/v2\/comments?post=5757282"}],"version-history":[{"count":0,"href":"https:\/\/stoic-curie.212-227-153-4.plesk.page\/pt\/wp-json\/wp\/v2\/product\/5757282\/revisions"}],"wp:featuredmedia":[{"embeddable":true,"href":"https:\/\/stoic-curie.212-227-153-4.plesk.page\/pt\/wp-json\/wp\/v2\/media\/5754050"}],"wp:attachment":[{"href":"https:\/\/stoic-curie.212-227-153-4.plesk.page\/pt\/wp-json\/wp\/v2\/media?parent=5757282"}],"wp:term":[{"taxonomy":"product_brand","embeddable":true,"href":"https:\/\/stoic-curie.212-227-153-4.plesk.page\/pt\/wp-json\/wp\/v2\/product_brand?post=5757282"},{"taxonomy":"product_cat","embeddable":true,"href":"https:\/\/stoic-curie.212-227-153-4.plesk.page\/pt\/wp-json\/wp\/v2\/product_cat?post=5757282"},{"taxonomy":"product_tag","embeddable":true,"href":"https:\/\/stoic-curie.212-227-153-4.plesk.page\/pt\/wp-json\/wp\/v2\/product_tag?post=5757282"}],"curies":[{"name":"wp","href":"https:\/\/api.w.org\/{rel}","templated":true}]}}