{"id":5757284,"date":"2026-02-12T14:09:30","date_gmt":"2026-02-12T13:09:30","guid":{"rendered":"https:\/\/stoic-curie.212-227-153-4.plesk.page\/product\/bone-musto-essential-fd-crew-na-cor-platina\/"},"modified":"2026-02-25T00:28:59","modified_gmt":"2026-02-25T00:28:59","slug":"bone-musto-essential-fd-crew-na-cor-platina","status":"publish","type":"product","link":"https:\/\/stoic-curie.212-227-153-4.plesk.page\/pt\/product\/bone-musto-essential-fd-crew-na-cor-platina\/","title":{"rendered":"Bon\u00e9 Musto Essential FD Crew na cor Platina"},"content":{"rendered":"<p>Bon\u00e9 Musto Essential FD Crew na cor Platina &#8211; <\/p>\n<p>O bon\u00e9 Musto Essential Fast Dry Crew \u00e9 feito de poli\u00e9ster 100% resistente e possui um revestimento repelente \u00e0 \u00e1gua dur\u00e1vel (DWR) que ajuda a \u00e1gua a se formar em gotas e a escorrer, proporcionando tempos de secagem mais r\u00e1pidos. Com propriedades de prote\u00e7\u00e3o UV para exposi\u00e7\u00e3o prolongada ao sol, tamb\u00e9m inclui ajuste traseiro e um clipe de reten\u00e7\u00e3o para fix\u00e1-lo ao cap\u00f4 ou ao colarinho e mant\u00ea-lo seguro em dias ventosos.<\/p>\n","protected":false},"excerpt":{"rendered":"<p>Bon\u00e9 Musto Essential FD Crew na cor Platina &#8211; O bon\u00e9 Musto Essential Fast Dry Crew \u00e9 feito de poli\u00e9ster<\/p>\n","protected":false},"featured_media":5754050,"comment_status":"open","ping_status":"closed","template":"","meta":[],"product_brand":[3157],"product_cat":[2141],"product_tag":[],"class_list":{"0":"post-5757284","1":"product","2":"type-product","3":"status-publish","4":"has-post-thumbnail","6":"product_brand-musto-pt","7":"product_cat-vestuario-de-vela-musto","9":"first","10":"instock","11":"shipping-taxable","12":"purchasable","13":"product-type-simple"},"_links":{"self":[{"href":"https:\/\/stoic-curie.212-227-153-4.plesk.page\/pt\/wp-json\/wp\/v2\/product\/5757284","targetHints":{"allow":["GET"]}}],"collection":[{"href":"https:\/\/stoic-curie.212-227-153-4.plesk.page\/pt\/wp-json\/wp\/v2\/product"}],"about":[{"href":"https:\/\/stoic-curie.212-227-153-4.plesk.page\/pt\/wp-json\/wp\/v2\/types\/product"}],"replies":[{"embeddable":true,"href":"https:\/\/stoic-curie.212-227-153-4.plesk.page\/pt\/wp-json\/wp\/v2\/comments?post=5757284"}],"version-history":[{"count":0,"href":"https:\/\/stoic-curie.212-227-153-4.plesk.page\/pt\/wp-json\/wp\/v2\/product\/5757284\/revisions"}],"wp:featuredmedia":[{"embeddable":true,"href":"https:\/\/stoic-curie.212-227-153-4.plesk.page\/pt\/wp-json\/wp\/v2\/media\/5754050"}],"wp:attachment":[{"href":"https:\/\/stoic-curie.212-227-153-4.plesk.page\/pt\/wp-json\/wp\/v2\/media?parent=5757284"}],"wp:term":[{"taxonomy":"product_brand","embeddable":true,"href":"https:\/\/stoic-curie.212-227-153-4.plesk.page\/pt\/wp-json\/wp\/v2\/product_brand?post=5757284"},{"taxonomy":"product_cat","embeddable":true,"href":"https:\/\/stoic-curie.212-227-153-4.plesk.page\/pt\/wp-json\/wp\/v2\/product_cat?post=5757284"},{"taxonomy":"product_tag","embeddable":true,"href":"https:\/\/stoic-curie.212-227-153-4.plesk.page\/pt\/wp-json\/wp\/v2\/product_tag?post=5757284"}],"curies":[{"name":"wp","href":"https:\/\/api.w.org\/{rel}","templated":true}]}}