{"id":5757288,"date":"2026-02-12T14:09:32","date_gmt":"2026-02-12T13:09:32","guid":{"rendered":"https:\/\/stoic-curie.212-227-153-4.plesk.page\/product\/chapeu-com-aba-musto-fd-tamanho-s-m-azul-marinho\/"},"modified":"2026-02-25T00:28:59","modified_gmt":"2026-02-25T00:28:59","slug":"chapeu-com-aba-musto-fd-tamanho-s-m-azul-marinho","status":"publish","type":"product","link":"https:\/\/stoic-curie.212-227-153-4.plesk.page\/pt\/product\/chapeu-com-aba-musto-fd-tamanho-s-m-azul-marinho\/","title":{"rendered":"Chap\u00e9u com Aba Musto FD Tamanho S\/M &#8211; Azul Marinho"},"content":{"rendered":"<p>Chap\u00e9u com Aba Musto FD Tamanho S\/M &#8211; Azul Marinho &#8211; <\/p>\n<p>O chap\u00e9u com aba Musto Fast Dry possui um revestimento repelente de \u00e1gua dur\u00e1vel (DWR) livre de PFC que permite que a \u00e1gua forme gotas e escorra, garantindo tempos de secagem mais r\u00e1pidos. Tem um Fator de Prote\u00e7\u00e3o Ultravioleta (UPF) de 40, um ajustador de cord\u00e3o que mant\u00e9m o chap\u00e9u seguro em condi\u00e7\u00f5es de vento, e um fecho de aba que mant\u00e9m a aba levantada quando voc\u00ea deseja que fique fora do caminho. Clique aqui para verificar o tamanho exato:<\/p>\n","protected":false},"excerpt":{"rendered":"<p>Chap\u00e9u com Aba Musto FD Tamanho S\/M &#8211; Azul Marinho &#8211; O chap\u00e9u com aba Musto Fast Dry possui um<\/p>\n","protected":false},"featured_media":5754078,"comment_status":"open","ping_status":"closed","template":"","meta":[],"product_brand":[3157],"product_cat":[2141],"product_tag":[],"class_list":{"0":"post-5757288","1":"product","2":"type-product","3":"status-publish","4":"has-post-thumbnail","6":"product_brand-musto-pt","7":"product_cat-vestuario-de-vela-musto","9":"first","10":"instock","11":"shipping-taxable","12":"purchasable","13":"product-type-simple"},"_links":{"self":[{"href":"https:\/\/stoic-curie.212-227-153-4.plesk.page\/pt\/wp-json\/wp\/v2\/product\/5757288","targetHints":{"allow":["GET"]}}],"collection":[{"href":"https:\/\/stoic-curie.212-227-153-4.plesk.page\/pt\/wp-json\/wp\/v2\/product"}],"about":[{"href":"https:\/\/stoic-curie.212-227-153-4.plesk.page\/pt\/wp-json\/wp\/v2\/types\/product"}],"replies":[{"embeddable":true,"href":"https:\/\/stoic-curie.212-227-153-4.plesk.page\/pt\/wp-json\/wp\/v2\/comments?post=5757288"}],"version-history":[{"count":0,"href":"https:\/\/stoic-curie.212-227-153-4.plesk.page\/pt\/wp-json\/wp\/v2\/product\/5757288\/revisions"}],"wp:featuredmedia":[{"embeddable":true,"href":"https:\/\/stoic-curie.212-227-153-4.plesk.page\/pt\/wp-json\/wp\/v2\/media\/5754078"}],"wp:attachment":[{"href":"https:\/\/stoic-curie.212-227-153-4.plesk.page\/pt\/wp-json\/wp\/v2\/media?parent=5757288"}],"wp:term":[{"taxonomy":"product_brand","embeddable":true,"href":"https:\/\/stoic-curie.212-227-153-4.plesk.page\/pt\/wp-json\/wp\/v2\/product_brand?post=5757288"},{"taxonomy":"product_cat","embeddable":true,"href":"https:\/\/stoic-curie.212-227-153-4.plesk.page\/pt\/wp-json\/wp\/v2\/product_cat?post=5757288"},{"taxonomy":"product_tag","embeddable":true,"href":"https:\/\/stoic-curie.212-227-153-4.plesk.page\/pt\/wp-json\/wp\/v2\/product_tag?post=5757288"}],"curies":[{"name":"wp","href":"https:\/\/api.w.org\/{rel}","templated":true}]}}