{"id":5757291,"date":"2026-02-12T14:09:34","date_gmt":"2026-02-12T13:09:34","guid":{"rendered":"https:\/\/stoic-curie.212-227-153-4.plesk.page\/product\/chapeu-com-aba-larga-musto-fd-tamanho-l-xl-branco\/"},"modified":"2026-02-25T00:28:59","modified_gmt":"2026-02-25T00:28:59","slug":"chapeu-com-aba-larga-musto-fd-tamanho-l-xl-branco","status":"publish","type":"product","link":"https:\/\/stoic-curie.212-227-153-4.plesk.page\/pt\/product\/chapeu-com-aba-larga-musto-fd-tamanho-l-xl-branco\/","title":{"rendered":"Chap\u00e9u com aba larga Musto FD Tamanho L\/XL &#8211; Branco"},"content":{"rendered":"<p>Chap\u00e9u com aba larga Musto FD Tamanho L\/XL &#8211; Branco &#8211; <\/p>\n<p>O chap\u00e9u com aba larga Musto Fast Dry possui um revestimento DWR (dur\u00e1vel e repelente a \u00e1gua) livre de PFC que permite que a \u00e1gua forme gotas e escorra, resultando em tempos de secagem mais r\u00e1pidos. Com um alto fator de prote\u00e7\u00e3o ultravioleta (UPF) de 40, este chap\u00e9u oferece excelente prote\u00e7\u00e3o solar. O ajustador de cord\u00e3o mant\u00e9m o chap\u00e9u seguro no vento, enquanto o bot\u00e3o de aba permite manter a aba para cima e fora do caminho quando desejado. <a>Clique aqui para verificar o tamanho exato.<\/a><\/p>\n","protected":false},"excerpt":{"rendered":"<p>Chap\u00e9u com aba larga Musto FD Tamanho L\/XL &#8211; Branco &#8211; O chap\u00e9u com aba larga Musto Fast Dry possui<\/p>\n","protected":false},"featured_media":5754078,"comment_status":"open","ping_status":"closed","template":"","meta":[],"product_brand":[3157],"product_cat":[2141],"product_tag":[],"class_list":{"0":"post-5757291","1":"product","2":"type-product","3":"status-publish","4":"has-post-thumbnail","6":"product_brand-musto-pt","7":"product_cat-vestuario-de-vela-musto","9":"first","10":"instock","11":"shipping-taxable","12":"purchasable","13":"product-type-simple"},"_links":{"self":[{"href":"https:\/\/stoic-curie.212-227-153-4.plesk.page\/pt\/wp-json\/wp\/v2\/product\/5757291","targetHints":{"allow":["GET"]}}],"collection":[{"href":"https:\/\/stoic-curie.212-227-153-4.plesk.page\/pt\/wp-json\/wp\/v2\/product"}],"about":[{"href":"https:\/\/stoic-curie.212-227-153-4.plesk.page\/pt\/wp-json\/wp\/v2\/types\/product"}],"replies":[{"embeddable":true,"href":"https:\/\/stoic-curie.212-227-153-4.plesk.page\/pt\/wp-json\/wp\/v2\/comments?post=5757291"}],"version-history":[{"count":0,"href":"https:\/\/stoic-curie.212-227-153-4.plesk.page\/pt\/wp-json\/wp\/v2\/product\/5757291\/revisions"}],"wp:featuredmedia":[{"embeddable":true,"href":"https:\/\/stoic-curie.212-227-153-4.plesk.page\/pt\/wp-json\/wp\/v2\/media\/5754078"}],"wp:attachment":[{"href":"https:\/\/stoic-curie.212-227-153-4.plesk.page\/pt\/wp-json\/wp\/v2\/media?parent=5757291"}],"wp:term":[{"taxonomy":"product_brand","embeddable":true,"href":"https:\/\/stoic-curie.212-227-153-4.plesk.page\/pt\/wp-json\/wp\/v2\/product_brand?post=5757291"},{"taxonomy":"product_cat","embeddable":true,"href":"https:\/\/stoic-curie.212-227-153-4.plesk.page\/pt\/wp-json\/wp\/v2\/product_cat?post=5757291"},{"taxonomy":"product_tag","embeddable":true,"href":"https:\/\/stoic-curie.212-227-153-4.plesk.page\/pt\/wp-json\/wp\/v2\/product_tag?post=5757291"}],"curies":[{"name":"wp","href":"https:\/\/api.w.org\/{rel}","templated":true}]}}