{"id":5775334,"date":"2026-02-13T14:24:37","date_gmt":"2026-02-13T13:24:37","guid":{"rendered":"https:\/\/stoic-curie.212-227-153-4.plesk.page\/product\/bolsa-de-equipamento-umido-jobe\/"},"modified":"2026-02-25T00:28:59","modified_gmt":"2026-02-25T00:28:59","slug":"bolsa-de-equipamento-umido-jobe","status":"publish","type":"product","link":"https:\/\/stoic-curie.212-227-153-4.plesk.page\/pt\/product\/bolsa-de-equipamento-umido-jobe\/","title":{"rendered":"Bolsa de Equipamento \u00damido Jobe"},"content":{"rendered":"<p>Bolsa de Equipamento \u00damido Jobe &#8211; <\/p>\n<p>Com uma ampla abertura, a Bolsa de Equipamento \u00damido Jobe facilita o transporte de seu equipamento molhado. Inclui uma al\u00e7a de neoprene para transporte confort\u00e1vel, um fundo de PVC dur\u00e1vel e um tecido em malha que ajuda a drenar a \u00e1gua da bolsa. Al\u00e9m disso, possui dois mosquet\u00f5es para pendurar a bolsa de cabe\u00e7a para baixo, permitindo um eficiente escoamento da \u00e1gua, e um fechamento com z\u00edper seguro na parte superior.<\/p>\n","protected":false},"excerpt":{"rendered":"<p>Bolsa de Equipamento \u00damido Jobe &#8211; Com uma ampla abertura, a Bolsa de Equipamento \u00damido Jobe facilita o transporte de<\/p>\n","protected":false},"featured_media":5772680,"comment_status":"open","ping_status":"closed","template":"","meta":[],"product_brand":[3042],"product_cat":[2142],"product_tag":[],"class_list":{"0":"post-5775334","1":"product","2":"type-product","3":"status-publish","4":"has-post-thumbnail","6":"product_brand-jobe-sports-pt","7":"product_cat-sacos-e-bolsas-estanques","9":"first","10":"instock","11":"shipping-taxable","12":"purchasable","13":"product-type-simple"},"_links":{"self":[{"href":"https:\/\/stoic-curie.212-227-153-4.plesk.page\/pt\/wp-json\/wp\/v2\/product\/5775334","targetHints":{"allow":["GET"]}}],"collection":[{"href":"https:\/\/stoic-curie.212-227-153-4.plesk.page\/pt\/wp-json\/wp\/v2\/product"}],"about":[{"href":"https:\/\/stoic-curie.212-227-153-4.plesk.page\/pt\/wp-json\/wp\/v2\/types\/product"}],"replies":[{"embeddable":true,"href":"https:\/\/stoic-curie.212-227-153-4.plesk.page\/pt\/wp-json\/wp\/v2\/comments?post=5775334"}],"version-history":[{"count":0,"href":"https:\/\/stoic-curie.212-227-153-4.plesk.page\/pt\/wp-json\/wp\/v2\/product\/5775334\/revisions"}],"wp:featuredmedia":[{"embeddable":true,"href":"https:\/\/stoic-curie.212-227-153-4.plesk.page\/pt\/wp-json\/wp\/v2\/media\/5772680"}],"wp:attachment":[{"href":"https:\/\/stoic-curie.212-227-153-4.plesk.page\/pt\/wp-json\/wp\/v2\/media?parent=5775334"}],"wp:term":[{"taxonomy":"product_brand","embeddable":true,"href":"https:\/\/stoic-curie.212-227-153-4.plesk.page\/pt\/wp-json\/wp\/v2\/product_brand?post=5775334"},{"taxonomy":"product_cat","embeddable":true,"href":"https:\/\/stoic-curie.212-227-153-4.plesk.page\/pt\/wp-json\/wp\/v2\/product_cat?post=5775334"},{"taxonomy":"product_tag","embeddable":true,"href":"https:\/\/stoic-curie.212-227-153-4.plesk.page\/pt\/wp-json\/wp\/v2\/product_tag?post=5775334"}],"curies":[{"name":"wp","href":"https:\/\/api.w.org\/{rel}","templated":true}]}}