{"id":5775335,"date":"2026-02-13T14:24:38","date_gmt":"2026-02-13T13:24:38","guid":{"rendered":"https:\/\/stoic-curie.212-227-153-4.plesk.page\/product\/mochila-impermeavel-jobe-20l\/"},"modified":"2026-02-25T00:28:59","modified_gmt":"2026-02-25T00:28:59","slug":"mochila-impermeavel-jobe-20l","status":"publish","type":"product","link":"https:\/\/stoic-curie.212-227-153-4.plesk.page\/pt\/product\/mochila-impermeavel-jobe-20l\/","title":{"rendered":"Mochila Imperme\u00e1vel Jobe 20L"},"content":{"rendered":"<p>Mochila Imperme\u00e1vel Jobe 20L &#8211; <\/p>\n<p>A Mochila Imperme\u00e1vel Jobe \u00e9 feita de material TPU 420D revestido em um lado, que mant\u00e9m seu equipamento seco e livre de \u00e1gua e sujeira. Esta mochila inclui uma al\u00e7a pr\u00e1tica, quatro clipes de mosquet\u00e3o para fixar a bolsa \u00e0 sua prancha SUP e dois bolsos repelentes \u00e0 \u00e1gua na parte externa. Tamb\u00e9m possui cordas el\u00e1sticas, um compartimento para laptop adequado para laptops de 15 polegadas e dois bolsos el\u00e1sticos para garrafas de \u00e1gua. Dentro, voc\u00ea encontrar\u00e1 um bolso adicional para laptop e al\u00e7as de ombro ajust\u00e1veis com malha 3D, al\u00e9m de uma correia peitoral ajust\u00e1vel para maior conforto.<\/p>\n","protected":false},"excerpt":{"rendered":"<p>Mochila Imperme\u00e1vel Jobe 20L &#8211; A Mochila Imperme\u00e1vel Jobe \u00e9 feita de material TPU 420D revestido em um lado, que<\/p>\n","protected":false},"featured_media":5772683,"comment_status":"open","ping_status":"closed","template":"","meta":[],"product_brand":[3042],"product_cat":[2142],"product_tag":[],"class_list":{"0":"post-5775335","1":"product","2":"type-product","3":"status-publish","4":"has-post-thumbnail","6":"product_brand-jobe-sports-pt","7":"product_cat-sacos-e-bolsas-estanques","9":"first","10":"instock","11":"shipping-taxable","12":"purchasable","13":"product-type-simple"},"_links":{"self":[{"href":"https:\/\/stoic-curie.212-227-153-4.plesk.page\/pt\/wp-json\/wp\/v2\/product\/5775335","targetHints":{"allow":["GET"]}}],"collection":[{"href":"https:\/\/stoic-curie.212-227-153-4.plesk.page\/pt\/wp-json\/wp\/v2\/product"}],"about":[{"href":"https:\/\/stoic-curie.212-227-153-4.plesk.page\/pt\/wp-json\/wp\/v2\/types\/product"}],"replies":[{"embeddable":true,"href":"https:\/\/stoic-curie.212-227-153-4.plesk.page\/pt\/wp-json\/wp\/v2\/comments?post=5775335"}],"version-history":[{"count":0,"href":"https:\/\/stoic-curie.212-227-153-4.plesk.page\/pt\/wp-json\/wp\/v2\/product\/5775335\/revisions"}],"wp:featuredmedia":[{"embeddable":true,"href":"https:\/\/stoic-curie.212-227-153-4.plesk.page\/pt\/wp-json\/wp\/v2\/media\/5772683"}],"wp:attachment":[{"href":"https:\/\/stoic-curie.212-227-153-4.plesk.page\/pt\/wp-json\/wp\/v2\/media?parent=5775335"}],"wp:term":[{"taxonomy":"product_brand","embeddable":true,"href":"https:\/\/stoic-curie.212-227-153-4.plesk.page\/pt\/wp-json\/wp\/v2\/product_brand?post=5775335"},{"taxonomy":"product_cat","embeddable":true,"href":"https:\/\/stoic-curie.212-227-153-4.plesk.page\/pt\/wp-json\/wp\/v2\/product_cat?post=5775335"},{"taxonomy":"product_tag","embeddable":true,"href":"https:\/\/stoic-curie.212-227-153-4.plesk.page\/pt\/wp-json\/wp\/v2\/product_tag?post=5775335"}],"curies":[{"name":"wp","href":"https:\/\/api.w.org\/{rel}","templated":true}]}}