{"id":5775336,"date":"2026-02-13T14:24:39","date_gmt":"2026-02-13T13:24:39","guid":{"rendered":"https:\/\/stoic-curie.212-227-153-4.plesk.page\/product\/bolsa-termica-impermeavel-jobe-com-capacidade-de-20l-51-x-35-cm\/"},"modified":"2026-02-25T00:28:59","modified_gmt":"2026-02-25T00:28:59","slug":"bolsa-termica-impermeavel-jobe-com-capacidade-de-20l-51-x-35-cm","status":"publish","type":"product","link":"https:\/\/stoic-curie.212-227-153-4.plesk.page\/pt\/product\/bolsa-termica-impermeavel-jobe-com-capacidade-de-20l-51-x-35-cm\/","title":{"rendered":"Bolsa T\u00e9rmica Imperme\u00e1vel Jobe com Capacidade de 20L (51 x 35 cm)"},"content":{"rendered":"<p>Bolsa T\u00e9rmica Imperme\u00e1vel Jobe com Capacidade de 20L (51 x 35 cm) &#8211; <\/p>\n<p>Descubra a Bolsa T\u00e9rmica Imperme\u00e1vel Jobe, projetada com TPU 420D revestido dos dois lados para uma durabilidade superior. Possui espumas de isolamento com revestimento de TPU para manter suas bebidas frescas. A bolsa inclui uma al\u00e7a em neoprene, al\u00e7as ajust\u00e1veis com malha 3D para conforto, uma cinta peitoral ajust\u00e1vel, cordas el\u00e1sticas para armazenamento extra e quatro clipes de mosquet\u00e3o para prender a bolsa de forma segura a uma prancha SUP. Al\u00e9m disso, h\u00e1 um bolso repelente \u00e0 \u00e1gua na parte externa para os seus itens essenciais.<\/p>\n","protected":false},"excerpt":{"rendered":"<p>Bolsa T\u00e9rmica Imperme\u00e1vel Jobe com Capacidade de 20L (51 x 35 cm) &#8211; Descubra a Bolsa T\u00e9rmica Imperme\u00e1vel Jobe, projetada<\/p>\n","protected":false},"featured_media":5772687,"comment_status":"open","ping_status":"closed","template":"","meta":[],"product_brand":[3042],"product_cat":[2142],"product_tag":[],"class_list":{"0":"post-5775336","1":"product","2":"type-product","3":"status-publish","4":"has-post-thumbnail","6":"product_brand-jobe-sports-pt","7":"product_cat-sacos-e-bolsas-estanques","9":"first","10":"instock","11":"shipping-taxable","12":"purchasable","13":"product-type-simple"},"_links":{"self":[{"href":"https:\/\/stoic-curie.212-227-153-4.plesk.page\/pt\/wp-json\/wp\/v2\/product\/5775336","targetHints":{"allow":["GET"]}}],"collection":[{"href":"https:\/\/stoic-curie.212-227-153-4.plesk.page\/pt\/wp-json\/wp\/v2\/product"}],"about":[{"href":"https:\/\/stoic-curie.212-227-153-4.plesk.page\/pt\/wp-json\/wp\/v2\/types\/product"}],"replies":[{"embeddable":true,"href":"https:\/\/stoic-curie.212-227-153-4.plesk.page\/pt\/wp-json\/wp\/v2\/comments?post=5775336"}],"version-history":[{"count":0,"href":"https:\/\/stoic-curie.212-227-153-4.plesk.page\/pt\/wp-json\/wp\/v2\/product\/5775336\/revisions"}],"wp:featuredmedia":[{"embeddable":true,"href":"https:\/\/stoic-curie.212-227-153-4.plesk.page\/pt\/wp-json\/wp\/v2\/media\/5772687"}],"wp:attachment":[{"href":"https:\/\/stoic-curie.212-227-153-4.plesk.page\/pt\/wp-json\/wp\/v2\/media?parent=5775336"}],"wp:term":[{"taxonomy":"product_brand","embeddable":true,"href":"https:\/\/stoic-curie.212-227-153-4.plesk.page\/pt\/wp-json\/wp\/v2\/product_brand?post=5775336"},{"taxonomy":"product_cat","embeddable":true,"href":"https:\/\/stoic-curie.212-227-153-4.plesk.page\/pt\/wp-json\/wp\/v2\/product_cat?post=5775336"},{"taxonomy":"product_tag","embeddable":true,"href":"https:\/\/stoic-curie.212-227-153-4.plesk.page\/pt\/wp-json\/wp\/v2\/product_tag?post=5775336"}],"curies":[{"name":"wp","href":"https:\/\/api.w.org\/{rel}","templated":true}]}}