{"id":5775337,"date":"2026-02-13T14:24:39","date_gmt":"2026-02-13T13:24:39","guid":{"rendered":"https:\/\/stoic-curie.212-227-153-4.plesk.page\/product\/capa-impermeavel-aquapac-keymaster-130x80mm-ref-604b\/"},"modified":"2026-02-25T00:28:59","modified_gmt":"2026-02-25T00:28:59","slug":"capa-impermeavel-aquapac-keymaster-130x80mm-ref-604b","status":"publish","type":"product","link":"https:\/\/stoic-curie.212-227-153-4.plesk.page\/pt\/product\/capa-impermeavel-aquapac-keymaster-130x80mm-ref-604b\/","title":{"rendered":"Capa Imperme\u00e1vel Aquapac Keymaster 130x80mm Ref 604B"},"content":{"rendered":"<p>Capa Imperme\u00e1vel Aquapac Keymaster 130x80mm Ref 604B &#8211; <\/p>\n<p>Esta capa imperme\u00e1vel pode ser submersa at\u00e9 10 metros, perfeita para manter pequenos objetos de valor, como chaves, cart\u00f5es de cr\u00e9dito e dinheiro, seguros. Vem completa com uma corda para transporte f\u00e1cil.<\/p>\n","protected":false},"excerpt":{"rendered":"<p>Capa Imperme\u00e1vel Aquapac Keymaster 130x80mm Ref 604B &#8211; Esta capa imperme\u00e1vel pode ser submersa at\u00e9 10 metros, perfeita para manter<\/p>\n","protected":false},"featured_media":5772691,"comment_status":"open","ping_status":"closed","template":"","meta":[],"product_brand":[2797],"product_cat":[2142],"product_tag":[],"class_list":{"0":"post-5775337","1":"product","2":"type-product","3":"status-publish","4":"has-post-thumbnail","6":"product_brand-aquapac-pt","7":"product_cat-sacos-e-bolsas-estanques","9":"first","10":"instock","11":"shipping-taxable","12":"purchasable","13":"product-type-simple"},"_links":{"self":[{"href":"https:\/\/stoic-curie.212-227-153-4.plesk.page\/pt\/wp-json\/wp\/v2\/product\/5775337","targetHints":{"allow":["GET"]}}],"collection":[{"href":"https:\/\/stoic-curie.212-227-153-4.plesk.page\/pt\/wp-json\/wp\/v2\/product"}],"about":[{"href":"https:\/\/stoic-curie.212-227-153-4.plesk.page\/pt\/wp-json\/wp\/v2\/types\/product"}],"replies":[{"embeddable":true,"href":"https:\/\/stoic-curie.212-227-153-4.plesk.page\/pt\/wp-json\/wp\/v2\/comments?post=5775337"}],"version-history":[{"count":0,"href":"https:\/\/stoic-curie.212-227-153-4.plesk.page\/pt\/wp-json\/wp\/v2\/product\/5775337\/revisions"}],"wp:featuredmedia":[{"embeddable":true,"href":"https:\/\/stoic-curie.212-227-153-4.plesk.page\/pt\/wp-json\/wp\/v2\/media\/5772691"}],"wp:attachment":[{"href":"https:\/\/stoic-curie.212-227-153-4.plesk.page\/pt\/wp-json\/wp\/v2\/media?parent=5775337"}],"wp:term":[{"taxonomy":"product_brand","embeddable":true,"href":"https:\/\/stoic-curie.212-227-153-4.plesk.page\/pt\/wp-json\/wp\/v2\/product_brand?post=5775337"},{"taxonomy":"product_cat","embeddable":true,"href":"https:\/\/stoic-curie.212-227-153-4.plesk.page\/pt\/wp-json\/wp\/v2\/product_cat?post=5775337"},{"taxonomy":"product_tag","embeddable":true,"href":"https:\/\/stoic-curie.212-227-153-4.plesk.page\/pt\/wp-json\/wp\/v2\/product_tag?post=5775337"}],"curies":[{"name":"wp","href":"https:\/\/api.w.org\/{rel}","templated":true}]}}