{"id":5775338,"date":"2026-02-13T14:24:40","date_gmt":"2026-02-13T13:24:40","guid":{"rendered":"https:\/\/stoic-curie.212-227-153-4.plesk.page\/product\/capa-a-prova-dagua-compact-plus-para-telefone-aquapac-150x190mm-ref-310\/"},"modified":"2026-02-25T00:28:59","modified_gmt":"2026-02-25T00:28:59","slug":"capa-a-prova-dagua-compact-plus-para-telefone-aquapac-150x190mm-ref-310","status":"publish","type":"product","link":"https:\/\/stoic-curie.212-227-153-4.plesk.page\/pt\/product\/capa-a-prova-dagua-compact-plus-para-telefone-aquapac-150x190mm-ref-310\/","title":{"rendered":"Capa \u00e0 Prova D&#8217;\u00c1gua Compact Plus para Telefone Aquapac 150x190mm Ref 310"},"content":{"rendered":"<p>Capa \u00e0 Prova D&#8217;\u00c1gua Compact Plus para Telefone Aquapac 150x190mm Ref 310 &#8211; <\/p>\n<p>Esta capa \u00e0 prova d&#8217;\u00e1gua \u00e9 submers\u00edvel at\u00e9 10 metros e projetada para smartphones. A janela de lente dupla Lenzlex permite tirar fotos incr\u00edveis dentro ou fora d&#8217;\u00e1gua, mantendo seu dispositivo totalmente seguro. Todos os bot\u00f5es, fun\u00e7\u00f5es e a tela sens\u00edvel ao toque funcionam normalmente atrav\u00e9s da capa. Inclui um novo Autoclip de 105 mm e uma al\u00e7a para maior conveni\u00eancia.<\/p>\n","protected":false},"excerpt":{"rendered":"<p>Capa \u00e0 Prova D&#8217;\u00c1gua Compact Plus para Telefone Aquapac 150x190mm Ref 310 &#8211; Esta capa \u00e0 prova d&#8217;\u00e1gua \u00e9 submers\u00edvel<\/p>\n","protected":false},"featured_media":5772696,"comment_status":"open","ping_status":"closed","template":"","meta":[],"product_brand":[2797],"product_cat":[2142],"product_tag":[],"class_list":{"0":"post-5775338","1":"product","2":"type-product","3":"status-publish","4":"has-post-thumbnail","6":"product_brand-aquapac-pt","7":"product_cat-sacos-e-bolsas-estanques","9":"first","10":"instock","11":"shipping-taxable","12":"purchasable","13":"product-type-simple"},"_links":{"self":[{"href":"https:\/\/stoic-curie.212-227-153-4.plesk.page\/pt\/wp-json\/wp\/v2\/product\/5775338","targetHints":{"allow":["GET"]}}],"collection":[{"href":"https:\/\/stoic-curie.212-227-153-4.plesk.page\/pt\/wp-json\/wp\/v2\/product"}],"about":[{"href":"https:\/\/stoic-curie.212-227-153-4.plesk.page\/pt\/wp-json\/wp\/v2\/types\/product"}],"replies":[{"embeddable":true,"href":"https:\/\/stoic-curie.212-227-153-4.plesk.page\/pt\/wp-json\/wp\/v2\/comments?post=5775338"}],"version-history":[{"count":0,"href":"https:\/\/stoic-curie.212-227-153-4.plesk.page\/pt\/wp-json\/wp\/v2\/product\/5775338\/revisions"}],"wp:featuredmedia":[{"embeddable":true,"href":"https:\/\/stoic-curie.212-227-153-4.plesk.page\/pt\/wp-json\/wp\/v2\/media\/5772696"}],"wp:attachment":[{"href":"https:\/\/stoic-curie.212-227-153-4.plesk.page\/pt\/wp-json\/wp\/v2\/media?parent=5775338"}],"wp:term":[{"taxonomy":"product_brand","embeddable":true,"href":"https:\/\/stoic-curie.212-227-153-4.plesk.page\/pt\/wp-json\/wp\/v2\/product_brand?post=5775338"},{"taxonomy":"product_cat","embeddable":true,"href":"https:\/\/stoic-curie.212-227-153-4.plesk.page\/pt\/wp-json\/wp\/v2\/product_cat?post=5775338"},{"taxonomy":"product_tag","embeddable":true,"href":"https:\/\/stoic-curie.212-227-153-4.plesk.page\/pt\/wp-json\/wp\/v2\/product_tag?post=5775338"}],"curies":[{"name":"wp","href":"https:\/\/api.w.org\/{rel}","templated":true}]}}