{"id":5775340,"date":"2026-02-13T14:24:41","date_gmt":"2026-02-13T13:24:41","guid":{"rendered":"https:\/\/stoic-curie.212-227-153-4.plesk.page\/product\/capa-flutuante-impermeavel-aquapac-max-impact-para-telefone-160x190mm-ref-334\/"},"modified":"2026-02-25T00:28:59","modified_gmt":"2026-02-25T00:28:59","slug":"capa-flutuante-impermeavel-aquapac-max-impact-para-telefone-160x190mm-ref-334","status":"publish","type":"product","link":"https:\/\/stoic-curie.212-227-153-4.plesk.page\/pt\/product\/capa-flutuante-impermeavel-aquapac-max-impact-para-telefone-160x190mm-ref-334\/","title":{"rendered":"Capa Flutuante Imperme\u00e1vel Aquapac Max Impact para Telefone 160x190mm Ref 334"},"content":{"rendered":"<p>Capa Flutuante Imperme\u00e1vel Aquapac Max Impact para Telefone 160x190mm Ref 334 &#8211; <\/p>\n<p>Esta capa imperme\u00e1vel \u00e9 submers\u00edvel at\u00e9 10 metros, flutua e \u00e9 resistente a choques, projetada especificamente para smartphones. A janela de lente dupla Lenzlex permite tirar fotos impressionantes tanto dentro quanto fora da \u00e1gua, mantendo seu smartphone totalmente seguro. Todos os bot\u00f5es, fun\u00e7\u00f5es e a tela sens\u00edvel ao toque funcionam normalmente atrav\u00e9s da capa. Vem completa com um traseiro de espuma de 5 mm para prote\u00e7\u00e3o contra impactos e uma al\u00e7a ajust\u00e1vel de 50 cm. C = circunfer\u00eancia interna.<\/p>\n","protected":false},"excerpt":{"rendered":"<p>Capa Flutuante Imperme\u00e1vel Aquapac Max Impact para Telefone 160x190mm Ref 334 &#8211; Esta capa imperme\u00e1vel \u00e9 submers\u00edvel at\u00e9 10 metros,<\/p>\n","protected":false},"featured_media":5772712,"comment_status":"open","ping_status":"closed","template":"","meta":[],"product_brand":[2797],"product_cat":[2142],"product_tag":[],"class_list":{"0":"post-5775340","1":"product","2":"type-product","3":"status-publish","4":"has-post-thumbnail","6":"product_brand-aquapac-pt","7":"product_cat-sacos-e-bolsas-estanques","9":"first","10":"instock","11":"shipping-taxable","12":"purchasable","13":"product-type-simple"},"_links":{"self":[{"href":"https:\/\/stoic-curie.212-227-153-4.plesk.page\/pt\/wp-json\/wp\/v2\/product\/5775340","targetHints":{"allow":["GET"]}}],"collection":[{"href":"https:\/\/stoic-curie.212-227-153-4.plesk.page\/pt\/wp-json\/wp\/v2\/product"}],"about":[{"href":"https:\/\/stoic-curie.212-227-153-4.plesk.page\/pt\/wp-json\/wp\/v2\/types\/product"}],"replies":[{"embeddable":true,"href":"https:\/\/stoic-curie.212-227-153-4.plesk.page\/pt\/wp-json\/wp\/v2\/comments?post=5775340"}],"version-history":[{"count":0,"href":"https:\/\/stoic-curie.212-227-153-4.plesk.page\/pt\/wp-json\/wp\/v2\/product\/5775340\/revisions"}],"wp:featuredmedia":[{"embeddable":true,"href":"https:\/\/stoic-curie.212-227-153-4.plesk.page\/pt\/wp-json\/wp\/v2\/media\/5772712"}],"wp:attachment":[{"href":"https:\/\/stoic-curie.212-227-153-4.plesk.page\/pt\/wp-json\/wp\/v2\/media?parent=5775340"}],"wp:term":[{"taxonomy":"product_brand","embeddable":true,"href":"https:\/\/stoic-curie.212-227-153-4.plesk.page\/pt\/wp-json\/wp\/v2\/product_brand?post=5775340"},{"taxonomy":"product_cat","embeddable":true,"href":"https:\/\/stoic-curie.212-227-153-4.plesk.page\/pt\/wp-json\/wp\/v2\/product_cat?post=5775340"},{"taxonomy":"product_tag","embeddable":true,"href":"https:\/\/stoic-curie.212-227-153-4.plesk.page\/pt\/wp-json\/wp\/v2\/product_tag?post=5775340"}],"curies":[{"name":"wp","href":"https:\/\/api.w.org\/{rel}","templated":true}]}}