{"id":5775341,"date":"2026-02-13T14:24:42","date_gmt":"2026-02-13T13:24:42","guid":{"rendered":"https:\/\/stoic-curie.212-227-153-4.plesk.page\/product\/capa-de-braco-a-prova-dagua-fidlock\/"},"modified":"2026-02-25T00:28:59","modified_gmt":"2026-02-25T00:28:59","slug":"capa-de-braco-a-prova-dagua-fidlock","status":"publish","type":"product","link":"https:\/\/stoic-curie.212-227-153-4.plesk.page\/pt\/product\/capa-de-braco-a-prova-dagua-fidlock\/","title":{"rendered":"Capa de Bra\u00e7o \u00e0 Prova d&#8217;\u00c1gua Fidlock"},"content":{"rendered":"<p>Capa de Bra\u00e7o \u00e0 Prova d&#8217;\u00c1gua Fidlock &#8211; <\/p>\n<p>Capa de bra\u00e7o \u00e0 prova d&#8217;\u00e1gua com tecnologia patentada Gooper\u00ae, um sistema de fechamento herm\u00e9tico autom\u00e1tico que protege o seu telefone do p\u00f3 e da umidade durante atividades ao ar livre. Inclui uma faixa el\u00e1stica amiga da pele, uma extens\u00e3o da faixa e permite o uso do smartphone atrav\u00e9s da capa, facilitando o ajuste do comprimento para um encaixe perfeito.<\/p>\n","protected":false},"excerpt":{"rendered":"<p>Capa de Bra\u00e7o \u00e0 Prova d&#8217;\u00c1gua Fidlock &#8211; Capa de bra\u00e7o \u00e0 prova d&#8217;\u00e1gua com tecnologia patentada Gooper\u00ae, um sistema<\/p>\n","protected":false},"featured_media":5772718,"comment_status":"open","ping_status":"closed","template":"","meta":[],"product_brand":[2797],"product_cat":[2142],"product_tag":[],"class_list":{"0":"post-5775341","1":"product","2":"type-product","3":"status-publish","4":"has-post-thumbnail","6":"product_brand-aquapac-pt","7":"product_cat-sacos-e-bolsas-estanques","9":"first","10":"instock","11":"shipping-taxable","12":"purchasable","13":"product-type-simple"},"_links":{"self":[{"href":"https:\/\/stoic-curie.212-227-153-4.plesk.page\/pt\/wp-json\/wp\/v2\/product\/5775341","targetHints":{"allow":["GET"]}}],"collection":[{"href":"https:\/\/stoic-curie.212-227-153-4.plesk.page\/pt\/wp-json\/wp\/v2\/product"}],"about":[{"href":"https:\/\/stoic-curie.212-227-153-4.plesk.page\/pt\/wp-json\/wp\/v2\/types\/product"}],"replies":[{"embeddable":true,"href":"https:\/\/stoic-curie.212-227-153-4.plesk.page\/pt\/wp-json\/wp\/v2\/comments?post=5775341"}],"version-history":[{"count":0,"href":"https:\/\/stoic-curie.212-227-153-4.plesk.page\/pt\/wp-json\/wp\/v2\/product\/5775341\/revisions"}],"wp:featuredmedia":[{"embeddable":true,"href":"https:\/\/stoic-curie.212-227-153-4.plesk.page\/pt\/wp-json\/wp\/v2\/media\/5772718"}],"wp:attachment":[{"href":"https:\/\/stoic-curie.212-227-153-4.plesk.page\/pt\/wp-json\/wp\/v2\/media?parent=5775341"}],"wp:term":[{"taxonomy":"product_brand","embeddable":true,"href":"https:\/\/stoic-curie.212-227-153-4.plesk.page\/pt\/wp-json\/wp\/v2\/product_brand?post=5775341"},{"taxonomy":"product_cat","embeddable":true,"href":"https:\/\/stoic-curie.212-227-153-4.plesk.page\/pt\/wp-json\/wp\/v2\/product_cat?post=5775341"},{"taxonomy":"product_tag","embeddable":true,"href":"https:\/\/stoic-curie.212-227-153-4.plesk.page\/pt\/wp-json\/wp\/v2\/product_tag?post=5775341"}],"curies":[{"name":"wp","href":"https:\/\/api.w.org\/{rel}","templated":true}]}}