{"id":5775342,"date":"2026-02-13T14:24:43","date_gmt":"2026-02-13T13:24:43","guid":{"rendered":"https:\/\/stoic-curie.212-227-153-4.plesk.page\/product\/capa-impermeavel-fidlock-para-peito\/"},"modified":"2026-02-25T00:29:03","modified_gmt":"2026-02-25T00:29:03","slug":"capa-impermeavel-fidlock-para-peito","status":"publish","type":"product","link":"https:\/\/stoic-curie.212-227-153-4.plesk.page\/pt\/product\/capa-impermeavel-fidlock-para-peito\/","title":{"rendered":"Capa Imperme\u00e1vel Fidlock para Peito"},"content":{"rendered":"<p>Capa Imperme\u00e1vel Fidlock para Peito &#8211; <\/p>\n<p>Correia imperme\u00e1vel com tecnologia patenteada Gooper\u00ae, um sistema de fechamento herm\u00e9tico autom\u00e1tico que mant\u00e9m seu telefone protegido da poeira e umidade durante atividades ao ar livre. Possui um sistema de tira ajust\u00e1vel para um ajuste ideal, uma fivela magn\u00e9tica FIDLOCK de libera\u00e7\u00e3o r\u00e1pida e permite o uso de seu smartphone atrav\u00e9s da capa.<\/p>\n","protected":false},"excerpt":{"rendered":"<p>Capa Imperme\u00e1vel Fidlock para Peito &#8211; Correia imperme\u00e1vel com tecnologia patenteada Gooper\u00ae, um sistema de fechamento herm\u00e9tico autom\u00e1tico que mant\u00e9m<\/p>\n","protected":false},"featured_media":5772724,"comment_status":"open","ping_status":"closed","template":"","meta":[],"product_brand":[2797],"product_cat":[2142],"product_tag":[],"class_list":{"0":"post-5775342","1":"product","2":"type-product","3":"status-publish","4":"has-post-thumbnail","6":"product_brand-aquapac-pt","7":"product_cat-sacos-e-bolsas-estanques","9":"first","10":"instock","11":"shipping-taxable","12":"purchasable","13":"product-type-simple"},"_links":{"self":[{"href":"https:\/\/stoic-curie.212-227-153-4.plesk.page\/pt\/wp-json\/wp\/v2\/product\/5775342","targetHints":{"allow":["GET"]}}],"collection":[{"href":"https:\/\/stoic-curie.212-227-153-4.plesk.page\/pt\/wp-json\/wp\/v2\/product"}],"about":[{"href":"https:\/\/stoic-curie.212-227-153-4.plesk.page\/pt\/wp-json\/wp\/v2\/types\/product"}],"replies":[{"embeddable":true,"href":"https:\/\/stoic-curie.212-227-153-4.plesk.page\/pt\/wp-json\/wp\/v2\/comments?post=5775342"}],"version-history":[{"count":0,"href":"https:\/\/stoic-curie.212-227-153-4.plesk.page\/pt\/wp-json\/wp\/v2\/product\/5775342\/revisions"}],"wp:featuredmedia":[{"embeddable":true,"href":"https:\/\/stoic-curie.212-227-153-4.plesk.page\/pt\/wp-json\/wp\/v2\/media\/5772724"}],"wp:attachment":[{"href":"https:\/\/stoic-curie.212-227-153-4.plesk.page\/pt\/wp-json\/wp\/v2\/media?parent=5775342"}],"wp:term":[{"taxonomy":"product_brand","embeddable":true,"href":"https:\/\/stoic-curie.212-227-153-4.plesk.page\/pt\/wp-json\/wp\/v2\/product_brand?post=5775342"},{"taxonomy":"product_cat","embeddable":true,"href":"https:\/\/stoic-curie.212-227-153-4.plesk.page\/pt\/wp-json\/wp\/v2\/product_cat?post=5775342"},{"taxonomy":"product_tag","embeddable":true,"href":"https:\/\/stoic-curie.212-227-153-4.plesk.page\/pt\/wp-json\/wp\/v2\/product_tag?post=5775342"}],"curies":[{"name":"wp","href":"https:\/\/api.w.org\/{rel}","templated":true}]}}