{"id":5775343,"date":"2026-02-13T14:24:43","date_gmt":"2026-02-13T13:24:43","guid":{"rendered":"https:\/\/stoic-curie.212-227-153-4.plesk.page\/product\/fidlock-dry-bag-mini-capa-impermeavel\/"},"modified":"2026-02-25T00:29:03","modified_gmt":"2026-02-25T00:29:03","slug":"fidlock-dry-bag-mini-capa-impermeavel","status":"publish","type":"product","link":"https:\/\/stoic-curie.212-227-153-4.plesk.page\/pt\/product\/fidlock-dry-bag-mini-capa-impermeavel\/","title":{"rendered":"Fidlock Dry Bag Mini Capa Imperme\u00e1vel"},"content":{"rendered":"<p>Fidlock Dry Bag Mini Capa Imperme\u00e1vel &#8211; <\/p>\n<p>Capa imperme\u00e1vel submers\u00edvel at\u00e9 30 metros, com tecnologia patenteada Gooper\u00c2\u00ae. Este inovador sistema autom\u00e1tico de fechamento herm\u00e9tico garante que todos os pertences pessoais guardados no interior fiquem seguros. A capa vem com uma corda de 400 x 9 mm para f\u00e1cil transporte.<\/p>\n","protected":false},"excerpt":{"rendered":"<p>Fidlock Dry Bag Mini Capa Imperme\u00e1vel &#8211; Capa imperme\u00e1vel submers\u00edvel at\u00e9 30 metros, com tecnologia patenteada Gooper\u00c2\u00ae. Este inovador sistema<\/p>\n","protected":false},"featured_media":5772730,"comment_status":"open","ping_status":"closed","template":"","meta":[],"product_brand":[2797],"product_cat":[2142],"product_tag":[],"class_list":{"0":"post-5775343","1":"product","2":"type-product","3":"status-publish","4":"has-post-thumbnail","6":"product_brand-aquapac-pt","7":"product_cat-sacos-e-bolsas-estanques","9":"first","10":"instock","11":"shipping-taxable","12":"purchasable","13":"product-type-simple"},"_links":{"self":[{"href":"https:\/\/stoic-curie.212-227-153-4.plesk.page\/pt\/wp-json\/wp\/v2\/product\/5775343","targetHints":{"allow":["GET"]}}],"collection":[{"href":"https:\/\/stoic-curie.212-227-153-4.plesk.page\/pt\/wp-json\/wp\/v2\/product"}],"about":[{"href":"https:\/\/stoic-curie.212-227-153-4.plesk.page\/pt\/wp-json\/wp\/v2\/types\/product"}],"replies":[{"embeddable":true,"href":"https:\/\/stoic-curie.212-227-153-4.plesk.page\/pt\/wp-json\/wp\/v2\/comments?post=5775343"}],"version-history":[{"count":0,"href":"https:\/\/stoic-curie.212-227-153-4.plesk.page\/pt\/wp-json\/wp\/v2\/product\/5775343\/revisions"}],"wp:featuredmedia":[{"embeddable":true,"href":"https:\/\/stoic-curie.212-227-153-4.plesk.page\/pt\/wp-json\/wp\/v2\/media\/5772730"}],"wp:attachment":[{"href":"https:\/\/stoic-curie.212-227-153-4.plesk.page\/pt\/wp-json\/wp\/v2\/media?parent=5775343"}],"wp:term":[{"taxonomy":"product_brand","embeddable":true,"href":"https:\/\/stoic-curie.212-227-153-4.plesk.page\/pt\/wp-json\/wp\/v2\/product_brand?post=5775343"},{"taxonomy":"product_cat","embeddable":true,"href":"https:\/\/stoic-curie.212-227-153-4.plesk.page\/pt\/wp-json\/wp\/v2\/product_cat?post=5775343"},{"taxonomy":"product_tag","embeddable":true,"href":"https:\/\/stoic-curie.212-227-153-4.plesk.page\/pt\/wp-json\/wp\/v2\/product_tag?post=5775343"}],"curies":[{"name":"wp","href":"https:\/\/api.w.org\/{rel}","templated":true}]}}