{"id":5775344,"date":"2026-02-13T14:24:44","date_gmt":"2026-02-13T13:24:44","guid":{"rendered":"https:\/\/stoic-curie.212-227-153-4.plesk.page\/product\/estojo-impermeavel-fidlock-sling-bag\/"},"modified":"2026-02-25T00:29:03","modified_gmt":"2026-02-25T00:29:03","slug":"estojo-impermeavel-fidlock-sling-bag","status":"publish","type":"product","link":"https:\/\/stoic-curie.212-227-153-4.plesk.page\/pt\/product\/estojo-impermeavel-fidlock-sling-bag\/","title":{"rendered":"Estojo Imperme\u00e1vel Fidlock Sling Bag"},"content":{"rendered":"<p>Estojo Imperme\u00e1vel Fidlock Sling Bag &#8211; <\/p>\n<p>Estojo de cinto imperme\u00e1vel com tecnologia patenteada Gooper\u00c2\u00ae, um sistema autom\u00e1tico de fechamento herm\u00e9tico que mant\u00e9m todos os seus efeitos pessoais seguros dentro. Ideal para atividades ao ar livre, tamb\u00e9m pode ser usado como uma bolsa de ombro para transportar smartphones, documentos, chaves e dinheiro. Completo com uma al\u00e7a de libera\u00e7\u00e3o r\u00e1pida com fivela magn\u00e9tica FIDLOCK.<\/p>\n","protected":false},"excerpt":{"rendered":"<p>Estojo Imperme\u00e1vel Fidlock Sling Bag &#8211; Estojo de cinto imperme\u00e1vel com tecnologia patenteada Gooper\u00c2\u00ae, um sistema autom\u00e1tico de fechamento herm\u00e9tico<\/p>\n","protected":false},"featured_media":5772736,"comment_status":"open","ping_status":"closed","template":"","meta":[],"product_brand":[2797],"product_cat":[2142],"product_tag":[],"class_list":{"0":"post-5775344","1":"product","2":"type-product","3":"status-publish","4":"has-post-thumbnail","6":"product_brand-aquapac-pt","7":"product_cat-sacos-e-bolsas-estanques","9":"first","10":"instock","11":"shipping-taxable","12":"purchasable","13":"product-type-simple"},"_links":{"self":[{"href":"https:\/\/stoic-curie.212-227-153-4.plesk.page\/pt\/wp-json\/wp\/v2\/product\/5775344","targetHints":{"allow":["GET"]}}],"collection":[{"href":"https:\/\/stoic-curie.212-227-153-4.plesk.page\/pt\/wp-json\/wp\/v2\/product"}],"about":[{"href":"https:\/\/stoic-curie.212-227-153-4.plesk.page\/pt\/wp-json\/wp\/v2\/types\/product"}],"replies":[{"embeddable":true,"href":"https:\/\/stoic-curie.212-227-153-4.plesk.page\/pt\/wp-json\/wp\/v2\/comments?post=5775344"}],"version-history":[{"count":0,"href":"https:\/\/stoic-curie.212-227-153-4.plesk.page\/pt\/wp-json\/wp\/v2\/product\/5775344\/revisions"}],"wp:featuredmedia":[{"embeddable":true,"href":"https:\/\/stoic-curie.212-227-153-4.plesk.page\/pt\/wp-json\/wp\/v2\/media\/5772736"}],"wp:attachment":[{"href":"https:\/\/stoic-curie.212-227-153-4.plesk.page\/pt\/wp-json\/wp\/v2\/media?parent=5775344"}],"wp:term":[{"taxonomy":"product_brand","embeddable":true,"href":"https:\/\/stoic-curie.212-227-153-4.plesk.page\/pt\/wp-json\/wp\/v2\/product_brand?post=5775344"},{"taxonomy":"product_cat","embeddable":true,"href":"https:\/\/stoic-curie.212-227-153-4.plesk.page\/pt\/wp-json\/wp\/v2\/product_cat?post=5775344"},{"taxonomy":"product_tag","embeddable":true,"href":"https:\/\/stoic-curie.212-227-153-4.plesk.page\/pt\/wp-json\/wp\/v2\/product_tag?post=5775344"}],"curies":[{"name":"wp","href":"https:\/\/api.w.org\/{rel}","templated":true}]}}