{"id":5775345,"date":"2026-02-13T14:24:45","date_gmt":"2026-02-13T13:24:45","guid":{"rendered":"https:\/\/stoic-curie.212-227-153-4.plesk.page\/product\/cinta-de-engate-em-aco-inoxidavel-50-mm-x-6-m-carga-de-ruptura-de-3000-kg\/"},"modified":"2026-02-25T00:29:03","modified_gmt":"2026-02-25T00:29:03","slug":"cinta-de-engate-em-aco-inoxidavel-50-mm-x-6-m-carga-de-ruptura-de-3000-kg","status":"publish","type":"product","link":"https:\/\/stoic-curie.212-227-153-4.plesk.page\/pt\/product\/cinta-de-engate-em-aco-inoxidavel-50-mm-x-6-m-carga-de-ruptura-de-3000-kg\/","title":{"rendered":"Cinta de engate em a\u00e7o inoxid\u00e1vel 50 mm x 6 m &#8211; Carga de ruptura de 3000 kg"},"content":{"rendered":"<p>Cinta de engate em a\u00e7o inoxid\u00e1vel 50 mm x 6 m &#8211; Carga de ruptura de 3000 kg &#8211; <\/p>\n<p>Esta cinta de engate apresenta uma correia de poli\u00e9ster de alta resist\u00eancia e um engate de a\u00e7o inoxid\u00e1vel, ideal para fixar qualquer carga em barcos, pontes, por\u00f5es, carrinhos e ve\u00edculos. Marcado CE de acordo com a norma EN 12195-2.<\/p>\n","protected":false},"excerpt":{"rendered":"<p>Cinta de engate em a\u00e7o inoxid\u00e1vel 50 mm x 6 m &#8211; Carga de ruptura de 3000 kg &#8211; Esta<\/p>\n","protected":false},"featured_media":5772747,"comment_status":"open","ping_status":"closed","template":"","meta":[],"product_brand":[2892],"product_cat":[2125],"product_tag":[],"class_list":{"0":"post-5775345","1":"product","2":"type-product","3":"status-publish","4":"has-post-thumbnail","6":"product_brand-domar-pt","7":"product_cat-correias-e-cintas-com-roquete","9":"first","10":"instock","11":"shipping-taxable","12":"purchasable","13":"product-type-simple"},"_links":{"self":[{"href":"https:\/\/stoic-curie.212-227-153-4.plesk.page\/pt\/wp-json\/wp\/v2\/product\/5775345","targetHints":{"allow":["GET"]}}],"collection":[{"href":"https:\/\/stoic-curie.212-227-153-4.plesk.page\/pt\/wp-json\/wp\/v2\/product"}],"about":[{"href":"https:\/\/stoic-curie.212-227-153-4.plesk.page\/pt\/wp-json\/wp\/v2\/types\/product"}],"replies":[{"embeddable":true,"href":"https:\/\/stoic-curie.212-227-153-4.plesk.page\/pt\/wp-json\/wp\/v2\/comments?post=5775345"}],"version-history":[{"count":0,"href":"https:\/\/stoic-curie.212-227-153-4.plesk.page\/pt\/wp-json\/wp\/v2\/product\/5775345\/revisions"}],"wp:featuredmedia":[{"embeddable":true,"href":"https:\/\/stoic-curie.212-227-153-4.plesk.page\/pt\/wp-json\/wp\/v2\/media\/5772747"}],"wp:attachment":[{"href":"https:\/\/stoic-curie.212-227-153-4.plesk.page\/pt\/wp-json\/wp\/v2\/media?parent=5775345"}],"wp:term":[{"taxonomy":"product_brand","embeddable":true,"href":"https:\/\/stoic-curie.212-227-153-4.plesk.page\/pt\/wp-json\/wp\/v2\/product_brand?post=5775345"},{"taxonomy":"product_cat","embeddable":true,"href":"https:\/\/stoic-curie.212-227-153-4.plesk.page\/pt\/wp-json\/wp\/v2\/product_cat?post=5775345"},{"taxonomy":"product_tag","embeddable":true,"href":"https:\/\/stoic-curie.212-227-153-4.plesk.page\/pt\/wp-json\/wp\/v2\/product_tag?post=5775345"}],"curies":[{"name":"wp","href":"https:\/\/api.w.org\/{rel}","templated":true}]}}