{"id":5775346,"date":"2026-02-13T14:24:46","date_gmt":"2026-02-13T13:24:46","guid":{"rendered":"https:\/\/stoic-curie.212-227-153-4.plesk.page\/product\/cinta-de-ratchet-em-aco-inoxidavel-com-gancho-largura-de-50-mm-comprimento-de-6-m-carga-de-ruptura-de-1500-kg\/"},"modified":"2026-02-25T00:29:03","modified_gmt":"2026-02-25T00:29:03","slug":"cinta-de-ratchet-em-aco-inoxidavel-com-gancho-largura-de-50-mm-comprimento-de-6-m-carga-de-ruptura-de-1500-kg","status":"publish","type":"product","link":"https:\/\/stoic-curie.212-227-153-4.plesk.page\/pt\/product\/cinta-de-ratchet-em-aco-inoxidavel-com-gancho-largura-de-50-mm-comprimento-de-6-m-carga-de-ruptura-de-1500-kg\/","title":{"rendered":"Cinta de ratchet em a\u00e7o inoxid\u00e1vel com gancho &#8211; Largura de 50 mm, Comprimento de 6 m, Carga de ruptura de 1500 kg"},"content":{"rendered":"<p>Cinta de ratchet em a\u00e7o inoxid\u00e1vel com gancho &#8211; Largura de 50 mm, Comprimento de 6 m, Carga de ruptura de 1500 kg &#8211; <\/p>\n<p>Esta cinta de ratchet possui uma correia de poli\u00e9ster de alta tenacidade e um ratchet e ganchos de a\u00e7o inoxid\u00e1vel. Ideal para amarrar qualquer carga em barcos, pontes, por\u00f5es, carros e ve\u00edculos. Marcada CE de acordo com a EN 12195-2.<\/p>\n","protected":false},"excerpt":{"rendered":"<p>Cinta de ratchet em a\u00e7o inoxid\u00e1vel com gancho &#8211; Largura de 50 mm, Comprimento de 6 m, Carga de ruptura<\/p>\n","protected":false},"featured_media":5945691,"comment_status":"open","ping_status":"closed","template":"","meta":[],"product_brand":[2892],"product_cat":[2125],"product_tag":[],"class_list":{"0":"post-5775346","1":"product","2":"type-product","3":"status-publish","4":"has-post-thumbnail","6":"product_brand-domar-pt","7":"product_cat-correias-e-cintas-com-roquete","9":"first","10":"instock","11":"shipping-taxable","12":"purchasable","13":"product-type-simple"},"_links":{"self":[{"href":"https:\/\/stoic-curie.212-227-153-4.plesk.page\/pt\/wp-json\/wp\/v2\/product\/5775346","targetHints":{"allow":["GET"]}}],"collection":[{"href":"https:\/\/stoic-curie.212-227-153-4.plesk.page\/pt\/wp-json\/wp\/v2\/product"}],"about":[{"href":"https:\/\/stoic-curie.212-227-153-4.plesk.page\/pt\/wp-json\/wp\/v2\/types\/product"}],"replies":[{"embeddable":true,"href":"https:\/\/stoic-curie.212-227-153-4.plesk.page\/pt\/wp-json\/wp\/v2\/comments?post=5775346"}],"version-history":[{"count":0,"href":"https:\/\/stoic-curie.212-227-153-4.plesk.page\/pt\/wp-json\/wp\/v2\/product\/5775346\/revisions"}],"wp:featuredmedia":[{"embeddable":true,"href":"https:\/\/stoic-curie.212-227-153-4.plesk.page\/pt\/wp-json\/wp\/v2\/media\/5945691"}],"wp:attachment":[{"href":"https:\/\/stoic-curie.212-227-153-4.plesk.page\/pt\/wp-json\/wp\/v2\/media?parent=5775346"}],"wp:term":[{"taxonomy":"product_brand","embeddable":true,"href":"https:\/\/stoic-curie.212-227-153-4.plesk.page\/pt\/wp-json\/wp\/v2\/product_brand?post=5775346"},{"taxonomy":"product_cat","embeddable":true,"href":"https:\/\/stoic-curie.212-227-153-4.plesk.page\/pt\/wp-json\/wp\/v2\/product_cat?post=5775346"},{"taxonomy":"product_tag","embeddable":true,"href":"https:\/\/stoic-curie.212-227-153-4.plesk.page\/pt\/wp-json\/wp\/v2\/product_tag?post=5775346"}],"curies":[{"name":"wp","href":"https:\/\/api.w.org\/{rel}","templated":true}]}}