{"id":5775348,"date":"2026-02-13T14:24:47","date_gmt":"2026-02-13T13:24:47","guid":{"rendered":"https:\/\/stoic-curie.212-227-153-4.plesk.page\/product\/tapete-gatorskinz-com-adesivo-3m-102-x-406-mm-4x16\/"},"modified":"2026-02-25T00:29:03","modified_gmt":"2026-02-25T00:29:03","slug":"tapete-gatorskinz-com-adesivo-3m-102-x-406-mm-4x16","status":"publish","type":"product","link":"https:\/\/stoic-curie.212-227-153-4.plesk.page\/pt\/product\/tapete-gatorskinz-com-adesivo-3m-102-x-406-mm-4x16\/","title":{"rendered":"Tapete Gatorskinz com Adesivo 3M &#8211; 102 x 406 mm (4&#215;16&#8243;)"},"content":{"rendered":"<p>Tapete Gatorskinz com Adesivo 3M &#8211; 102 x 406 mm (4&#215;16&#8243;) &#8211; <\/p>\n<p>Prote\u00e7\u00e3o antiderrapante para degraus feita de poliuretano puro com adesivo 3M, pronta para aplica\u00e7\u00e3o. Ideal para degraus, passagens e qualquer superf\u00edcie que exija prote\u00e7\u00e3o antiderrapante. Recomenda-se a aplica\u00e7\u00e3o com o primer 3M 5722402. Vendido em embalagem blister com duas pe\u00e7as.<\/p>\n","protected":false},"excerpt":{"rendered":"<p>Tapete Gatorskinz com Adesivo 3M &#8211; 102 x 406 mm (4&#215;16&#8243;) &#8211; Prote\u00e7\u00e3o antiderrapante para degraus feita de poliuretano puro<\/p>\n","protected":false},"featured_media":5772754,"comment_status":"open","ping_status":"closed","template":"","meta":[],"product_brand":[2772],"product_cat":[1916],"product_tag":[],"class_list":{"0":"post-5775348","1":"product","2":"type-product","3":"status-publish","4":"has-post-thumbnail","6":"product_brand-3m-marine-pt","7":"product_cat-fitas-e-tapetes-antiderrapantes","9":"first","10":"instock","11":"shipping-taxable","12":"purchasable","13":"product-type-simple"},"_links":{"self":[{"href":"https:\/\/stoic-curie.212-227-153-4.plesk.page\/pt\/wp-json\/wp\/v2\/product\/5775348","targetHints":{"allow":["GET"]}}],"collection":[{"href":"https:\/\/stoic-curie.212-227-153-4.plesk.page\/pt\/wp-json\/wp\/v2\/product"}],"about":[{"href":"https:\/\/stoic-curie.212-227-153-4.plesk.page\/pt\/wp-json\/wp\/v2\/types\/product"}],"replies":[{"embeddable":true,"href":"https:\/\/stoic-curie.212-227-153-4.plesk.page\/pt\/wp-json\/wp\/v2\/comments?post=5775348"}],"version-history":[{"count":0,"href":"https:\/\/stoic-curie.212-227-153-4.plesk.page\/pt\/wp-json\/wp\/v2\/product\/5775348\/revisions"}],"wp:featuredmedia":[{"embeddable":true,"href":"https:\/\/stoic-curie.212-227-153-4.plesk.page\/pt\/wp-json\/wp\/v2\/media\/5772754"}],"wp:attachment":[{"href":"https:\/\/stoic-curie.212-227-153-4.plesk.page\/pt\/wp-json\/wp\/v2\/media?parent=5775348"}],"wp:term":[{"taxonomy":"product_brand","embeddable":true,"href":"https:\/\/stoic-curie.212-227-153-4.plesk.page\/pt\/wp-json\/wp\/v2\/product_brand?post=5775348"},{"taxonomy":"product_cat","embeddable":true,"href":"https:\/\/stoic-curie.212-227-153-4.plesk.page\/pt\/wp-json\/wp\/v2\/product_cat?post=5775348"},{"taxonomy":"product_tag","embeddable":true,"href":"https:\/\/stoic-curie.212-227-153-4.plesk.page\/pt\/wp-json\/wp\/v2\/product_tag?post=5775348"}],"curies":[{"name":"wp","href":"https:\/\/api.w.org\/{rel}","templated":true}]}}