{"id":5775349,"date":"2026-02-13T14:24:48","date_gmt":"2026-02-13T13:24:48","guid":{"rendered":"https:\/\/stoic-curie.212-227-153-4.plesk.page\/product\/gatorskinz-revestimento-adesivo-3m-dim-305-x-610-mm-12x24\/"},"modified":"2026-02-25T00:29:03","modified_gmt":"2026-02-25T00:29:03","slug":"gatorskinz-revestimento-adesivo-3m-dim-305-x-610-mm-12x24","status":"publish","type":"product","link":"https:\/\/stoic-curie.212-227-153-4.plesk.page\/pt\/product\/gatorskinz-revestimento-adesivo-3m-dim-305-x-610-mm-12x24\/","title":{"rendered":"Gatorskinz Revestimento Adesivo 3M (Dim 305 x 610 mm; 12&#215;24&#8243;)"},"content":{"rendered":"<p>Gatorskinz Revestimento Adesivo 3M (Dim 305 x 610 mm; 12&#215;24&#8243;) &#8211; <\/p>\n<p>Revestimento antiderrapante em poliuretano puro com adesivo 3M, pronto para aplica\u00e7\u00e3o. Ideal para cobrir passagens e superf\u00edcies que exigem prote\u00e7\u00e3o antiderrapante. Para a melhor aplica\u00e7\u00e3o, recomenda-se o uso do primer 3M 5722402.<\/p>\n","protected":false},"excerpt":{"rendered":"<p>Gatorskinz Revestimento Adesivo 3M (Dim 305 x 610 mm; 12&#215;24&#8243;) &#8211; Revestimento antiderrapante em poliuretano puro com adesivo 3M, pronto<\/p>\n","protected":false},"featured_media":5772759,"comment_status":"open","ping_status":"closed","template":"","meta":[],"product_brand":[2772],"product_cat":[1916],"product_tag":[],"class_list":{"0":"post-5775349","1":"product","2":"type-product","3":"status-publish","4":"has-post-thumbnail","6":"product_brand-3m-marine-pt","7":"product_cat-fitas-e-tapetes-antiderrapantes","9":"first","10":"instock","11":"shipping-taxable","12":"purchasable","13":"product-type-simple"},"_links":{"self":[{"href":"https:\/\/stoic-curie.212-227-153-4.plesk.page\/pt\/wp-json\/wp\/v2\/product\/5775349","targetHints":{"allow":["GET"]}}],"collection":[{"href":"https:\/\/stoic-curie.212-227-153-4.plesk.page\/pt\/wp-json\/wp\/v2\/product"}],"about":[{"href":"https:\/\/stoic-curie.212-227-153-4.plesk.page\/pt\/wp-json\/wp\/v2\/types\/product"}],"replies":[{"embeddable":true,"href":"https:\/\/stoic-curie.212-227-153-4.plesk.page\/pt\/wp-json\/wp\/v2\/comments?post=5775349"}],"version-history":[{"count":0,"href":"https:\/\/stoic-curie.212-227-153-4.plesk.page\/pt\/wp-json\/wp\/v2\/product\/5775349\/revisions"}],"wp:featuredmedia":[{"embeddable":true,"href":"https:\/\/stoic-curie.212-227-153-4.plesk.page\/pt\/wp-json\/wp\/v2\/media\/5772759"}],"wp:attachment":[{"href":"https:\/\/stoic-curie.212-227-153-4.plesk.page\/pt\/wp-json\/wp\/v2\/media?parent=5775349"}],"wp:term":[{"taxonomy":"product_brand","embeddable":true,"href":"https:\/\/stoic-curie.212-227-153-4.plesk.page\/pt\/wp-json\/wp\/v2\/product_brand?post=5775349"},{"taxonomy":"product_cat","embeddable":true,"href":"https:\/\/stoic-curie.212-227-153-4.plesk.page\/pt\/wp-json\/wp\/v2\/product_cat?post=5775349"},{"taxonomy":"product_tag","embeddable":true,"href":"https:\/\/stoic-curie.212-227-153-4.plesk.page\/pt\/wp-json\/wp\/v2\/product_tag?post=5775349"}],"curies":[{"name":"wp","href":"https:\/\/api.w.org\/{rel}","templated":true}]}}