{"id":5775350,"date":"2026-02-13T14:24:48","date_gmt":"2026-02-13T13:24:48","guid":{"rendered":"https:\/\/stoic-curie.212-227-153-4.plesk.page\/product\/gatorskinz-cobertura-adesiva-3m-610-x-610-mm-24-x-24-polegadas\/"},"modified":"2026-02-25T00:29:03","modified_gmt":"2026-02-25T00:29:03","slug":"gatorskinz-cobertura-adesiva-3m-610-x-610-mm-24-x-24-polegadas","status":"publish","type":"product","link":"https:\/\/stoic-curie.212-227-153-4.plesk.page\/pt\/product\/gatorskinz-cobertura-adesiva-3m-610-x-610-mm-24-x-24-polegadas\/","title":{"rendered":"Gatorskinz Cobertura Adesiva 3M 610 x 610 mm (24 x 24 polegadas)"},"content":{"rendered":"<p>Gatorskinz Cobertura Adesiva 3M 610 x 610 mm (24 x 24 polegadas) &#8211; <\/p>\n<p>Experimente a seguran\u00e7a da nossa cobertura antiderrapante feita de poliuretano puro com um forte adesivo 3M, pronta para aplica\u00e7\u00e3o imediata. \u00c9 ideal para passagens e superf\u00edcies que precisam de prote\u00e7\u00e3o antiderrapante. Para melhores resultados, recomendamos a utiliza\u00e7\u00e3o do Primer 3M 5722402 durante a aplica\u00e7\u00e3o.<\/p>\n","protected":false},"excerpt":{"rendered":"<p>Gatorskinz Cobertura Adesiva 3M 610 x 610 mm (24 x 24 polegadas) &#8211; Experimente a seguran\u00e7a da nossa cobertura antiderrapante<\/p>\n","protected":false},"featured_media":5772759,"comment_status":"open","ping_status":"closed","template":"","meta":[],"product_brand":[2772],"product_cat":[1916],"product_tag":[],"class_list":{"0":"post-5775350","1":"product","2":"type-product","3":"status-publish","4":"has-post-thumbnail","6":"product_brand-3m-marine-pt","7":"product_cat-fitas-e-tapetes-antiderrapantes","9":"first","10":"instock","11":"shipping-taxable","12":"purchasable","13":"product-type-simple"},"_links":{"self":[{"href":"https:\/\/stoic-curie.212-227-153-4.plesk.page\/pt\/wp-json\/wp\/v2\/product\/5775350","targetHints":{"allow":["GET"]}}],"collection":[{"href":"https:\/\/stoic-curie.212-227-153-4.plesk.page\/pt\/wp-json\/wp\/v2\/product"}],"about":[{"href":"https:\/\/stoic-curie.212-227-153-4.plesk.page\/pt\/wp-json\/wp\/v2\/types\/product"}],"replies":[{"embeddable":true,"href":"https:\/\/stoic-curie.212-227-153-4.plesk.page\/pt\/wp-json\/wp\/v2\/comments?post=5775350"}],"version-history":[{"count":0,"href":"https:\/\/stoic-curie.212-227-153-4.plesk.page\/pt\/wp-json\/wp\/v2\/product\/5775350\/revisions"}],"wp:featuredmedia":[{"embeddable":true,"href":"https:\/\/stoic-curie.212-227-153-4.plesk.page\/pt\/wp-json\/wp\/v2\/media\/5772759"}],"wp:attachment":[{"href":"https:\/\/stoic-curie.212-227-153-4.plesk.page\/pt\/wp-json\/wp\/v2\/media?parent=5775350"}],"wp:term":[{"taxonomy":"product_brand","embeddable":true,"href":"https:\/\/stoic-curie.212-227-153-4.plesk.page\/pt\/wp-json\/wp\/v2\/product_brand?post=5775350"},{"taxonomy":"product_cat","embeddable":true,"href":"https:\/\/stoic-curie.212-227-153-4.plesk.page\/pt\/wp-json\/wp\/v2\/product_cat?post=5775350"},{"taxonomy":"product_tag","embeddable":true,"href":"https:\/\/stoic-curie.212-227-153-4.plesk.page\/pt\/wp-json\/wp\/v2\/product_tag?post=5775350"}],"curies":[{"name":"wp","href":"https:\/\/api.w.org\/{rel}","templated":true}]}}