{"id":5775351,"date":"2026-02-13T14:24:49","date_gmt":"2026-02-13T13:24:49","guid":{"rendered":"https:\/\/stoic-curie.212-227-153-4.plesk.page\/product\/cobertura-acustica-3m-2-mm-db-10-cm-50-x-50\/"},"modified":"2026-02-25T00:29:03","modified_gmt":"2026-02-25T00:29:03","slug":"cobertura-acustica-3m-2-mm-db-10-cm-50-x-50","status":"publish","type":"product","link":"https:\/\/stoic-curie.212-227-153-4.plesk.page\/pt\/product\/cobertura-acustica-3m-2-mm-db-10-cm-50-x-50\/","title":{"rendered":"Cobertura Ac\u00fastica 3M &#8211; 2 mm DB 10 cm 50 x 50"},"content":{"rendered":"<p>Cobertura Ac\u00fastica 3M &#8211; 2 mm DB 10 cm 50 x 50 &#8211; <\/p>\n<p>Painel ac\u00fastico autoadesivo 3M, f\u00e1cil de aplicar \u00e0 m\u00e3o e pode ser cortado e moldado para se adaptar \u00e0 superf\u00edcie. Gra\u00e7as \u00e0 sua estrutura em padr\u00e3o de diamante, absorve eficazmente as vibra\u00e7\u00f5es e reduz tanto os ru\u00eddos de baixa frequ\u00eancia quanto os sons met\u00e1licos agudos ou apitos.<\/p>\n","protected":false},"excerpt":{"rendered":"<p>Cobertura Ac\u00fastica 3M &#8211; 2 mm DB 10 cm 50 x 50 &#8211; Painel ac\u00fastico autoadesivo 3M, f\u00e1cil de aplicar<\/p>\n","protected":false},"featured_media":5772771,"comment_status":"open","ping_status":"closed","template":"","meta":[],"product_brand":[2772],"product_cat":[2097],"product_tag":[],"class_list":{"0":"post-5775351","1":"product","2":"type-product","3":"status-publish","4":"has-post-thumbnail","6":"product_brand-3m-marine-pt","7":"product_cat-isolamento-e-insonorizacao","9":"first","10":"instock","11":"shipping-taxable","12":"purchasable","13":"product-type-simple"},"_links":{"self":[{"href":"https:\/\/stoic-curie.212-227-153-4.plesk.page\/pt\/wp-json\/wp\/v2\/product\/5775351","targetHints":{"allow":["GET"]}}],"collection":[{"href":"https:\/\/stoic-curie.212-227-153-4.plesk.page\/pt\/wp-json\/wp\/v2\/product"}],"about":[{"href":"https:\/\/stoic-curie.212-227-153-4.plesk.page\/pt\/wp-json\/wp\/v2\/types\/product"}],"replies":[{"embeddable":true,"href":"https:\/\/stoic-curie.212-227-153-4.plesk.page\/pt\/wp-json\/wp\/v2\/comments?post=5775351"}],"version-history":[{"count":0,"href":"https:\/\/stoic-curie.212-227-153-4.plesk.page\/pt\/wp-json\/wp\/v2\/product\/5775351\/revisions"}],"wp:featuredmedia":[{"embeddable":true,"href":"https:\/\/stoic-curie.212-227-153-4.plesk.page\/pt\/wp-json\/wp\/v2\/media\/5772771"}],"wp:attachment":[{"href":"https:\/\/stoic-curie.212-227-153-4.plesk.page\/pt\/wp-json\/wp\/v2\/media?parent=5775351"}],"wp:term":[{"taxonomy":"product_brand","embeddable":true,"href":"https:\/\/stoic-curie.212-227-153-4.plesk.page\/pt\/wp-json\/wp\/v2\/product_brand?post=5775351"},{"taxonomy":"product_cat","embeddable":true,"href":"https:\/\/stoic-curie.212-227-153-4.plesk.page\/pt\/wp-json\/wp\/v2\/product_cat?post=5775351"},{"taxonomy":"product_tag","embeddable":true,"href":"https:\/\/stoic-curie.212-227-153-4.plesk.page\/pt\/wp-json\/wp\/v2\/product_tag?post=5775351"}],"curies":[{"name":"wp","href":"https:\/\/api.w.org\/{rel}","templated":true}]}}