{"id":5775353,"date":"2026-02-13T14:24:50","date_gmt":"2026-02-13T13:24:50","guid":{"rendered":"https:\/\/stoic-curie.212-227-153-4.plesk.page\/product\/anodo-de-colar-para-propulsores-de-proa-sleipner-side-power-sr-bow-sr80-sp100-240\/"},"modified":"2026-02-25T00:29:03","modified_gmt":"2026-02-25T00:29:03","slug":"anodo-de-colar-para-propulsores-de-proa-sleipner-side-power-sr-bow-sr80-sp100-240","status":"publish","type":"product","link":"https:\/\/stoic-curie.212-227-153-4.plesk.page\/pt\/product\/anodo-de-colar-para-propulsores-de-proa-sleipner-side-power-sr-bow-sr80-sp100-240\/","title":{"rendered":"\u00c2nodo de Colar para Propulsores de Proa Sleipner Side-Power SR Bow SR80, SP100-240"},"content":{"rendered":"<p>\u00c2nodo de Colar para Propulsores de Proa Sleipner Side-Power SR Bow SR80, SP100-240 &#8211; <\/p>\n<p>\u00c2nodo de colar para h\u00e9lices de propulsores de proa Sleipner Side-Power SR80\/100\/130\/170\/210\/240.<\/p>\n","protected":false},"excerpt":{"rendered":"<p>\u00c2nodo de Colar para Propulsores de Proa Sleipner Side-Power SR Bow SR80, SP100-240 &#8211; \u00c2nodo de colar para h\u00e9lices de<\/p>\n","protected":false},"featured_media":5772779,"comment_status":"open","ping_status":"closed","template":"","meta":[],"product_brand":[3207],"product_cat":[1923],"product_tag":[],"class_list":{"0":"post-5775353","1":"product","2":"type-product","3":"status-publish","4":"has-post-thumbnail","6":"product_brand-nova-argonautica-pt","7":"product_cat-anodos-para-helice","9":"first","10":"instock","11":"shipping-taxable","12":"purchasable","13":"product-type-simple"},"_links":{"self":[{"href":"https:\/\/stoic-curie.212-227-153-4.plesk.page\/pt\/wp-json\/wp\/v2\/product\/5775353","targetHints":{"allow":["GET"]}}],"collection":[{"href":"https:\/\/stoic-curie.212-227-153-4.plesk.page\/pt\/wp-json\/wp\/v2\/product"}],"about":[{"href":"https:\/\/stoic-curie.212-227-153-4.plesk.page\/pt\/wp-json\/wp\/v2\/types\/product"}],"replies":[{"embeddable":true,"href":"https:\/\/stoic-curie.212-227-153-4.plesk.page\/pt\/wp-json\/wp\/v2\/comments?post=5775353"}],"version-history":[{"count":0,"href":"https:\/\/stoic-curie.212-227-153-4.plesk.page\/pt\/wp-json\/wp\/v2\/product\/5775353\/revisions"}],"wp:featuredmedia":[{"embeddable":true,"href":"https:\/\/stoic-curie.212-227-153-4.plesk.page\/pt\/wp-json\/wp\/v2\/media\/5772779"}],"wp:attachment":[{"href":"https:\/\/stoic-curie.212-227-153-4.plesk.page\/pt\/wp-json\/wp\/v2\/media?parent=5775353"}],"wp:term":[{"taxonomy":"product_brand","embeddable":true,"href":"https:\/\/stoic-curie.212-227-153-4.plesk.page\/pt\/wp-json\/wp\/v2\/product_brand?post=5775353"},{"taxonomy":"product_cat","embeddable":true,"href":"https:\/\/stoic-curie.212-227-153-4.plesk.page\/pt\/wp-json\/wp\/v2\/product_cat?post=5775353"},{"taxonomy":"product_tag","embeddable":true,"href":"https:\/\/stoic-curie.212-227-153-4.plesk.page\/pt\/wp-json\/wp\/v2\/product_tag?post=5775353"}],"curies":[{"name":"wp","href":"https:\/\/api.w.org\/{rel}","templated":true}]}}