{"id":5775355,"date":"2026-02-13T14:24:52","date_gmt":"2026-02-13T13:24:52","guid":{"rendered":"https:\/\/stoic-curie.212-227-153-4.plesk.page\/product\/anodo-ogive-para-propulsor-de-proa-sleipner-side-power-sp-se-sh-genuino-codigo-201180\/"},"modified":"2026-02-25T00:29:03","modified_gmt":"2026-02-25T00:29:03","slug":"anodo-ogive-para-propulsor-de-proa-sleipner-side-power-sp-se-sh-genuino-codigo-201180","status":"publish","type":"product","link":"https:\/\/stoic-curie.212-227-153-4.plesk.page\/pt\/product\/anodo-ogive-para-propulsor-de-proa-sleipner-side-power-sp-se-sh-genuino-codigo-201180\/","title":{"rendered":"\u00c2nodo Ogive para propulsor de proa Sleipner Side Power SP\/SE\/SH genu\u00edno c\u00f3digo 201180"},"content":{"rendered":"<p>\u00c2nodo Ogive para propulsor de proa Sleipner Side Power SP\/SE\/SH genu\u00edno c\u00f3digo 201180 &#8211; <\/p>\n<p>\u00c2nodo Ogive para propulsor de proa Sleipner Side Power.<\/p>\n","protected":false},"excerpt":{"rendered":"<p>\u00c2nodo Ogive para propulsor de proa Sleipner Side Power SP\/SE\/SH genu\u00edno c\u00f3digo 201180 &#8211; \u00c2nodo Ogive para propulsor de proa<\/p>\n","protected":false},"featured_media":5943553,"comment_status":"open","ping_status":"closed","template":"","meta":[],"product_brand":[3207],"product_cat":[1923],"product_tag":[],"class_list":{"0":"post-5775355","1":"product","2":"type-product","3":"status-publish","4":"has-post-thumbnail","6":"product_brand-nova-argonautica-pt","7":"product_cat-anodos-para-helice","9":"first","10":"instock","11":"shipping-taxable","12":"purchasable","13":"product-type-simple"},"_links":{"self":[{"href":"https:\/\/stoic-curie.212-227-153-4.plesk.page\/pt\/wp-json\/wp\/v2\/product\/5775355","targetHints":{"allow":["GET"]}}],"collection":[{"href":"https:\/\/stoic-curie.212-227-153-4.plesk.page\/pt\/wp-json\/wp\/v2\/product"}],"about":[{"href":"https:\/\/stoic-curie.212-227-153-4.plesk.page\/pt\/wp-json\/wp\/v2\/types\/product"}],"replies":[{"embeddable":true,"href":"https:\/\/stoic-curie.212-227-153-4.plesk.page\/pt\/wp-json\/wp\/v2\/comments?post=5775355"}],"version-history":[{"count":0,"href":"https:\/\/stoic-curie.212-227-153-4.plesk.page\/pt\/wp-json\/wp\/v2\/product\/5775355\/revisions"}],"wp:featuredmedia":[{"embeddable":true,"href":"https:\/\/stoic-curie.212-227-153-4.plesk.page\/pt\/wp-json\/wp\/v2\/media\/5943553"}],"wp:attachment":[{"href":"https:\/\/stoic-curie.212-227-153-4.plesk.page\/pt\/wp-json\/wp\/v2\/media?parent=5775355"}],"wp:term":[{"taxonomy":"product_brand","embeddable":true,"href":"https:\/\/stoic-curie.212-227-153-4.plesk.page\/pt\/wp-json\/wp\/v2\/product_brand?post=5775355"},{"taxonomy":"product_cat","embeddable":true,"href":"https:\/\/stoic-curie.212-227-153-4.plesk.page\/pt\/wp-json\/wp\/v2\/product_cat?post=5775355"},{"taxonomy":"product_tag","embeddable":true,"href":"https:\/\/stoic-curie.212-227-153-4.plesk.page\/pt\/wp-json\/wp\/v2\/product_tag?post=5775355"}],"curies":[{"name":"wp","href":"https:\/\/api.w.org\/{rel}","templated":true}]}}