{"id":5775365,"date":"2026-02-13T14:24:59","date_gmt":"2026-02-13T13:24:59","guid":{"rendered":"https:\/\/stoic-curie.212-227-153-4.plesk.page\/product\/pequena-anodo-de-placa-para-volvo-dpx-peca-genuina-876638\/"},"modified":"2026-02-25T00:29:03","modified_gmt":"2026-02-25T00:29:03","slug":"pequena-anodo-de-placa-para-volvo-dpx-peca-genuina-876638","status":"publish","type":"product","link":"https:\/\/stoic-curie.212-227-153-4.plesk.page\/pt\/product\/pequena-anodo-de-placa-para-volvo-dpx-peca-genuina-876638\/","title":{"rendered":"Pequena \u00e2nodo de placa para Volvo DPX &#8211; Pe\u00e7a genu\u00edna 876638"},"content":{"rendered":"<p>Pequena \u00e2nodo de placa para Volvo DPX &#8211; Pe\u00e7a genu\u00edna 876638 &#8211; <\/p>\n<p>Pequena \u00e2nodo de placa para Volvo Penta DPX.<\/p>\n","protected":false},"excerpt":{"rendered":"<p>Pequena \u00e2nodo de placa para Volvo DPX &#8211; Pe\u00e7a genu\u00edna 876638 &#8211; Pequena \u00e2nodo de placa para Volvo Penta DPX.<\/p>\n","protected":false},"featured_media":5772823,"comment_status":"open","ping_status":"closed","template":"","meta":[],"product_brand":[3477],"product_cat":[2116],"product_tag":[],"class_list":{"0":"post-5775365","1":"product","2":"type-product","3":"status-publish","4":"has-post-thumbnail","6":"product_brand-tecnoseal-pt","7":"product_cat-pecas-para-motores-volvo-penta","9":"first","10":"instock","11":"shipping-taxable","12":"purchasable","13":"product-type-simple"},"_links":{"self":[{"href":"https:\/\/stoic-curie.212-227-153-4.plesk.page\/pt\/wp-json\/wp\/v2\/product\/5775365","targetHints":{"allow":["GET"]}}],"collection":[{"href":"https:\/\/stoic-curie.212-227-153-4.plesk.page\/pt\/wp-json\/wp\/v2\/product"}],"about":[{"href":"https:\/\/stoic-curie.212-227-153-4.plesk.page\/pt\/wp-json\/wp\/v2\/types\/product"}],"replies":[{"embeddable":true,"href":"https:\/\/stoic-curie.212-227-153-4.plesk.page\/pt\/wp-json\/wp\/v2\/comments?post=5775365"}],"version-history":[{"count":0,"href":"https:\/\/stoic-curie.212-227-153-4.plesk.page\/pt\/wp-json\/wp\/v2\/product\/5775365\/revisions"}],"wp:featuredmedia":[{"embeddable":true,"href":"https:\/\/stoic-curie.212-227-153-4.plesk.page\/pt\/wp-json\/wp\/v2\/media\/5772823"}],"wp:attachment":[{"href":"https:\/\/stoic-curie.212-227-153-4.plesk.page\/pt\/wp-json\/wp\/v2\/media?parent=5775365"}],"wp:term":[{"taxonomy":"product_brand","embeddable":true,"href":"https:\/\/stoic-curie.212-227-153-4.plesk.page\/pt\/wp-json\/wp\/v2\/product_brand?post=5775365"},{"taxonomy":"product_cat","embeddable":true,"href":"https:\/\/stoic-curie.212-227-153-4.plesk.page\/pt\/wp-json\/wp\/v2\/product_cat?post=5775365"},{"taxonomy":"product_tag","embeddable":true,"href":"https:\/\/stoic-curie.212-227-153-4.plesk.page\/pt\/wp-json\/wp\/v2\/product_tag?post=5775365"}],"curies":[{"name":"wp","href":"https:\/\/api.w.org\/{rel}","templated":true}]}}