{"id":5775367,"date":"2026-02-13T14:25:00","date_gmt":"2026-02-13T13:25:00","guid":{"rendered":"https:\/\/stoic-curie.212-227-153-4.plesk.page\/product\/anodo-de-bastao-original-para-o-sistema-de-arrefecimento-volvo-codigo-838929\/"},"modified":"2026-02-25T00:29:03","modified_gmt":"2026-02-25T00:29:03","slug":"anodo-de-bastao-original-para-o-sistema-de-arrefecimento-volvo-codigo-838929","status":"publish","type":"product","link":"https:\/\/stoic-curie.212-227-153-4.plesk.page\/pt\/product\/anodo-de-bastao-original-para-o-sistema-de-arrefecimento-volvo-codigo-838929\/","title":{"rendered":"\u00c2nodo de Bast\u00e3o Original para o Sistema de Arrefecimento Volvo &#8211; C\u00f3digo 838929"},"content":{"rendered":"<p>\u00c2nodo de Bast\u00e3o Original para o Sistema de Arrefecimento Volvo &#8211; C\u00f3digo 838929 &#8211; <\/p>\n<p>\u00c2nodo de bast\u00e3o fino projetado para o sistema de arrefecimento Volvo Penta.<\/p>\n","protected":false},"excerpt":{"rendered":"<p>\u00c2nodo de Bast\u00e3o Original para o Sistema de Arrefecimento Volvo &#8211; C\u00f3digo 838929 &#8211; \u00c2nodo de bast\u00e3o fino projetado para<\/p>\n","protected":false},"featured_media":5936385,"comment_status":"open","ping_status":"closed","template":"","meta":[],"product_brand":[3477],"product_cat":[2116],"product_tag":[],"class_list":{"0":"post-5775367","1":"product","2":"type-product","3":"status-publish","4":"has-post-thumbnail","6":"product_brand-tecnoseal-pt","7":"product_cat-pecas-para-motores-volvo-penta","9":"first","10":"instock","11":"shipping-taxable","12":"purchasable","13":"product-type-simple"},"_links":{"self":[{"href":"https:\/\/stoic-curie.212-227-153-4.plesk.page\/pt\/wp-json\/wp\/v2\/product\/5775367","targetHints":{"allow":["GET"]}}],"collection":[{"href":"https:\/\/stoic-curie.212-227-153-4.plesk.page\/pt\/wp-json\/wp\/v2\/product"}],"about":[{"href":"https:\/\/stoic-curie.212-227-153-4.plesk.page\/pt\/wp-json\/wp\/v2\/types\/product"}],"replies":[{"embeddable":true,"href":"https:\/\/stoic-curie.212-227-153-4.plesk.page\/pt\/wp-json\/wp\/v2\/comments?post=5775367"}],"version-history":[{"count":0,"href":"https:\/\/stoic-curie.212-227-153-4.plesk.page\/pt\/wp-json\/wp\/v2\/product\/5775367\/revisions"}],"wp:featuredmedia":[{"embeddable":true,"href":"https:\/\/stoic-curie.212-227-153-4.plesk.page\/pt\/wp-json\/wp\/v2\/media\/5936385"}],"wp:attachment":[{"href":"https:\/\/stoic-curie.212-227-153-4.plesk.page\/pt\/wp-json\/wp\/v2\/media?parent=5775367"}],"wp:term":[{"taxonomy":"product_brand","embeddable":true,"href":"https:\/\/stoic-curie.212-227-153-4.plesk.page\/pt\/wp-json\/wp\/v2\/product_brand?post=5775367"},{"taxonomy":"product_cat","embeddable":true,"href":"https:\/\/stoic-curie.212-227-153-4.plesk.page\/pt\/wp-json\/wp\/v2\/product_cat?post=5775367"},{"taxonomy":"product_tag","embeddable":true,"href":"https:\/\/stoic-curie.212-227-153-4.plesk.page\/pt\/wp-json\/wp\/v2\/product_tag?post=5775367"}],"curies":[{"name":"wp","href":"https:\/\/api.w.org\/{rel}","templated":true}]}}