{"id":5775379,"date":"2026-02-13T14:25:08","date_gmt":"2026-02-13T13:25:08","guid":{"rendered":"https:\/\/stoic-curie.212-227-153-4.plesk.page\/product\/anodos-martyr-para-motores-fora-de-borda-yamaha-placa-de-anodo-genuino-61n-45251-01\/"},"modified":"2026-02-25T00:29:03","modified_gmt":"2026-02-25T00:29:03","slug":"anodos-martyr-para-motores-fora-de-borda-yamaha-placa-de-anodo-genuino-61n-45251-01","status":"publish","type":"product","link":"https:\/\/stoic-curie.212-227-153-4.plesk.page\/pt\/product\/anodos-martyr-para-motores-fora-de-borda-yamaha-placa-de-anodo-genuino-61n-45251-01\/","title":{"rendered":"Anodos Martyr para motores fora de borda Yamaha placa de \u00e2nodo genu\u00edno 61N-45251-01"},"content":{"rendered":"<p>Anodos Martyr para motores fora de borda Yamaha placa de \u00e2nodo genu\u00edno 61N-45251-01 &#8211; <\/p>\n<p>Anodos de liga de alum\u00ednio M2 da Martyr para motores fora de borda Yamaha. Pesam 50% menos que os \u00e2nodos de zinco tradicionais, ao mesmo tempo em que garantem o mesmo n\u00edvel de prote\u00e7\u00e3o.<\/p>\n","protected":false},"excerpt":{"rendered":"<p>Anodos Martyr para motores fora de borda Yamaha placa de \u00e2nodo genu\u00edno 61N-45251-01 &#8211; Anodos de liga de alum\u00ednio M2<\/p>\n","protected":false},"featured_media":5772878,"comment_status":"open","ping_status":"closed","template":"","meta":[],"product_brand":[3127],"product_cat":[2118],"product_tag":[],"class_list":{"0":"post-5775379","1":"product","2":"type-product","3":"status-publish","4":"has-post-thumbnail","6":"product_brand-martyr-pt","7":"product_cat-pecas-para-motores-fora-de-bordo-yamaha","9":"first","10":"instock","11":"shipping-taxable","12":"purchasable","13":"product-type-simple"},"_links":{"self":[{"href":"https:\/\/stoic-curie.212-227-153-4.plesk.page\/pt\/wp-json\/wp\/v2\/product\/5775379","targetHints":{"allow":["GET"]}}],"collection":[{"href":"https:\/\/stoic-curie.212-227-153-4.plesk.page\/pt\/wp-json\/wp\/v2\/product"}],"about":[{"href":"https:\/\/stoic-curie.212-227-153-4.plesk.page\/pt\/wp-json\/wp\/v2\/types\/product"}],"replies":[{"embeddable":true,"href":"https:\/\/stoic-curie.212-227-153-4.plesk.page\/pt\/wp-json\/wp\/v2\/comments?post=5775379"}],"version-history":[{"count":0,"href":"https:\/\/stoic-curie.212-227-153-4.plesk.page\/pt\/wp-json\/wp\/v2\/product\/5775379\/revisions"}],"wp:featuredmedia":[{"embeddable":true,"href":"https:\/\/stoic-curie.212-227-153-4.plesk.page\/pt\/wp-json\/wp\/v2\/media\/5772878"}],"wp:attachment":[{"href":"https:\/\/stoic-curie.212-227-153-4.plesk.page\/pt\/wp-json\/wp\/v2\/media?parent=5775379"}],"wp:term":[{"taxonomy":"product_brand","embeddable":true,"href":"https:\/\/stoic-curie.212-227-153-4.plesk.page\/pt\/wp-json\/wp\/v2\/product_brand?post=5775379"},{"taxonomy":"product_cat","embeddable":true,"href":"https:\/\/stoic-curie.212-227-153-4.plesk.page\/pt\/wp-json\/wp\/v2\/product_cat?post=5775379"},{"taxonomy":"product_tag","embeddable":true,"href":"https:\/\/stoic-curie.212-227-153-4.plesk.page\/pt\/wp-json\/wp\/v2\/product_tag?post=5775379"}],"curies":[{"name":"wp","href":"https:\/\/api.w.org\/{rel}","templated":true}]}}