{"id":5775381,"date":"2026-02-13T14:25:09","date_gmt":"2026-02-13T13:25:09","guid":{"rendered":"https:\/\/stoic-curie.212-227-153-4.plesk.page\/product\/kit-de-anodos-yamaha-de-150-a-200-hp\/"},"modified":"2026-02-25T00:29:03","modified_gmt":"2026-02-25T00:29:03","slug":"kit-de-anodos-yamaha-de-150-a-200-hp","status":"publish","type":"product","link":"https:\/\/stoic-curie.212-227-153-4.plesk.page\/pt\/product\/kit-de-anodos-yamaha-de-150-a-200-hp\/","title":{"rendered":"Kit de \u00e2nodos Yamaha de 150 a 200 hp"},"content":{"rendered":"<p>Kit de \u00e2nodos Yamaha de 150 a 200 hp &#8211; <\/p>\n<p>Kit de \u00e2nodos Martyr para Yamaha de 150 a 200 hp feito de liga de alum\u00ednio M2. Esses \u00e2nodos pesam 50% menos do que \u00e2nodos de zinco tradicionais, proporcionando o mesmo n\u00edvel de prote\u00e7\u00e3o. O kit inclui: 1 x 8M0057772, 1 x 762145Q, 2 x 826134Q<\/p>\n","protected":false},"excerpt":{"rendered":"<p>Kit de \u00e2nodos Yamaha de 150 a 200 hp &#8211; Kit de \u00e2nodos Martyr para Yamaha de 150 a 200<\/p>\n","protected":false},"featured_media":5772903,"comment_status":"open","ping_status":"closed","template":"","meta":[],"product_brand":[3127],"product_cat":[2118],"product_tag":[],"class_list":{"0":"post-5775381","1":"product","2":"type-product","3":"status-publish","4":"has-post-thumbnail","6":"product_brand-martyr-pt","7":"product_cat-pecas-para-motores-fora-de-bordo-yamaha","9":"first","10":"instock","11":"shipping-taxable","12":"purchasable","13":"product-type-simple"},"_links":{"self":[{"href":"https:\/\/stoic-curie.212-227-153-4.plesk.page\/pt\/wp-json\/wp\/v2\/product\/5775381","targetHints":{"allow":["GET"]}}],"collection":[{"href":"https:\/\/stoic-curie.212-227-153-4.plesk.page\/pt\/wp-json\/wp\/v2\/product"}],"about":[{"href":"https:\/\/stoic-curie.212-227-153-4.plesk.page\/pt\/wp-json\/wp\/v2\/types\/product"}],"replies":[{"embeddable":true,"href":"https:\/\/stoic-curie.212-227-153-4.plesk.page\/pt\/wp-json\/wp\/v2\/comments?post=5775381"}],"version-history":[{"count":0,"href":"https:\/\/stoic-curie.212-227-153-4.plesk.page\/pt\/wp-json\/wp\/v2\/product\/5775381\/revisions"}],"wp:featuredmedia":[{"embeddable":true,"href":"https:\/\/stoic-curie.212-227-153-4.plesk.page\/pt\/wp-json\/wp\/v2\/media\/5772903"}],"wp:attachment":[{"href":"https:\/\/stoic-curie.212-227-153-4.plesk.page\/pt\/wp-json\/wp\/v2\/media?parent=5775381"}],"wp:term":[{"taxonomy":"product_brand","embeddable":true,"href":"https:\/\/stoic-curie.212-227-153-4.plesk.page\/pt\/wp-json\/wp\/v2\/product_brand?post=5775381"},{"taxonomy":"product_cat","embeddable":true,"href":"https:\/\/stoic-curie.212-227-153-4.plesk.page\/pt\/wp-json\/wp\/v2\/product_cat?post=5775381"},{"taxonomy":"product_tag","embeddable":true,"href":"https:\/\/stoic-curie.212-227-153-4.plesk.page\/pt\/wp-json\/wp\/v2\/product_tag?post=5775381"}],"curies":[{"name":"wp","href":"https:\/\/api.w.org\/{rel}","templated":true}]}}