{"id":5791337,"date":"2026-02-14T13:57:01","date_gmt":"2026-02-14T12:57:01","guid":{"rendered":"https:\/\/stoic-curie.212-227-153-4.plesk.page\/product\/helice-para-suzuki-9-1-4x11\/"},"modified":"2026-02-25T00:29:03","modified_gmt":"2026-02-25T00:29:03","slug":"helice-para-suzuki-9-1-4x11","status":"publish","type":"product","link":"https:\/\/stoic-curie.212-227-153-4.plesk.page\/pt\/product\/helice-para-suzuki-9-1-4x11\/","title":{"rendered":"H\u00e9lice para Suzuki 9 1\/4&#215;11"},"content":{"rendered":"<p>H\u00e9lice para Suzuki 9 1\/4&#215;11 &#8211; <\/p>\n<p>As h\u00e9lices de alum\u00ednio Alice s\u00e3o projetadas para motores fora de borda Suzuki. Feitas de liga de alum\u00ednio-tit\u00e2nio aeroespacial, essas h\u00e9lices utilizam escaneamento a laser 3D para controle est\u00e1tico e din\u00e2mico preciso. Elas possuem um revestimento em p\u00f3 AkzoNobel rob\u00f3tico para maior durabilidade. Aproveite a alta efici\u00eancia e o menor consumo de combust\u00edvel gra\u00e7as \u00e0s l\u00e2minas perfeitamente moldadas. Observe que o kit de montagem deve ser solicitado separadamente, caso voc\u00ea precise substituir porcas, arruelas e espa\u00e7adores. Compat\u00edvel com motores fora de borda Suzuki: DT15C (2 tempos) [19891997], DF8A\/9.9A\/15A\/20A (4 tempos) [2011&gt;]<\/p>\n","protected":false},"excerpt":{"rendered":"<p>H\u00e9lice para Suzuki 9 1\/4&#215;11 &#8211; As h\u00e9lices de alum\u00ednio Alice s\u00e3o projetadas para motores fora de borda Suzuki. Feitas<\/p>\n","protected":false},"featured_media":5949570,"comment_status":"open","ping_status":"closed","template":"","meta":[],"product_brand":[3207],"product_cat":[2090,2119],"product_tag":[],"class_list":{"0":"post-5791337","1":"product","2":"type-product","3":"status-publish","4":"has-post-thumbnail","6":"product_brand-nova-argonautica-pt","7":"product_cat-helices-para-motores-fora-de-bordo","8":"product_cat-pecas-para-motores-fora-de-borda-suzuki","10":"first","11":"instock","12":"shipping-taxable","13":"purchasable","14":"product-type-simple"},"_links":{"self":[{"href":"https:\/\/stoic-curie.212-227-153-4.plesk.page\/pt\/wp-json\/wp\/v2\/product\/5791337","targetHints":{"allow":["GET"]}}],"collection":[{"href":"https:\/\/stoic-curie.212-227-153-4.plesk.page\/pt\/wp-json\/wp\/v2\/product"}],"about":[{"href":"https:\/\/stoic-curie.212-227-153-4.plesk.page\/pt\/wp-json\/wp\/v2\/types\/product"}],"replies":[{"embeddable":true,"href":"https:\/\/stoic-curie.212-227-153-4.plesk.page\/pt\/wp-json\/wp\/v2\/comments?post=5791337"}],"version-history":[{"count":0,"href":"https:\/\/stoic-curie.212-227-153-4.plesk.page\/pt\/wp-json\/wp\/v2\/product\/5791337\/revisions"}],"wp:featuredmedia":[{"embeddable":true,"href":"https:\/\/stoic-curie.212-227-153-4.plesk.page\/pt\/wp-json\/wp\/v2\/media\/5949570"}],"wp:attachment":[{"href":"https:\/\/stoic-curie.212-227-153-4.plesk.page\/pt\/wp-json\/wp\/v2\/media?parent=5791337"}],"wp:term":[{"taxonomy":"product_brand","embeddable":true,"href":"https:\/\/stoic-curie.212-227-153-4.plesk.page\/pt\/wp-json\/wp\/v2\/product_brand?post=5791337"},{"taxonomy":"product_cat","embeddable":true,"href":"https:\/\/stoic-curie.212-227-153-4.plesk.page\/pt\/wp-json\/wp\/v2\/product_cat?post=5791337"},{"taxonomy":"product_tag","embeddable":true,"href":"https:\/\/stoic-curie.212-227-153-4.plesk.page\/pt\/wp-json\/wp\/v2\/product_tag?post=5791337"}],"curies":[{"name":"wp","href":"https:\/\/api.w.org\/{rel}","templated":true}]}}