{"id":5791365,"date":"2026-02-14T13:57:23","date_gmt":"2026-02-14T12:57:23","guid":{"rendered":"https:\/\/stoic-curie.212-227-153-4.plesk.page\/product\/helice-para-volvo-penta-duo-prop-854834-traseira-b5r\/"},"modified":"2026-02-25T00:29:03","modified_gmt":"2026-02-25T00:29:03","slug":"helice-para-volvo-penta-duo-prop-854834-traseira-b5r","status":"publish","type":"product","link":"https:\/\/stoic-curie.212-227-153-4.plesk.page\/pt\/product\/helice-para-volvo-penta-duo-prop-854834-traseira-b5r\/","title":{"rendered":"H\u00e9lice para Volvo Penta Duo Prop 854834 Traseira-B5R"},"content":{"rendered":"<p>H\u00e9lice para Volvo Penta Duo Prop 854834 Traseira-B5R &#8211; <\/p>\n<p>As h\u00e9lices de alum\u00ednio Alice foram projetadas para motores do tipo Volvo Penta Duo-Prop A-B. Elas s\u00e3o feitas de uma liga de alum\u00ednio-tit\u00e2nio de qualidade aeroespacial. Com varredura a laser 3D avan\u00e7ada para controle est\u00e1tico e din\u00e2mico, essas h\u00e9lices tamb\u00e9m possuem um revestimento em p\u00f3 rob\u00f3tico da AkzoNobel. Aproveite a alta efici\u00eancia e o consumo reduzido gra\u00e7as ao perfeito design da curvatura das l\u00e2minas.<\/p>\n","protected":false},"excerpt":{"rendered":"<p>H\u00e9lice para Volvo Penta Duo Prop 854834 Traseira-B5R &#8211; As h\u00e9lices de alum\u00ednio Alice foram projetadas para motores do tipo<\/p>\n","protected":false},"featured_media":5790032,"comment_status":"open","ping_status":"closed","template":"","meta":[],"product_brand":[3392],"product_cat":[2116],"product_tag":[],"class_list":{"0":"post-5791365","1":"product","2":"type-product","3":"status-publish","4":"has-post-thumbnail","6":"product_brand-sierra-marine-pt","7":"product_cat-pecas-para-motores-volvo-penta","9":"first","10":"instock","11":"shipping-taxable","12":"purchasable","13":"product-type-simple"},"_links":{"self":[{"href":"https:\/\/stoic-curie.212-227-153-4.plesk.page\/pt\/wp-json\/wp\/v2\/product\/5791365","targetHints":{"allow":["GET"]}}],"collection":[{"href":"https:\/\/stoic-curie.212-227-153-4.plesk.page\/pt\/wp-json\/wp\/v2\/product"}],"about":[{"href":"https:\/\/stoic-curie.212-227-153-4.plesk.page\/pt\/wp-json\/wp\/v2\/types\/product"}],"replies":[{"embeddable":true,"href":"https:\/\/stoic-curie.212-227-153-4.plesk.page\/pt\/wp-json\/wp\/v2\/comments?post=5791365"}],"version-history":[{"count":0,"href":"https:\/\/stoic-curie.212-227-153-4.plesk.page\/pt\/wp-json\/wp\/v2\/product\/5791365\/revisions"}],"wp:featuredmedia":[{"embeddable":true,"href":"https:\/\/stoic-curie.212-227-153-4.plesk.page\/pt\/wp-json\/wp\/v2\/media\/5790032"}],"wp:attachment":[{"href":"https:\/\/stoic-curie.212-227-153-4.plesk.page\/pt\/wp-json\/wp\/v2\/media?parent=5791365"}],"wp:term":[{"taxonomy":"product_brand","embeddable":true,"href":"https:\/\/stoic-curie.212-227-153-4.plesk.page\/pt\/wp-json\/wp\/v2\/product_brand?post=5791365"},{"taxonomy":"product_cat","embeddable":true,"href":"https:\/\/stoic-curie.212-227-153-4.plesk.page\/pt\/wp-json\/wp\/v2\/product_cat?post=5791365"},{"taxonomy":"product_tag","embeddable":true,"href":"https:\/\/stoic-curie.212-227-153-4.plesk.page\/pt\/wp-json\/wp\/v2\/product_tag?post=5791365"}],"curies":[{"name":"wp","href":"https:\/\/api.w.org\/{rel}","templated":true}]}}