{"id":5838570,"date":"2026-02-17T17:01:19","date_gmt":"2026-02-17T16:01:19","guid":{"rendered":"https:\/\/stoic-curie.212-227-153-4.plesk.page\/product\/barbatana-de-protecao-panther-safe-skeg-para-motores-yamaha-2t-40-48-50-85-2000\/"},"modified":"2026-02-25T00:29:03","modified_gmt":"2026-02-25T00:29:03","slug":"barbatana-de-protecao-panther-safe-skeg-para-motores-yamaha-2t-40-48-50-85-2000","status":"publish","type":"product","link":"https:\/\/stoic-curie.212-227-153-4.plesk.page\/pt\/product\/barbatana-de-protecao-panther-safe-skeg-para-motores-yamaha-2t-40-48-50-85-2000\/","title":{"rendered":"Barbatana de Prote\u00e7\u00e3o Panther Safe-Skeg para Motores Yamaha 2T 40\/48\/50\/85 &lt;2000"},"content":{"rendered":"<p>Barbatana de Prote\u00e7\u00e3o Panther Safe-Skeg para Motores Yamaha 2T 40\/48\/50\/85 &lt;2000 &#8211; <\/p>\n<p>Essas barbatana de prote\u00e7\u00e3o s\u00e3o feitas de a\u00e7o inoxid\u00e1vel AISI 316L polido em espelho, projetadas especificamente para motores de popa e drives. Elas s\u00e3o extremamente dur\u00e1veis e protegem o skeg original de impactos e arranh\u00f5es, sem comprometer a hidrodin\u00e2mica da unidade de acionamento. Al\u00e9m disso, essas barbatana podem ser usadas como substituto para um skeg danificado ou quebrado. O produto vem com parafusos de montagem e chaves hexagonais para f\u00e1cil instala\u00e7\u00e3o.<\/p>\n","protected":false},"excerpt":{"rendered":"<p>Barbatana de Prote\u00e7\u00e3o Panther Safe-Skeg para Motores Yamaha 2T 40\/48\/50\/85 &lt;2000 &#8211; Essas barbatana de prote\u00e7\u00e3o s\u00e3o feitas de a\u00e7o<\/p>\n","protected":false},"featured_media":5836850,"comment_status":"open","ping_status":"closed","template":"","meta":[],"product_brand":[3392],"product_cat":[2118],"product_tag":[],"class_list":{"0":"post-5838570","1":"product","2":"type-product","3":"status-publish","4":"has-post-thumbnail","6":"product_brand-sierra-marine-pt","7":"product_cat-pecas-para-motores-fora-de-bordo-yamaha","9":"first","10":"instock","11":"shipping-taxable","12":"purchasable","13":"product-type-simple"},"_links":{"self":[{"href":"https:\/\/stoic-curie.212-227-153-4.plesk.page\/pt\/wp-json\/wp\/v2\/product\/5838570","targetHints":{"allow":["GET"]}}],"collection":[{"href":"https:\/\/stoic-curie.212-227-153-4.plesk.page\/pt\/wp-json\/wp\/v2\/product"}],"about":[{"href":"https:\/\/stoic-curie.212-227-153-4.plesk.page\/pt\/wp-json\/wp\/v2\/types\/product"}],"replies":[{"embeddable":true,"href":"https:\/\/stoic-curie.212-227-153-4.plesk.page\/pt\/wp-json\/wp\/v2\/comments?post=5838570"}],"version-history":[{"count":0,"href":"https:\/\/stoic-curie.212-227-153-4.plesk.page\/pt\/wp-json\/wp\/v2\/product\/5838570\/revisions"}],"wp:featuredmedia":[{"embeddable":true,"href":"https:\/\/stoic-curie.212-227-153-4.plesk.page\/pt\/wp-json\/wp\/v2\/media\/5836850"}],"wp:attachment":[{"href":"https:\/\/stoic-curie.212-227-153-4.plesk.page\/pt\/wp-json\/wp\/v2\/media?parent=5838570"}],"wp:term":[{"taxonomy":"product_brand","embeddable":true,"href":"https:\/\/stoic-curie.212-227-153-4.plesk.page\/pt\/wp-json\/wp\/v2\/product_brand?post=5838570"},{"taxonomy":"product_cat","embeddable":true,"href":"https:\/\/stoic-curie.212-227-153-4.plesk.page\/pt\/wp-json\/wp\/v2\/product_cat?post=5838570"},{"taxonomy":"product_tag","embeddable":true,"href":"https:\/\/stoic-curie.212-227-153-4.plesk.page\/pt\/wp-json\/wp\/v2\/product_tag?post=5838570"}],"curies":[{"name":"wp","href":"https:\/\/api.w.org\/{rel}","templated":true}]}}