{"id":5838571,"date":"2026-02-17T17:01:19","date_gmt":"2026-02-17T16:01:19","guid":{"rendered":"https:\/\/stoic-curie.212-227-153-4.plesk.page\/product\/vinhetas-de-protecao-panther-safe-skeg-para-motores-honda-4t\/"},"modified":"2026-02-25T00:29:03","modified_gmt":"2026-02-25T00:29:03","slug":"vinhetas-de-protecao-panther-safe-skeg-para-motores-honda-4t","status":"publish","type":"product","link":"https:\/\/stoic-curie.212-227-153-4.plesk.page\/pt\/product\/vinhetas-de-protecao-panther-safe-skeg-para-motores-honda-4t\/","title":{"rendered":"Vinhetas de Prote\u00e7\u00e3o Panther Safe-Skeg para Motores Honda 4T"},"content":{"rendered":"<p>Vinhetas de Prote\u00e7\u00e3o Panther Safe-Skeg para Motores Honda 4T &#8211; <\/p>\n<p>Estas vinhetas de prote\u00e7\u00e3o s\u00e3o feitas de a\u00e7o inoxid\u00e1vel AISI 316L polido a espelho, projetadas especificamente para motores fora de borda e propulsores de popa. S\u00e3o extremamente robustas e protegem o skeg original de impactos e riscos, sem comprometer a hidrodin\u00e2mica da unidade de propuls\u00e3o. Al\u00e9m disso, podem ser usadas como substituta para um skeg danificado ou quebrado. O produto \u00e9 fornecido com parafusos de montagem e chaves hexagonais.<\/p>\n","protected":false},"excerpt":{"rendered":"<p>Vinhetas de Prote\u00e7\u00e3o Panther Safe-Skeg para Motores Honda 4T &#8211; Estas vinhetas de prote\u00e7\u00e3o s\u00e3o feitas de a\u00e7o inoxid\u00e1vel AISI<\/p>\n","protected":false},"featured_media":5836850,"comment_status":"open","ping_status":"closed","template":"","meta":[],"product_brand":[3392],"product_cat":[2112],"product_tag":[],"class_list":{"0":"post-5838571","1":"product","2":"type-product","3":"status-publish","4":"has-post-thumbnail","6":"product_brand-sierra-marine-pt","7":"product_cat-pecas-para-motores-fora-de-bordo-honda","9":"first","10":"instock","11":"shipping-taxable","12":"purchasable","13":"product-type-simple"},"_links":{"self":[{"href":"https:\/\/stoic-curie.212-227-153-4.plesk.page\/pt\/wp-json\/wp\/v2\/product\/5838571","targetHints":{"allow":["GET"]}}],"collection":[{"href":"https:\/\/stoic-curie.212-227-153-4.plesk.page\/pt\/wp-json\/wp\/v2\/product"}],"about":[{"href":"https:\/\/stoic-curie.212-227-153-4.plesk.page\/pt\/wp-json\/wp\/v2\/types\/product"}],"replies":[{"embeddable":true,"href":"https:\/\/stoic-curie.212-227-153-4.plesk.page\/pt\/wp-json\/wp\/v2\/comments?post=5838571"}],"version-history":[{"count":0,"href":"https:\/\/stoic-curie.212-227-153-4.plesk.page\/pt\/wp-json\/wp\/v2\/product\/5838571\/revisions"}],"wp:featuredmedia":[{"embeddable":true,"href":"https:\/\/stoic-curie.212-227-153-4.plesk.page\/pt\/wp-json\/wp\/v2\/media\/5836850"}],"wp:attachment":[{"href":"https:\/\/stoic-curie.212-227-153-4.plesk.page\/pt\/wp-json\/wp\/v2\/media?parent=5838571"}],"wp:term":[{"taxonomy":"product_brand","embeddable":true,"href":"https:\/\/stoic-curie.212-227-153-4.plesk.page\/pt\/wp-json\/wp\/v2\/product_brand?post=5838571"},{"taxonomy":"product_cat","embeddable":true,"href":"https:\/\/stoic-curie.212-227-153-4.plesk.page\/pt\/wp-json\/wp\/v2\/product_cat?post=5838571"},{"taxonomy":"product_tag","embeddable":true,"href":"https:\/\/stoic-curie.212-227-153-4.plesk.page\/pt\/wp-json\/wp\/v2\/product_tag?post=5838571"}],"curies":[{"name":"wp","href":"https:\/\/api.w.org\/{rel}","templated":true}]}}