{"id":5838572,"date":"2026-02-17T17:01:20","date_gmt":"2026-02-17T16:01:20","guid":{"rendered":"https:\/\/stoic-curie.212-227-153-4.plesk.page\/product\/nadadeiras-de-protecao-panther-safe-skeg-para-motor-mercruiser-alpha-1-gen-ii-1991\/"},"modified":"2026-02-25T00:29:03","modified_gmt":"2026-02-25T00:29:03","slug":"nadadeiras-de-protecao-panther-safe-skeg-para-motor-mercruiser-alpha-1-gen-ii-1991","status":"publish","type":"product","link":"https:\/\/stoic-curie.212-227-153-4.plesk.page\/pt\/product\/nadadeiras-de-protecao-panther-safe-skeg-para-motor-mercruiser-alpha-1-gen-ii-1991\/","title":{"rendered":"Nadadeiras de Prote\u00e7\u00e3o Panther Safe-Skeg para Motor MerCruiser Alpha 1 Gen II (&gt;1991)"},"content":{"rendered":"<p>Nadadeiras de Prote\u00e7\u00e3o Panther Safe-Skeg para Motor MerCruiser Alpha 1 Gen II (&gt;1991) &#8211; <\/p>\n<p>Estas nadadeiras de prote\u00e7\u00e3o s\u00e3o feitas de a\u00e7o inoxid\u00e1vel AISI 316L polido espelho, adequadas para motores de popa e drives rebat\u00edveis. S\u00e3o extremamente robustas e protegem o skeg original de impactos e arranh\u00f5es, sem comprometer a hidrodin\u00e2mica da unidade de propuls\u00e3o. Al\u00e9m disso, podem ser usadas como substitui\u00e7\u00e3o de um skeg danificado ou quebrado. O produto \u00e9 fornecido com parafusos de montagem e chaves hexagonais.<\/p>\n","protected":false},"excerpt":{"rendered":"<p>Nadadeiras de Prote\u00e7\u00e3o Panther Safe-Skeg para Motor MerCruiser Alpha 1 Gen II (&gt;1991) &#8211; Estas nadadeiras de prote\u00e7\u00e3o s\u00e3o feitas<\/p>\n","protected":false},"featured_media":5836850,"comment_status":"open","ping_status":"closed","template":"","meta":[],"product_brand":[3392],"product_cat":[2117],"product_tag":[],"class_list":{"0":"post-5838572","1":"product","2":"type-product","3":"status-publish","4":"has-post-thumbnail","6":"product_brand-sierra-marine-pt","7":"product_cat-pecas-para-motores-mercruiser","9":"first","10":"instock","11":"shipping-taxable","12":"purchasable","13":"product-type-simple"},"_links":{"self":[{"href":"https:\/\/stoic-curie.212-227-153-4.plesk.page\/pt\/wp-json\/wp\/v2\/product\/5838572","targetHints":{"allow":["GET"]}}],"collection":[{"href":"https:\/\/stoic-curie.212-227-153-4.plesk.page\/pt\/wp-json\/wp\/v2\/product"}],"about":[{"href":"https:\/\/stoic-curie.212-227-153-4.plesk.page\/pt\/wp-json\/wp\/v2\/types\/product"}],"replies":[{"embeddable":true,"href":"https:\/\/stoic-curie.212-227-153-4.plesk.page\/pt\/wp-json\/wp\/v2\/comments?post=5838572"}],"version-history":[{"count":0,"href":"https:\/\/stoic-curie.212-227-153-4.plesk.page\/pt\/wp-json\/wp\/v2\/product\/5838572\/revisions"}],"wp:featuredmedia":[{"embeddable":true,"href":"https:\/\/stoic-curie.212-227-153-4.plesk.page\/pt\/wp-json\/wp\/v2\/media\/5836850"}],"wp:attachment":[{"href":"https:\/\/stoic-curie.212-227-153-4.plesk.page\/pt\/wp-json\/wp\/v2\/media?parent=5838572"}],"wp:term":[{"taxonomy":"product_brand","embeddable":true,"href":"https:\/\/stoic-curie.212-227-153-4.plesk.page\/pt\/wp-json\/wp\/v2\/product_brand?post=5838572"},{"taxonomy":"product_cat","embeddable":true,"href":"https:\/\/stoic-curie.212-227-153-4.plesk.page\/pt\/wp-json\/wp\/v2\/product_cat?post=5838572"},{"taxonomy":"product_tag","embeddable":true,"href":"https:\/\/stoic-curie.212-227-153-4.plesk.page\/pt\/wp-json\/wp\/v2\/product_tag?post=5838572"}],"curies":[{"name":"wp","href":"https:\/\/api.w.org\/{rel}","templated":true}]}}