{"id":5838574,"date":"2026-02-17T17:01:21","date_gmt":"2026-02-17T16:01:21","guid":{"rendered":"https:\/\/stoic-curie.212-227-153-4.plesk.page\/product\/placa-fixa-mini-jacker-tipo-mj-1-dp\/"},"modified":"2026-02-25T00:29:03","modified_gmt":"2026-02-25T00:29:03","slug":"placa-fixa-mini-jacker-tipo-mj-1-dp","status":"publish","type":"product","link":"https:\/\/stoic-curie.212-227-153-4.plesk.page\/pt\/product\/placa-fixa-mini-jacker-tipo-mj-1-dp\/","title":{"rendered":"Placa Fixa Mini Jacker Tipo MJ-1-DP"},"content":{"rendered":"<p>Placa Fixa Mini Jacker Tipo MJ-1-DP &#8211; <\/p>\n<p>Placa fixa de alum\u00ednio fundido para motores de popa de at\u00e9 35 HP e 68 kg. Ideal para montar motores de eixo longo em barcos com transoms baixos, ajuda a otimizar a posi\u00e7\u00e3o da h\u00e9lice para melhorar o desempenho e a manobrabilidade. Oferece 102 mm de recuo e 76 mm de eleva\u00e7\u00e3o vertical.<\/p>\n","protected":false},"excerpt":{"rendered":"<p>Placa Fixa Mini Jacker Tipo MJ-1-DP &#8211; Placa fixa de alum\u00ednio fundido para motores de popa de at\u00e9 35 HP<\/p>\n","protected":false},"featured_media":5836875,"comment_status":"open","ping_status":"closed","template":"","meta":[],"product_brand":[3207],"product_cat":[2114],"product_tag":[],"class_list":{"0":"post-5838574","1":"product","2":"type-product","3":"status-publish","4":"has-post-thumbnail","6":"product_brand-nova-argonautica-pt","7":"product_cat-acessorios-para-motores-fora-de-bordo","9":"first","10":"instock","11":"shipping-taxable","12":"purchasable","13":"product-type-simple"},"_links":{"self":[{"href":"https:\/\/stoic-curie.212-227-153-4.plesk.page\/pt\/wp-json\/wp\/v2\/product\/5838574","targetHints":{"allow":["GET"]}}],"collection":[{"href":"https:\/\/stoic-curie.212-227-153-4.plesk.page\/pt\/wp-json\/wp\/v2\/product"}],"about":[{"href":"https:\/\/stoic-curie.212-227-153-4.plesk.page\/pt\/wp-json\/wp\/v2\/types\/product"}],"replies":[{"embeddable":true,"href":"https:\/\/stoic-curie.212-227-153-4.plesk.page\/pt\/wp-json\/wp\/v2\/comments?post=5838574"}],"version-history":[{"count":0,"href":"https:\/\/stoic-curie.212-227-153-4.plesk.page\/pt\/wp-json\/wp\/v2\/product\/5838574\/revisions"}],"wp:featuredmedia":[{"embeddable":true,"href":"https:\/\/stoic-curie.212-227-153-4.plesk.page\/pt\/wp-json\/wp\/v2\/media\/5836875"}],"wp:attachment":[{"href":"https:\/\/stoic-curie.212-227-153-4.plesk.page\/pt\/wp-json\/wp\/v2\/media?parent=5838574"}],"wp:term":[{"taxonomy":"product_brand","embeddable":true,"href":"https:\/\/stoic-curie.212-227-153-4.plesk.page\/pt\/wp-json\/wp\/v2\/product_brand?post=5838574"},{"taxonomy":"product_cat","embeddable":true,"href":"https:\/\/stoic-curie.212-227-153-4.plesk.page\/pt\/wp-json\/wp\/v2\/product_cat?post=5838574"},{"taxonomy":"product_tag","embeddable":true,"href":"https:\/\/stoic-curie.212-227-153-4.plesk.page\/pt\/wp-json\/wp\/v2\/product_tag?post=5838574"}],"curies":[{"name":"wp","href":"https:\/\/api.w.org\/{rel}","templated":true}]}}